{"id":694108,"date":"2025-08-27T14:18:58","date_gmt":"2025-08-27T11:18:58","guid":{"rendered":"https:\/\/roveyayinevi.com.tr\/index.php\/urun\/kral-arthur-merlin-ve-yuvarlak-masa-sovalyeleri\/"},"modified":"2025-12-30T09:43:08","modified_gmt":"2025-12-30T06:43:08","slug":"kral-arthur-merlin-ve-yuvarlak-masa-sovalyeleri","status":"publish","type":"product","link":"https:\/\/roveyayinevi.com.tr\/index.php\/urun\/kral-arthur-merlin-ve-yuvarlak-masa-sovalyeleri\/","title":{"rendered":"Kral Arthur, Merlin ve Yuvarlak Masa \u015e\u00f6valyeleri"},"content":{"rendered":"<p>Kral Arthur&#8217;un, Yuvarlak Masa \u015e\u00f6valyeleri&#8217;nin ve Merlin&#8217;in \u00f6yk\u00fcleri orta\u00e7a\u011f boyunca defalarca anlat\u0131lm\u0131\u015f ve \u00e7o\u011fu da yazarlar\u0131 bilinmeyen kitaplar halinde \u0130ngiltere ve Fransa&#8217;da elden ele dola\u015fm\u0131\u015ft\u0131r. Hatta bu \u00f6yk\u00fclerdeki kimi \u015f\u00f6valyelerin ser\u00fcvenleri, Alman edebiyat\u0131n\u0131n da kaynak metinlerini olu\u015fturmu\u015ftur. 1469-1470 tarihlerinde, hayat\u0131 hakk\u0131nda hemen hemen hi\u00e7bir\u015fey bilmedi\u011fimiz Sir Thomas Malory adl\u0131 bir \u0130ngiliz \u015f\u00f6valyesi, b\u00fct\u00fcn bu Arthur \u00f6yk\u00fclerinden yararlanarak, \u0130ngiliz edebiyat\u0131n\u0131n ilk ba\u015fyap\u0131t\u0131 olan Morte d&#8217;Arthur&#8217;u yazm\u0131\u015ft\u0131r. \u0130ngiliz edebiyat\u0131 uzmanlar\u0131 d\u0131\u015f\u0131ndaki b\u00fcy\u00fcklerin bile okumakta zorland\u0131\u011f\u0131 bu m\u00fcthi\u015f kitab\u0131 Bilgin Adal\u0131 gen\u00e7 okurlar i\u00e7in en merakl\u0131 ser\u00fcvenlerden bir se\u00e7me yaparak, dilimize uyarlad\u0131. Pek \u00e7ok filme de konu olmu\u015f bu \u00f6yk\u00fcler sizi \u015f\u00f6valyeler d\u00fcnyas\u0131na s\u00fcr\u00fckleyecek. \ufffcTan\u0131t\u0131m Metni<\/p>\n","protected":false},"excerpt":{"rendered":"<p>Kral Arthur&#8217;un, Yuvarlak Masa \u015e\u00f6valyeleri&#8217;nin ve Merlin&#8217;in \u00f6yk\u00fcleri orta\u00e7a\u011f boyunca defalarca anlat\u0131lm\u0131\u015f ve \u00e7o\u011fu da yazarlar\u0131 bilinmeyen kitaplar halinde \u0130ngiltere ve Fransa&#8217;da elden ele dola\u015fm\u0131\u015ft\u0131r. Hatta<span class=\"excerpt-hellip\"> [\u2026]<\/span><\/p>\n","protected":false},"featured_media":0,"template":"","meta":{"_monsterinsights_skip_tracking":false,"_monsterinsights_sitenote_active":false,"_monsterinsights_sitenote_note":"","_monsterinsights_sitenote_category":0},"product_brand":[],"product_cat":[12291,12866],"product_tag":[],"class_list":{"0":"post-694108","1":"product","2":"type-product","3":"status-publish","5":"product_cat-edebiyat","6":"product_cat-ingiliz-edebiyati","7":"pa_cilt-ciltsiz","8":"pa_tur-kitap","9":"pa_yayinevi-yapi-kredi-yayinlari","10":"pa_yazar-sir-thomas-malory","12":"first","13":"instock","14":"sale","15":"shipping-taxable","16":"purchasable","17":"product-type-simple"},"_links":{"self":[{"href":"https:\/\/roveyayinevi.com.tr\/index.php\/wp-json\/wp\/v2\/product\/694108","targetHints":{"allow":["GET"]}}],"collection":[{"href":"https:\/\/roveyayinevi.com.tr\/index.php\/wp-json\/wp\/v2\/product"}],"about":[{"href":"https:\/\/roveyayinevi.com.tr\/index.php\/wp-json\/wp\/v2\/types\/product"}],"wp:attachment":[{"href":"https:\/\/roveyayinevi.com.tr\/index.php\/wp-json\/wp\/v2\/media?parent=694108"}],"wp:term":[{"taxonomy":"product_brand","embeddable":true,"href":"https:\/\/roveyayinevi.com.tr\/index.php\/wp-json\/wp\/v2\/product_brand?post=694108"},{"taxonomy":"product_cat","embeddable":true,"href":"https:\/\/roveyayinevi.com.tr\/index.php\/wp-json\/wp\/v2\/product_cat?post=694108"},{"taxonomy":"product_tag","embeddable":true,"href":"https:\/\/roveyayinevi.com.tr\/index.php\/wp-json\/wp\/v2\/product_tag?post=694108"}],"curies":[{"name":"wp","href":"https:\/\/api.w.org\/{rel}","templated":true}]}}