{"id":694103,"date":"2025-08-27T14:18:57","date_gmt":"2025-08-27T11:18:57","guid":{"rendered":"https:\/\/roveyayinevi.com.tr\/index.php\/urun\/leviathan\/"},"modified":"2026-04-16T02:03:57","modified_gmt":"2026-04-15T23:03:57","slug":"leviathan","status":"publish","type":"product","link":"https:\/\/roveyayinevi.com.tr\/index.php\/urun\/leviathan\/","title":{"rendered":"Leviathan"},"content":{"rendered":"<p>\u0130ngiliz filozof ve siyaset kuramc\u0131s\u0131 Thomas Hobbes&#8217;un (1588-1679) ba\u015fyap\u0131t\u0131 kabul edilen Levithan, \u00f6zellikle, bir din ve d\u00fcnya devleti nin olu\u015fturulmas\u0131nda bireyler aras\u0131 toplumsal s\u00f6zle\u015fmeye verdi\u011fi \u00f6nem ve ahlak kurallar\u0131n\u0131 tamamen laik ve do\u011fal bir temele oturtu\u015fuyla dikkat \u00e7eker. Hobbes, 1651&#8217;de yay\u0131mlad\u0131\u011f\u0131 bu kitab\u0131nda, Tanr\u0131&#8217;n\u0131n buyruklar\u0131 olan do\u011fa yasalar\u0131ndan yola \u00e7\u0131karak, ideal devletin olu\u015fturulmas\u0131 yollar\u0131n\u0131 g\u00f6sterir; ayr\u0131ca hem dinsel, hem de toplumsal-e\u011fitimsel gerek\u00e7elerle \u00e7a\u011f\u0131n\u0131n \u00fcniversite sistemine ele\u015ftiriler y\u00f6neltir. Leviathan, Bat\u0131 siyaset biliminde Machiavelli&#8217;nin H\u00fck\u00fcmdar&#8217;\u0131 \u00f6l\u00e7\u00fcs\u00fcnde \u00f6nemli bir ba\u015fyap\u0131tt\u0131r. \ufffcTan\u0131t\u0131m Metni<\/p>\n","protected":false},"excerpt":{"rendered":"<p>\u0130ngiliz filozof ve siyaset kuramc\u0131s\u0131 Thomas Hobbes&#8217;un (1588-1679) ba\u015fyap\u0131t\u0131 kabul edilen Levithan, \u00f6zellikle, bir din ve d\u00fcnya devleti nin olu\u015fturulmas\u0131nda bireyler aras\u0131 toplumsal s\u00f6zle\u015fmeye verdi\u011fi \u00f6nem<span class=\"excerpt-hellip\"> [\u2026]<\/span><\/p>\n","protected":false},"featured_media":0,"template":"","meta":{"_monsterinsights_skip_tracking":false,"_monsterinsights_sitenote_active":false,"_monsterinsights_sitenote_note":"","_monsterinsights_sitenote_category":0},"product_brand":[],"product_cat":[12312,12304],"product_tag":[],"class_list":{"0":"post-694103","1":"product","2":"type-product","3":"status-publish","5":"product_cat-diger","6":"product_cat-tarih","7":"pa_cilt-ciltsiz","8":"pa_tur-kitap","9":"pa_yayinevi-yapi-kredi-yayinlari","10":"pa_yazar-thomas-hobbes","12":"first","13":"instock","14":"sale","15":"shipping-taxable","16":"purchasable","17":"product-type-simple"},"_links":{"self":[{"href":"https:\/\/roveyayinevi.com.tr\/index.php\/wp-json\/wp\/v2\/product\/694103","targetHints":{"allow":["GET"]}}],"collection":[{"href":"https:\/\/roveyayinevi.com.tr\/index.php\/wp-json\/wp\/v2\/product"}],"about":[{"href":"https:\/\/roveyayinevi.com.tr\/index.php\/wp-json\/wp\/v2\/types\/product"}],"wp:attachment":[{"href":"https:\/\/roveyayinevi.com.tr\/index.php\/wp-json\/wp\/v2\/media?parent=694103"}],"wp:term":[{"taxonomy":"product_brand","embeddable":true,"href":"https:\/\/roveyayinevi.com.tr\/index.php\/wp-json\/wp\/v2\/product_brand?post=694103"},{"taxonomy":"product_cat","embeddable":true,"href":"https:\/\/roveyayinevi.com.tr\/index.php\/wp-json\/wp\/v2\/product_cat?post=694103"},{"taxonomy":"product_tag","embeddable":true,"href":"https:\/\/roveyayinevi.com.tr\/index.php\/wp-json\/wp\/v2\/product_tag?post=694103"}],"curies":[{"name":"wp","href":"https:\/\/api.w.org\/{rel}","templated":true}]}}