{"id":694100,"date":"2025-08-27T14:18:56","date_gmt":"2025-08-27T11:18:56","guid":{"rendered":"https:\/\/roveyayinevi.com.tr\/index.php\/urun\/kuvayi-milliye-ruhu\/"},"modified":"2026-04-16T02:03:57","modified_gmt":"2026-04-15T23:03:57","slug":"kuvayi-milliye-ruhu","status":"publish","type":"product","link":"https:\/\/roveyayinevi.com.tr\/index.php\/urun\/kuvayi-milliye-ruhu\/","title":{"rendered":"Kuvay\u0131 Milliye Ruhu"},"content":{"rendered":"<p>&#8220;Bu eserde Milli M\u00fccadele y\u0131llar\u0131n\u0131n ve Birinci B\u00fcy\u00fck Millet Meclisi&#8217;nin tarihinden \u00e7arp\u0131c\u0131 kesitler bulacaks\u0131n\u0131z. Biz burada T\u00fcrk ink\u0131lab\u0131n\u0131n hedef ve gayelerinden birisini, ulusal egemenlik ilkesini temel al\u0131yoruz. Ulusal egemenlik ilkesi ulusal bir ruhtan do\u011fdu. O ruha &#8216;Kuvay\u0131 Milliye Ruhu&#8217; diyoruz ve onun ortaya \u00e7\u0131k\u0131\u015f\u0131n\u0131 g\u00f6stermeye \u00e7al\u0131\u015f\u0131yoruz. O g\u00fcnde bug\u00fcne bunal\u0131ml\u0131 d\u00f6nemlerde &#8216;Kuvay\u0131 Milliye Ruhu&#8217;na d\u00f6nmek ihtiyac\u0131 duyuldu. Fakat bu ruh kolayl\u0131kla giyilip \u00e7\u0131kart\u0131lan bir elbise de\u011fildir. Ona d\u00f6nmek demek onun b\u00fct\u00fcn gereklerini yerine getirmek demektir. T\u00fcrk gen\u00e7li\u011fine &#8216;Kuvay\u0131 Milliye ruhuna d\u00f6n&#8217; dedi\u011fimiz zaman, o bize, bu ruh nedir diye sormaktad\u0131r. Ben bu kitab\u0131mda yaln\u0131z ve yaln\u0131z buna cevap vermeye \u00e7al\u0131yorum. Kulland\u0131\u011f\u0131m malzemenin bana ait olan\u0131 pek az, tarihten virg\u00fcl\u00fcne kadar al\u0131nm\u0131\u015f olan\u0131 ise b\u00fcy\u00fck b\u00f6l\u00fcm\u00fcn\u00fc olu\u015fturmaktad\u0131r.&#8221;<\/p>\n","protected":false},"excerpt":{"rendered":"<p>&#8220;Bu eserde Milli M\u00fccadele y\u0131llar\u0131n\u0131n ve Birinci B\u00fcy\u00fck Millet Meclisi&#8217;nin tarihinden \u00e7arp\u0131c\u0131 kesitler bulacaks\u0131n\u0131z. Biz burada T\u00fcrk ink\u0131lab\u0131n\u0131n hedef ve gayelerinden birisini, ulusal egemenlik ilkesini temel<span class=\"excerpt-hellip\"> [\u2026]<\/span><\/p>\n","protected":false},"featured_media":0,"template":"","meta":{"_monsterinsights_skip_tracking":false,"_monsterinsights_sitenote_active":false,"_monsterinsights_sitenote_note":"","_monsterinsights_sitenote_category":0},"product_brand":[],"product_cat":[12304,13493],"product_tag":[],"class_list":{"0":"post-694100","1":"product","2":"type-product","3":"status-publish","5":"product_cat-tarih","6":"product_cat-turkiye-ve-cumhuriyet-tarihi","7":"pa_cilt-ciltsiz","8":"pa_tur-kitap","9":"pa_yayinevi-yapi-kredi-yayinlari","10":"pa_yazar-samet-agaoglu","12":"first","13":"instock","14":"sale","15":"shipping-taxable","16":"purchasable","17":"product-type-simple"},"_links":{"self":[{"href":"https:\/\/roveyayinevi.com.tr\/index.php\/wp-json\/wp\/v2\/product\/694100","targetHints":{"allow":["GET"]}}],"collection":[{"href":"https:\/\/roveyayinevi.com.tr\/index.php\/wp-json\/wp\/v2\/product"}],"about":[{"href":"https:\/\/roveyayinevi.com.tr\/index.php\/wp-json\/wp\/v2\/types\/product"}],"wp:attachment":[{"href":"https:\/\/roveyayinevi.com.tr\/index.php\/wp-json\/wp\/v2\/media?parent=694100"}],"wp:term":[{"taxonomy":"product_brand","embeddable":true,"href":"https:\/\/roveyayinevi.com.tr\/index.php\/wp-json\/wp\/v2\/product_brand?post=694100"},{"taxonomy":"product_cat","embeddable":true,"href":"https:\/\/roveyayinevi.com.tr\/index.php\/wp-json\/wp\/v2\/product_cat?post=694100"},{"taxonomy":"product_tag","embeddable":true,"href":"https:\/\/roveyayinevi.com.tr\/index.php\/wp-json\/wp\/v2\/product_tag?post=694100"}],"curies":[{"name":"wp","href":"https:\/\/api.w.org\/{rel}","templated":true}]}}