{"id":694098,"date":"2025-08-27T14:18:56","date_gmt":"2025-08-27T11:18:56","guid":{"rendered":"https:\/\/roveyayinevi.com.tr\/index.php\/urun\/kulturun-abcsi\/"},"modified":"2026-04-16T02:03:57","modified_gmt":"2026-04-15T23:03:57","slug":"kulturun-abcsi","status":"publish","type":"product","link":"https:\/\/roveyayinevi.com.tr\/index.php\/urun\/kulturun-abcsi\/","title":{"rendered":"K\u00fclt\u00fcr\u00fcn ABC\u2019si"},"content":{"rendered":"<p>Bozkurt G\u00fcven\u00e7; T\u00fcrkiye&#8217;de sosyal bilimlerin temel ta\u015flar\u0131ndan biri&#8230; \u00c7al\u0131\u015fmalar\u0131nda, sosyal antropolojiyle ilgili sorunlar i\u00e7inde en \u00e7ok k\u00fclt\u00fcr kavram\u0131 \u00fczerinde duran G\u00fcven\u00e7&#8217;ten, sosyal bilimlerin bu en temel ve en \u00e7etrefilli kavram\u0131 \u00fczerine \u00f6zenle haz\u0131rlanm\u0131\u015f \u00e7ok y\u00f6nl\u00fc bir deneme&#8230; K\u00fclt\u00fcr\u00fcn ABC&#8217;si: K\u00fclt\u00fcr\u00fc tan\u0131tmaya, sevdirmeye \u00e7al\u0131\u015fan, herkesin k\u00fclt\u00fcr kavram\u0131yla ilgili istedi\u011fi b\u00f6l\u00fcm\u00fc keyifle okuyabilece\u011fi, sorular\u0131na yan\u0131t bulabilece\u011fi ve yeni yeni sorular olu\u015ftaracak ger\u00e7ek bir ABC&#8230; \ufffcTan\u0131t\u0131m Metni<\/p>\n","protected":false},"excerpt":{"rendered":"<p>Bozkurt G\u00fcven\u00e7; T\u00fcrkiye&#8217;de sosyal bilimlerin temel ta\u015flar\u0131ndan biri&#8230; \u00c7al\u0131\u015fmalar\u0131nda, sosyal antropolojiyle ilgili sorunlar i\u00e7inde en \u00e7ok k\u00fclt\u00fcr kavram\u0131 \u00fczerinde duran G\u00fcven\u00e7&#8217;ten, sosyal bilimlerin bu en temel<span class=\"excerpt-hellip\"> [\u2026]<\/span><\/p>\n","protected":false},"featured_media":0,"template":"","meta":{"_monsterinsights_skip_tracking":false,"_monsterinsights_sitenote_active":false,"_monsterinsights_sitenote_note":"","_monsterinsights_sitenote_category":0},"product_brand":[],"product_cat":[13633,12324],"product_tag":[],"class_list":{"0":"post-694098","1":"product","2":"type-product","3":"status-publish","5":"product_cat-kultur-ve-bilim","6":"product_cat-sosyoloji","7":"pa_cilt-ciltsiz","8":"pa_tur-kitap","9":"pa_yayinevi-yapi-kredi-yayinlari","10":"pa_yazar-bozkurt-guvenc","12":"first","13":"instock","14":"sale","15":"shipping-taxable","16":"purchasable","17":"product-type-simple"},"_links":{"self":[{"href":"https:\/\/roveyayinevi.com.tr\/index.php\/wp-json\/wp\/v2\/product\/694098","targetHints":{"allow":["GET"]}}],"collection":[{"href":"https:\/\/roveyayinevi.com.tr\/index.php\/wp-json\/wp\/v2\/product"}],"about":[{"href":"https:\/\/roveyayinevi.com.tr\/index.php\/wp-json\/wp\/v2\/types\/product"}],"wp:attachment":[{"href":"https:\/\/roveyayinevi.com.tr\/index.php\/wp-json\/wp\/v2\/media?parent=694098"}],"wp:term":[{"taxonomy":"product_brand","embeddable":true,"href":"https:\/\/roveyayinevi.com.tr\/index.php\/wp-json\/wp\/v2\/product_brand?post=694098"},{"taxonomy":"product_cat","embeddable":true,"href":"https:\/\/roveyayinevi.com.tr\/index.php\/wp-json\/wp\/v2\/product_cat?post=694098"},{"taxonomy":"product_tag","embeddable":true,"href":"https:\/\/roveyayinevi.com.tr\/index.php\/wp-json\/wp\/v2\/product_tag?post=694098"}],"curies":[{"name":"wp","href":"https:\/\/api.w.org\/{rel}","templated":true}]}}