{"id":694096,"date":"2025-08-27T14:18:55","date_gmt":"2025-08-27T11:18:55","guid":{"rendered":"https:\/\/roveyayinevi.com.tr\/index.php\/urun\/klingsorun-son-yazi\/"},"modified":"2026-04-16T02:03:57","modified_gmt":"2026-04-15T23:03:57","slug":"klingsorun-son-yazi","status":"publish","type":"product","link":"https:\/\/roveyayinevi.com.tr\/index.php\/urun\/klingsorun-son-yazi\/","title":{"rendered":"Klingsor\u2019un Son Yaz\u0131"},"content":{"rendered":"<p>KLINGSOR\u2019UN SON YAZI, ya\u015fam\u0131n\u0131 resim sanat\u0131na adam\u0131\u015f, yar\u0131na de\u011fil yokolu\u015fa inanan, bu y\u00fczden duygular\u0131 y\u00fccelterek an\u0131 ya\u015famay\u0131 se\u00e7en d\u0131\u015favurumcu ressam Klingsor\u2019un \u00f6l\u00fcm\u00fcn\u00fcn yakla\u015ft\u0131\u011f\u0131n\u0131 sezmesinin ard\u0131ndan hararetli g\u00fcnd\u00fczler ve geceler boyunca, arzuyla sanat\u0131n\u0131 birle\u015ftirdi\u011fi, son yap\u0131t\u0131n\u0131 \u2013otoportresini\u2013 tamamlayabilmek i\u00e7in sava\u015f\u0131m\u0131na sahne olan hayat\u0131n\u0131n son yaz\u0131na ait k\u0131sa ve esrik yolculu\u011funu anlat\u0131r.   Hesse\u2019nin 1919 yaz\u0131nda Tessin\u2019de yo\u011fun resim \u00e7al\u0131\u015fmalar\u0131 yapt\u0131\u011f\u0131 bir d\u00f6nemde, KLEIN VE WAGNER anlat\u0131s\u0131 ile pe\u015f pe\u015fe, birka\u00e7 hafta i\u00e7inde kaleme ald\u0131\u011f\u0131 KLINGSOR\u2019UN SON YAZI yazar\u0131n inanc\u0131n\u0131 yans\u0131tan, \u00f6zg\u00fcrle\u015fme yolunda at\u0131lm\u0131\u015f bir ad\u0131md\u0131r.     Alman d\u0131\u015favurumculu\u011funun edebiyat alan\u0131ndaki doruklar\u0131ndan biri olan Klingsor\u2019un Son Yaz\u0131 parlak, \u00e7arp\u0131c\u0131 ve saf renklerle dolu k\u00fc\u00e7\u00fck bir palet; renklerle yaz\u0131lm\u0131\u015f bir senfoni, s\u00f6zc\u00fcklerle renklenmi\u015f bir tablolar dizisidir.      \u201cKor haline gelmi\u015f g\u00fcnd\u00fczlerde k\u00f6ylerin ve kestane ormanlar\u0131n\u0131n i\u00e7inden y\u00fcr\u00fcy\u00fcp dola\u015ft\u0131m, a\u00e7\u0131l\u0131p katlan\u0131r k\u00fc\u00e7\u00fck iskemleme oturup sel gibi ta\u015fan b\u00fcy\u00fcy\u00fc biraz olsun suluboya resimlerle muhafaza etmeyi denedim; s\u0131cak gecelerde ge\u00e7 saatlere dek Klingsor\u2019un k\u00f6\u015fk\u00fcnde oturdum ve f\u0131r\u00e7ayla becerebildi\u011fime oranla bir miktar daha deneyimli ve daha ihtiyatl\u0131 bi\u00e7imde, bu e\u015fi g\u00f6r\u00fclmemi\u015f yaz\u0131n \u015fark\u0131s\u0131n\u0131 s\u00f6zc\u00fcklerle s\u00f6ylemeye giri\u015ftim. Ressam Klingsor\u2019un \u00f6yk\u00fcs\u00fc i\u015fte b\u00f6yle ortaya \u00e7\u0131kt\u0131.\u201d (Hermann Hesse, \u201cKlingsor\u2019un Yaz\u0131\u2019n\u0131 An\u0131msama\u201d, 1938) <\/p>\n","protected":false},"excerpt":{"rendered":"<p>KLINGSOR\u2019UN SON YAZI, ya\u015fam\u0131n\u0131 resim sanat\u0131na adam\u0131\u015f, yar\u0131na de\u011fil yokolu\u015fa inanan, bu y\u00fczden duygular\u0131 y\u00fccelterek an\u0131 ya\u015famay\u0131 se\u00e7en d\u0131\u015favurumcu ressam Klingsor\u2019un \u00f6l\u00fcm\u00fcn\u00fcn yakla\u015ft\u0131\u011f\u0131n\u0131 sezmesinin ard\u0131ndan hararetli<span class=\"excerpt-hellip\"> [\u2026]<\/span><\/p>\n","protected":false},"featured_media":0,"template":"","meta":{"_monsterinsights_skip_tracking":false,"_monsterinsights_sitenote_active":false,"_monsterinsights_sitenote_note":"","_monsterinsights_sitenote_category":0},"product_brand":[],"product_cat":[12782,12291],"product_tag":[],"class_list":{"0":"post-694096","1":"product","2":"type-product","3":"status-publish","5":"product_cat-alman-edebiyati","6":"product_cat-edebiyat","7":"pa_cilt-ciltsiz","8":"pa_tur-kitap","9":"pa_yayinevi-yapi-kredi-yayinlari","10":"pa_yazar-hermann-hesse","12":"first","13":"instock","14":"sale","15":"shipping-taxable","16":"purchasable","17":"product-type-simple"},"_links":{"self":[{"href":"https:\/\/roveyayinevi.com.tr\/index.php\/wp-json\/wp\/v2\/product\/694096","targetHints":{"allow":["GET"]}}],"collection":[{"href":"https:\/\/roveyayinevi.com.tr\/index.php\/wp-json\/wp\/v2\/product"}],"about":[{"href":"https:\/\/roveyayinevi.com.tr\/index.php\/wp-json\/wp\/v2\/types\/product"}],"wp:attachment":[{"href":"https:\/\/roveyayinevi.com.tr\/index.php\/wp-json\/wp\/v2\/media?parent=694096"}],"wp:term":[{"taxonomy":"product_brand","embeddable":true,"href":"https:\/\/roveyayinevi.com.tr\/index.php\/wp-json\/wp\/v2\/product_brand?post=694096"},{"taxonomy":"product_cat","embeddable":true,"href":"https:\/\/roveyayinevi.com.tr\/index.php\/wp-json\/wp\/v2\/product_cat?post=694096"},{"taxonomy":"product_tag","embeddable":true,"href":"https:\/\/roveyayinevi.com.tr\/index.php\/wp-json\/wp\/v2\/product_tag?post=694096"}],"curies":[{"name":"wp","href":"https:\/\/api.w.org\/{rel}","templated":true}]}}