{"id":694092,"date":"2025-08-27T14:18:54","date_gmt":"2025-08-27T11:18:54","guid":{"rendered":"https:\/\/roveyayinevi.com.tr\/index.php\/urun\/odun-kesmek\/"},"modified":"2026-04-16T02:03:57","modified_gmt":"2026-04-15T23:03:57","slug":"odun-kesmek","status":"publish","type":"product","link":"https:\/\/roveyayinevi.com.tr\/index.php\/urun\/odun-kesmek\/","title":{"rendered":"Odun Kesmek"},"content":{"rendered":"<p>Odun Kesmek (1984) bir \u201c\u00d6fke\u201dnin, Viyana\u2019da Gentz Soka\u011f\u0131\u2019nda, sanat\u00e7\u0131 \u00e7ift Auersberger\u2019lerin evinde verilen bir yemek davetinin \u00f6yk\u00fcs\u00fcd\u00fcr. Birinci tekil anlat\u0131c\u0131 berjerinde oturup saat on bir bu\u00e7u\u011fa do\u011fru onur konu\u011fu olarak bu yeme\u011fe gelece\u011fine s\u00f6z veren \u00fcnl\u00fc Burg Tiyatrosu oyuncusunu bekleyen toplulu\u011fu g\u00f6zlemlemektedir. Konuklar\u0131n \u00e7o\u011fu, anlat\u0131c\u0131n\u0131n \u201cmasal karakteri\u201d olarak niteledi\u011fi, sanat\u00e7\u0131 arkada\u015f\u0131 Joana\u2019n\u0131n ayn\u0131 g\u00fcn\u00fcn erken saatlerinde Kilb\u2019deki cenazesi vesilesiyle bir araya gelmi\u015ftir. Anlat\u0131c\u0131n\u0131n kontrpuan tekni\u011fiyle ilerleyen, sessiz ama \u00f6fkeli tirad\u0131 boyunca; Joana\u2019n\u0131n ya\u015fam\u0131 ve intihar\u0131 \u00fcst\u00fcne d\u00fc\u015f\u00fcnceleri ile 50\u2019li y\u0131llarda arkada\u015fl\u0131k etti\u011fi insanlara y\u00f6neltti\u011fi aleni su\u00e7lamalar i\u00e7 i\u00e7e ge\u00e7er. Burg oyuncusunun geli\u015fi beklenmedik, tahrip edici bir son do\u011furacakt\u0131r.   Bernhard\u2019\u0131n keskin g\u00f6zlemlerini yergi g\u00fcc\u00fcyle harmanlad\u0131\u011f\u0131, Ibsen ve Strindberg\u2019in eserlerini \u00e7a\u011fr\u0131\u015ft\u0131ran, \u00e7o\u011fu zaman e\u011flenceli, ola\u011fan d\u0131\u015f\u0131 ihtilafl\u0131 roman\u0131 Odun Kesmek ilk yay\u0131mland\u0131\u011f\u0131nda Avusturya\u2019da derhal yasaklanm\u0131\u015ft\u0131.   Muhtemelen Bernhard\u2019\u0131n \u00f6teki kitaplar\u0131ndan hi\u00e7biri b\u00fct\u00fcn yap\u0131t\u0131na daha iyi bir giri\u015f olu\u015fturamaz. Yazar\u0131n keskin zek\u00e2s\u0131n\u0131, ho\u015fnutsuzlu\u011funu ve derin fark\u0131ndal\u0131\u011f\u0131n\u0131 m\u00fckemmel bi\u00e7imde resmetmesinin yan\u0131 s\u0131ra Odun Kesmek \u00e7ok e\u011flenceli bir roman.                  The Washington Post <\/p>\n","protected":false},"excerpt":{"rendered":"<p>Odun Kesmek (1984) bir \u201c\u00d6fke\u201dnin, Viyana\u2019da Gentz Soka\u011f\u0131\u2019nda, sanat\u00e7\u0131 \u00e7ift Auersberger\u2019lerin evinde verilen bir yemek davetinin \u00f6yk\u00fcs\u00fcd\u00fcr. Birinci tekil anlat\u0131c\u0131 berjerinde oturup saat on bir bu\u00e7u\u011fa<span class=\"excerpt-hellip\"> [\u2026]<\/span><\/p>\n","protected":false},"featured_media":0,"template":"","meta":{"_monsterinsights_skip_tracking":false,"_monsterinsights_sitenote_active":false,"_monsterinsights_sitenote_note":"","_monsterinsights_sitenote_category":0},"product_brand":[],"product_cat":[12782,12291],"product_tag":[],"class_list":{"0":"post-694092","1":"product","2":"type-product","3":"status-publish","5":"product_cat-alman-edebiyati","6":"product_cat-edebiyat","7":"pa_cilt-ciltsiz","8":"pa_tur-kitap","9":"pa_yayinevi-yapi-kredi-yayinlari","10":"pa_yazar-thomas-bernhard","12":"first","13":"instock","14":"sale","15":"shipping-taxable","16":"purchasable","17":"product-type-simple"},"_links":{"self":[{"href":"https:\/\/roveyayinevi.com.tr\/index.php\/wp-json\/wp\/v2\/product\/694092","targetHints":{"allow":["GET"]}}],"collection":[{"href":"https:\/\/roveyayinevi.com.tr\/index.php\/wp-json\/wp\/v2\/product"}],"about":[{"href":"https:\/\/roveyayinevi.com.tr\/index.php\/wp-json\/wp\/v2\/types\/product"}],"wp:attachment":[{"href":"https:\/\/roveyayinevi.com.tr\/index.php\/wp-json\/wp\/v2\/media?parent=694092"}],"wp:term":[{"taxonomy":"product_brand","embeddable":true,"href":"https:\/\/roveyayinevi.com.tr\/index.php\/wp-json\/wp\/v2\/product_brand?post=694092"},{"taxonomy":"product_cat","embeddable":true,"href":"https:\/\/roveyayinevi.com.tr\/index.php\/wp-json\/wp\/v2\/product_cat?post=694092"},{"taxonomy":"product_tag","embeddable":true,"href":"https:\/\/roveyayinevi.com.tr\/index.php\/wp-json\/wp\/v2\/product_tag?post=694092"}],"curies":[{"name":"wp","href":"https:\/\/api.w.org\/{rel}","templated":true}]}}