{"id":694090,"date":"2025-08-27T14:18:54","date_gmt":"2025-08-27T11:18:54","guid":{"rendered":"https:\/\/roveyayinevi.com.tr\/index.php\/urun\/oktay-rifat-butun-siirleri-2\/"},"modified":"2026-04-16T02:03:57","modified_gmt":"2026-04-15T23:03:57","slug":"oktay-rifat-butun-siirleri-2","status":"publish","type":"product","link":"https:\/\/roveyayinevi.com.tr\/index.php\/urun\/oktay-rifat-butun-siirleri-2\/","title":{"rendered":"Oktay Rifat &#8211; B\u00fct\u00fcn \u015eiirleri 2"},"content":{"rendered":"<p>&#8220;Aziz muhibbim Oktay, yakas\u0131 a\u00e7\u0131lmam\u0131\u015f bir naz\u0131mdan ve hi\u00e7 i\u015fitilmemi\u015f dilden \u015fiirleri ald\u0131m (&#8230;) Bu \u015fiirler \u00e7ok yeni bir na\u011fme olduklar\u0131 i\u00e7in \u015fimdi turfanda zevkine sahip olanlarca seviliyor. Zaten g\u00f6r\u00fcld\u00fc\u011f\u00fc gibi sevenlerin say\u0131s\u0131 g\u00fcnden g\u00fcne artar, hi\u00e7 \u015fiirden anlamayanlar ise hi\u00e7bir zaman anlamaz, o nev&#8217;i karilere ise zaten ihtiya\u00e7 yoktur.&#8221; \ufffcTan\u0131t\u0131m Metni<\/p>\n","protected":false},"excerpt":{"rendered":"<p>&#8220;Aziz muhibbim Oktay, yakas\u0131 a\u00e7\u0131lmam\u0131\u015f bir naz\u0131mdan ve hi\u00e7 i\u015fitilmemi\u015f dilden \u015fiirleri ald\u0131m (&#8230;) Bu \u015fiirler \u00e7ok yeni bir na\u011fme olduklar\u0131 i\u00e7in \u015fimdi turfanda zevkine sahip<span class=\"excerpt-hellip\"> [\u2026]<\/span><\/p>\n","protected":false},"featured_media":0,"template":"","meta":{"_monsterinsights_skip_tracking":false,"_monsterinsights_sitenote_active":false,"_monsterinsights_sitenote_note":"","_monsterinsights_sitenote_category":0},"product_brand":[],"product_cat":[12291,12292],"product_tag":[],"class_list":{"0":"post-694090","1":"product","2":"type-product","3":"status-publish","5":"product_cat-edebiyat","6":"product_cat-turk-edebiyati","7":"pa_cilt-ciltsiz","8":"pa_tur-kitap","9":"pa_yayinevi-yapi-kredi-yayinlari","10":"pa_yazar-oktay-rifat","12":"first","13":"instock","14":"sale","15":"shipping-taxable","16":"purchasable","17":"product-type-simple"},"_links":{"self":[{"href":"https:\/\/roveyayinevi.com.tr\/index.php\/wp-json\/wp\/v2\/product\/694090","targetHints":{"allow":["GET"]}}],"collection":[{"href":"https:\/\/roveyayinevi.com.tr\/index.php\/wp-json\/wp\/v2\/product"}],"about":[{"href":"https:\/\/roveyayinevi.com.tr\/index.php\/wp-json\/wp\/v2\/types\/product"}],"wp:attachment":[{"href":"https:\/\/roveyayinevi.com.tr\/index.php\/wp-json\/wp\/v2\/media?parent=694090"}],"wp:term":[{"taxonomy":"product_brand","embeddable":true,"href":"https:\/\/roveyayinevi.com.tr\/index.php\/wp-json\/wp\/v2\/product_brand?post=694090"},{"taxonomy":"product_cat","embeddable":true,"href":"https:\/\/roveyayinevi.com.tr\/index.php\/wp-json\/wp\/v2\/product_cat?post=694090"},{"taxonomy":"product_tag","embeddable":true,"href":"https:\/\/roveyayinevi.com.tr\/index.php\/wp-json\/wp\/v2\/product_tag?post=694090"}],"curies":[{"name":"wp","href":"https:\/\/api.w.org\/{rel}","templated":true}]}}