{"id":694088,"date":"2025-08-27T14:18:54","date_gmt":"2025-08-27T11:18:54","guid":{"rendered":"https:\/\/roveyayinevi.com.tr\/index.php\/urun\/nereye-gidiyoruz-baba\/"},"modified":"2026-04-16T02:03:57","modified_gmt":"2026-04-15T23:03:57","slug":"nereye-gidiyoruz-baba","status":"publish","type":"product","link":"https:\/\/roveyayinevi.com.tr\/index.php\/urun\/nereye-gidiyoruz-baba\/","title":{"rendered":"Nereye Gidiyoruz Baba?"},"content":{"rendered":"<p>Anormal bir \u00e7ocu\u011fun pek de e\u011flenceli bir hayat\u0131 yoktur. Her \u015fey en ba\u015f\u0131ndan k\u00f6t\u00fc ba\u015flar. G\u00f6zlerini ilk a\u00e7t\u0131\u011f\u0131nda, be\u015fi\u011finin \u00fczerine e\u011filmi\u015f, ona bakan iki mahvolmu\u015f y\u00fcz g\u00f6r\u00fcr. Baba ve Anne. \u015eunu d\u00fc\u015f\u00fcnmektedirler: &#8216;Bunu bizmi yapt\u0131k?&#8217; Pek de gururlu de\u011fildirler. Bazen sorumlulu\u011fu birbirine atarak a\u011f\u0131z dala\u015f\u0131na girerler. Soya\u011fa\u00e7lar\u0131nda bir yerlerde saklanm\u0131\u015f alkolik bir b\u00fcy\u00fckbaba ya da ya\u015fl\u0131 bir amca arar bulurlar. Bazen de ayr\u0131l\u0131rlar. Asla Kimseyi \u00d6ld\u00fcrmedi Benim Babam&#8217;la (YKY, 2009) s\u0131ra d\u0131\u015f\u0131 bir baba fig\u00fcr\u00fcn\u00fcn g\u00f6lgesinde ge\u00e7en \u00e7ocuklu\u011funu anlatan Jean-Louis Fournier, bu kez s\u0131ra d\u0131\u015f\u0131 \u00e7ocuklar a sahip bir baba olman\u0131n deneyimini payla\u015f\u0131yor. Fournier&#8217;ye 2008 Prix Femine \u00f6d\u00fcl\u00fcn\u00fc kazand\u0131ran Nereye Gidiyoruz Baba? hayat\u0131 oldu\u011fu gibi kabul etmenin bunalt\u0131c\u0131 s\u0131n\u0131rlar\u0131nda gezinen ironik bir anlat\u0131. <\/p>\n","protected":false},"excerpt":{"rendered":"<p>Anormal bir \u00e7ocu\u011fun pek de e\u011flenceli bir hayat\u0131 yoktur. Her \u015fey en ba\u015f\u0131ndan k\u00f6t\u00fc ba\u015flar. G\u00f6zlerini ilk a\u00e7t\u0131\u011f\u0131nda, be\u015fi\u011finin \u00fczerine e\u011filmi\u015f, ona bakan iki mahvolmu\u015f y\u00fcz<span class=\"excerpt-hellip\"> [\u2026]<\/span><\/p>\n","protected":false},"featured_media":0,"template":"","meta":{"_monsterinsights_skip_tracking":false,"_monsterinsights_sitenote_active":false,"_monsterinsights_sitenote_note":"","_monsterinsights_sitenote_category":0},"product_brand":[],"product_cat":[18545,12291],"product_tag":[],"class_list":{"0":"post-694088","1":"product","2":"type-product","3":"status-publish","5":"product_cat-anlati","6":"product_cat-edebiyat","7":"pa_cilt-ciltsiz","8":"pa_tur-kitap","9":"pa_yayinevi-yapi-kredi-yayinlari","10":"pa_yazar-jean-louis-fournier","12":"first","13":"instock","14":"sale","15":"shipping-taxable","16":"purchasable","17":"product-type-simple"},"_links":{"self":[{"href":"https:\/\/roveyayinevi.com.tr\/index.php\/wp-json\/wp\/v2\/product\/694088","targetHints":{"allow":["GET"]}}],"collection":[{"href":"https:\/\/roveyayinevi.com.tr\/index.php\/wp-json\/wp\/v2\/product"}],"about":[{"href":"https:\/\/roveyayinevi.com.tr\/index.php\/wp-json\/wp\/v2\/types\/product"}],"wp:attachment":[{"href":"https:\/\/roveyayinevi.com.tr\/index.php\/wp-json\/wp\/v2\/media?parent=694088"}],"wp:term":[{"taxonomy":"product_brand","embeddable":true,"href":"https:\/\/roveyayinevi.com.tr\/index.php\/wp-json\/wp\/v2\/product_brand?post=694088"},{"taxonomy":"product_cat","embeddable":true,"href":"https:\/\/roveyayinevi.com.tr\/index.php\/wp-json\/wp\/v2\/product_cat?post=694088"},{"taxonomy":"product_tag","embeddable":true,"href":"https:\/\/roveyayinevi.com.tr\/index.php\/wp-json\/wp\/v2\/product_tag?post=694088"}],"curies":[{"name":"wp","href":"https:\/\/api.w.org\/{rel}","templated":true}]}}