{"id":694085,"date":"2025-08-27T14:18:53","date_gmt":"2025-08-27T11:18:53","guid":{"rendered":"https:\/\/roveyayinevi.com.tr\/index.php\/urun\/isik-bahceleri\/"},"modified":"2026-04-16T02:03:57","modified_gmt":"2026-04-15T23:03:57","slug":"isik-bahceleri","status":"publish","type":"product","link":"https:\/\/roveyayinevi.com.tr\/index.php\/urun\/isik-bahceleri\/","title":{"rendered":"I\u015f\u0131k Bah\u00e7eleri"},"content":{"rendered":"<p>\u00c7a\u011fda\u015f\u0131m\u0131z Mani&#8230; Ho\u015fg\u00f6r\u00fc peygemberi Mani&#8230; Amin Maalouf di\u011fer romanlar\u0131nda oldu\u011fu gibi yine bir karakterin ya\u015fam\u0131 \u00fczerinden d\u00fcnyaya a\u00e7\u0131larak yap\u0131t\u0131n\u0131 kuruyor. Mani&#8217;nin inanc\u0131 ve \u00f6yk\u00fcs\u00fc H\u0131ristiyanl\u0131k \u00e7a\u011f\u0131n\u0131n \u015fafa\u011f\u0131nda, \u0130sa&#8217;n\u0131n \u00f6l\u00fcm\u00fcnden iki y\u00fcz y\u0131l sonra ba\u015flar. Bizim \u00e7a\u011f\u0131m\u0131z\u0131n da kahraman\u0131 olabilecek Mani, ya\u015fam \u00f6yk\u00fcs\u00fcyle, son nefesine kadar savundu\u011fu inanc\u0131n\u0131n olu\u015fturdu\u011fu ki\u015fisel tarihiyle, o d\u00f6nemden yani 2. y\u00fczy\u0131ldan beri hala varolan politik sorunlara da i\u015faret etmi\u015f oluyor. Mani&#8217;den bug\u00fcne, sanat ve co\u015fku kayna\u011f\u0131 olan kitaplar\u0131ndan, ba\u011f\u0131\u015flay\u0131c\u0131 dininden, co\u015fkulu aray\u0131\u015flar\u0131ndan, insan, do\u011fa ve tanr\u0131sall\u0131k aras\u0131nda uyum isteyen \u00e7a\u011fr\u0131s\u0131ndan geriye \u00e7ok az \u015fey kalm\u0131\u015f olsa da; ba\u011fnazl\u0131k ve iktidar h\u0131rs\u0131 yap\u0131t\u0131n\u0131 yok etmeye \u00e7al\u0131\u015fsa da Amin Maalouf onun Ayd\u0131nl\u0131klar&#8217;a a\u00e7\u0131lan inanc\u0131n\u0131 ele al\u0131yor ve Mani&#8217;nin \u00f6yk\u00fcs\u00fcyle bug\u00fcne \u0131\u015f\u0131k tutuyor: \u00c7a\u011f\u0131n getirdii\u011fi felaketleri \u00f6ng\u00f6rmeyi nas\u0131l \u00f6\u011frenebiliriz? \ufffc<\/p>\n","protected":false},"excerpt":{"rendered":"<p>\u00c7a\u011fda\u015f\u0131m\u0131z Mani&#8230; Ho\u015fg\u00f6r\u00fc peygemberi Mani&#8230; Amin Maalouf di\u011fer romanlar\u0131nda oldu\u011fu gibi yine bir karakterin ya\u015fam\u0131 \u00fczerinden d\u00fcnyaya a\u00e7\u0131larak yap\u0131t\u0131n\u0131 kuruyor. Mani&#8217;nin inanc\u0131 ve \u00f6yk\u00fcs\u00fc H\u0131ristiyanl\u0131k \u00e7a\u011f\u0131n\u0131n<span class=\"excerpt-hellip\"> [\u2026]<\/span><\/p>\n","protected":false},"featured_media":0,"template":"","meta":{"_monsterinsights_skip_tracking":false,"_monsterinsights_sitenote_active":false,"_monsterinsights_sitenote_note":"","_monsterinsights_sitenote_category":0},"product_brand":[],"product_cat":[13661,12291],"product_tag":[],"class_list":{"0":"post-694085","1":"product","2":"type-product","3":"status-publish","5":"product_cat-diger-ulke-edebiyatlari","6":"product_cat-edebiyat","7":"pa_cilt-ciltsiz","8":"pa_tur-kitap","9":"pa_yayinevi-yapi-kredi-yayinlari","10":"pa_yazar-amin-maalouf","12":"first","13":"instock","14":"sale","15":"shipping-taxable","16":"purchasable","17":"product-type-simple"},"_links":{"self":[{"href":"https:\/\/roveyayinevi.com.tr\/index.php\/wp-json\/wp\/v2\/product\/694085","targetHints":{"allow":["GET"]}}],"collection":[{"href":"https:\/\/roveyayinevi.com.tr\/index.php\/wp-json\/wp\/v2\/product"}],"about":[{"href":"https:\/\/roveyayinevi.com.tr\/index.php\/wp-json\/wp\/v2\/types\/product"}],"wp:attachment":[{"href":"https:\/\/roveyayinevi.com.tr\/index.php\/wp-json\/wp\/v2\/media?parent=694085"}],"wp:term":[{"taxonomy":"product_brand","embeddable":true,"href":"https:\/\/roveyayinevi.com.tr\/index.php\/wp-json\/wp\/v2\/product_brand?post=694085"},{"taxonomy":"product_cat","embeddable":true,"href":"https:\/\/roveyayinevi.com.tr\/index.php\/wp-json\/wp\/v2\/product_cat?post=694085"},{"taxonomy":"product_tag","embeddable":true,"href":"https:\/\/roveyayinevi.com.tr\/index.php\/wp-json\/wp\/v2\/product_tag?post=694085"}],"curies":[{"name":"wp","href":"https:\/\/api.w.org\/{rel}","templated":true}]}}