{"id":694083,"date":"2025-08-27T14:18:52","date_gmt":"2025-08-27T11:18:52","guid":{"rendered":"https:\/\/roveyayinevi.com.tr\/index.php\/urun\/hayatim\/"},"modified":"2026-04-16T02:03:57","modified_gmt":"2026-04-15T23:03:57","slug":"hayatim","status":"publish","type":"product","link":"https:\/\/roveyayinevi.com.tr\/index.php\/urun\/hayatim\/","title":{"rendered":"Hayat\u0131m"},"content":{"rendered":"<p>Herkesin hayat\u0131, m\u00fckemmel bir tarih par\u00e7as\u0131d\u0131r. Hele \u00e7ocuklar\u0131n ibret alaca\u011f\u0131 g\u00fczel bir kitapt\u0131r. \u015eahs\u0131n\u0131n ehemmiyetine g\u00f6re b\u00f6yle bir kitap b\u00fct\u00fcn vatan evlatlar\u0131n\u0131n da istifade edebilece\u011fi hakiki bir rehber olabilir. Ne idik, ne olduk? Mutlak bilinmelidir. \ufffcTan\u0131t\u0131m Metni<\/p>\n","protected":false},"excerpt":{"rendered":"<p>Herkesin hayat\u0131, m\u00fckemmel bir tarih par\u00e7as\u0131d\u0131r. Hele \u00e7ocuklar\u0131n ibret alaca\u011f\u0131 g\u00fczel bir kitapt\u0131r. \u015eahs\u0131n\u0131n ehemmiyetine g\u00f6re b\u00f6yle bir kitap b\u00fct\u00fcn vatan evlatlar\u0131n\u0131n da istifade edebilece\u011fi hakiki<span class=\"excerpt-hellip\"> [\u2026]<\/span><\/p>\n","protected":false},"featured_media":0,"template":"","meta":{"_monsterinsights_skip_tracking":false,"_monsterinsights_sitenote_active":false,"_monsterinsights_sitenote_note":"","_monsterinsights_sitenote_category":0},"product_brand":[],"product_cat":[12312,12304],"product_tag":[],"class_list":{"0":"post-694083","1":"product","2":"type-product","3":"status-publish","5":"product_cat-diger","6":"product_cat-tarih","7":"pa_cilt-ciltsiz","8":"pa_tur-kitap","9":"pa_yayinevi-yapi-kredi-yayinlari","10":"pa_yazar-kazim-karabekir","12":"first","13":"instock","14":"sale","15":"shipping-taxable","16":"purchasable","17":"product-type-simple"},"_links":{"self":[{"href":"https:\/\/roveyayinevi.com.tr\/index.php\/wp-json\/wp\/v2\/product\/694083","targetHints":{"allow":["GET"]}}],"collection":[{"href":"https:\/\/roveyayinevi.com.tr\/index.php\/wp-json\/wp\/v2\/product"}],"about":[{"href":"https:\/\/roveyayinevi.com.tr\/index.php\/wp-json\/wp\/v2\/types\/product"}],"wp:attachment":[{"href":"https:\/\/roveyayinevi.com.tr\/index.php\/wp-json\/wp\/v2\/media?parent=694083"}],"wp:term":[{"taxonomy":"product_brand","embeddable":true,"href":"https:\/\/roveyayinevi.com.tr\/index.php\/wp-json\/wp\/v2\/product_brand?post=694083"},{"taxonomy":"product_cat","embeddable":true,"href":"https:\/\/roveyayinevi.com.tr\/index.php\/wp-json\/wp\/v2\/product_cat?post=694083"},{"taxonomy":"product_tag","embeddable":true,"href":"https:\/\/roveyayinevi.com.tr\/index.php\/wp-json\/wp\/v2\/product_tag?post=694083"}],"curies":[{"name":"wp","href":"https:\/\/api.w.org\/{rel}","templated":true}]}}