{"id":694078,"date":"2025-08-27T14:18:51","date_gmt":"2025-08-27T11:18:51","guid":{"rendered":"https:\/\/roveyayinevi.com.tr\/index.php\/urun\/hayat-problem-cozmektir\/"},"modified":"2026-04-16T02:03:57","modified_gmt":"2026-04-15T23:03:57","slug":"hayat-problem-cozmektir","status":"publish","type":"product","link":"https:\/\/roveyayinevi.com.tr\/index.php\/urun\/hayat-problem-cozmektir\/","title":{"rendered":"Hayat Problem \u00c7\u00f6zmektir"},"content":{"rendered":"<p>Hayat Problem \u00c7\u00f6zmektir, Popper&#8217;in \u00f6lmeden k\u0131sa bir s\u00fcre \u00f6nce \u00fczerinde \u00e7al\u0131\u015ft\u0131\u011f\u0131 son kitap olmas\u0131n\u0131n yan\u0131 s\u0131ra, \u00fcnl\u00fc filozofun Almancada en \u00e7ok okunun kitab\u0131 olma \u00f6zelli\u011fini de ta\u015f\u0131yor.Kitab\u0131nda bilgikuram\u0131 ve bilimin s\u0131n\u0131rl\u0131 yap\u0131s\u0131, bar\u0131\u015f, \u00f6zg\u00fcrl\u00fck, entelekt\u00fcellerin sorumlulu\u011fu, a\u00e7\u0131k toplum ve d\u00fc\u015fmanler\u0131 \u00fczerine g\u00f6r\u00fc\u015flerini ortaya koyan Popper, felsefenin karma\u015f\u0131k de\u011fil aksine a\u00e7\u0131k, duru ve \u00f6ng\u00f6r\u00fc sahibibir d\u00fc\u015f\u00fcnce sistemi kurmas\u0131 gerekti\u011fini bir kez daha vurguluyor. <\/p>\n","protected":false},"excerpt":{"rendered":"<p>Hayat Problem \u00c7\u00f6zmektir, Popper&#8217;in \u00f6lmeden k\u0131sa bir s\u00fcre \u00f6nce \u00fczerinde \u00e7al\u0131\u015ft\u0131\u011f\u0131 son kitap olmas\u0131n\u0131n yan\u0131 s\u0131ra, \u00fcnl\u00fc filozofun Almancada en \u00e7ok okunun kitab\u0131 olma \u00f6zelli\u011fini de<span class=\"excerpt-hellip\"> [\u2026]<\/span><\/p>\n","protected":false},"featured_media":0,"template":"","meta":{"_monsterinsights_skip_tracking":false,"_monsterinsights_sitenote_active":false,"_monsterinsights_sitenote_note":"","_monsterinsights_sitenote_category":0},"product_brand":[],"product_cat":[12312,12304],"product_tag":[],"class_list":{"0":"post-694078","1":"product","2":"type-product","3":"status-publish","5":"product_cat-diger","6":"product_cat-tarih","7":"pa_cilt-ciltsiz","8":"pa_tur-kitap","9":"pa_yayinevi-yapi-kredi-yayinlari","10":"pa_yazar-karl-r-popper","12":"first","13":"instock","14":"sale","15":"shipping-taxable","16":"purchasable","17":"product-type-simple"},"_links":{"self":[{"href":"https:\/\/roveyayinevi.com.tr\/index.php\/wp-json\/wp\/v2\/product\/694078","targetHints":{"allow":["GET"]}}],"collection":[{"href":"https:\/\/roveyayinevi.com.tr\/index.php\/wp-json\/wp\/v2\/product"}],"about":[{"href":"https:\/\/roveyayinevi.com.tr\/index.php\/wp-json\/wp\/v2\/types\/product"}],"wp:attachment":[{"href":"https:\/\/roveyayinevi.com.tr\/index.php\/wp-json\/wp\/v2\/media?parent=694078"}],"wp:term":[{"taxonomy":"product_brand","embeddable":true,"href":"https:\/\/roveyayinevi.com.tr\/index.php\/wp-json\/wp\/v2\/product_brand?post=694078"},{"taxonomy":"product_cat","embeddable":true,"href":"https:\/\/roveyayinevi.com.tr\/index.php\/wp-json\/wp\/v2\/product_cat?post=694078"},{"taxonomy":"product_tag","embeddable":true,"href":"https:\/\/roveyayinevi.com.tr\/index.php\/wp-json\/wp\/v2\/product_tag?post=694078"}],"curies":[{"name":"wp","href":"https:\/\/api.w.org\/{rel}","templated":true}]}}