{"id":694077,"date":"2025-08-27T14:18:51","date_gmt":"2025-08-27T11:18:51","guid":{"rendered":"https:\/\/roveyayinevi.com.tr\/index.php\/urun\/nuhun-gemisi\/"},"modified":"2026-04-16T02:03:56","modified_gmt":"2026-04-15T23:03:56","slug":"nuhun-gemisi","status":"publish","type":"product","link":"https:\/\/roveyayinevi.com.tr\/index.php\/urun\/nuhun-gemisi\/","title":{"rendered":"Nuhun Gemisi"},"content":{"rendered":"<p>Romanlar\u0131nda Anadolu insan\u0131n\u0131n ger\u00e7ek d\u00fcnyas\u0131n\u0131 destans\u0131 boyutlara ta\u015f\u0131yan, ya\u015fanm\u015f ve ya\u015fanan ger\u00e7e\u011fi mitlerin, efsanelerin evreninde \u00e7o\u011faltan Ya\u015far Kemal, sadece bir romanc\u0131 ve halkbilimci de\u011fil, gazetelerimizde modern r\u00f6portaj yazarl\u0131\u011f\u0131n\u0131n da kurucusudur. Onun, her biri yay\u0131mlad\u0131\u011f\u0131 d\u00f6nemde olay yaratan r\u00f6portajlar\u0131nda ger\u00e7ek, hayat buldu ve okuyucuyu sarst\u0131. Bu Diyar Ba\u015ftanba\u015fa d\u00f6rtl\u00fcs\u00fcn\u00fcn ilk kitab\u0131 Nuhun Gemisi ac\u0131t\u0131c\u0131 ger\u00e7e\u011fi \u015fiirsel bir g\u00fczellikle okura sunarken, ger\u00e7e\u011fin ac\u0131s\u0131yla edebiyat\u0131n hazz\u0131 ayn\u0131 anda hissedilir. \u0130nsan birden irkiliveriyor. Atom bombas\u0131 bu \u015fehre d\u00fc\u015fm\u00fc\u015f sanki. Yer yer ta\u015f y\u0131\u011f\u0131nlar\u0131, harabeler. Diyarbak\u0131r pas tutmu\u015f. Diyarbak\u0131r, eski, \u00e7ok eski bir demir kap\u0131 kadar pasl\u0131. (&#8230;) Bu \u015fehir k\u0131l\u0131f i\u00e7inde. -Ya\u015far Kemal- T\u00fcrk umumi efkar\u0131ndan ve memleketten neler saklad\u0131\u011f\u0131n\u0131 g\u00f6rmek, hakikatin ne oldu\u011funu anlamak i\u00e7in Ya\u015far Kemal&#8217;in sade bir kalemle, yaln\u0131z realiteyi ifade azmiyle yazd\u0131klar\u0131n\u0131 okumal\u0131. -H\u00fcseyin Cahit Yal\u00e7\u0131n, Ulus, 6 Eyl\u00fcl 1953- \ufffcTan\u0131t\u0131m Metni<\/p>\n","protected":false},"excerpt":{"rendered":"<p>Romanlar\u0131nda Anadolu insan\u0131n\u0131n ger\u00e7ek d\u00fcnyas\u0131n\u0131 destans\u0131 boyutlara ta\u015f\u0131yan, ya\u015fanm\u015f ve ya\u015fanan ger\u00e7e\u011fi mitlerin, efsanelerin evreninde \u00e7o\u011faltan Ya\u015far Kemal, sadece bir romanc\u0131 ve halkbilimci de\u011fil, gazetelerimizde modern<span class=\"excerpt-hellip\"> [\u2026]<\/span><\/p>\n","protected":false},"featured_media":0,"template":"","meta":{"_monsterinsights_skip_tracking":false,"_monsterinsights_sitenote_active":false,"_monsterinsights_sitenote_note":"","_monsterinsights_sitenote_category":0},"product_brand":[],"product_cat":[12364,12826],"product_tag":[],"class_list":{"0":"post-694077","1":"product","2":"type-product","3":"status-publish","5":"product_cat-genel-konular","6":"product_cat-soylesi","7":"pa_cilt-ciltsiz","8":"pa_tur-kitap","9":"pa_yayinevi-yapi-kredi-yayinlari","10":"pa_yazar-yasar-kemal","12":"first","13":"instock","14":"sale","15":"shipping-taxable","16":"purchasable","17":"product-type-simple"},"_links":{"self":[{"href":"https:\/\/roveyayinevi.com.tr\/index.php\/wp-json\/wp\/v2\/product\/694077","targetHints":{"allow":["GET"]}}],"collection":[{"href":"https:\/\/roveyayinevi.com.tr\/index.php\/wp-json\/wp\/v2\/product"}],"about":[{"href":"https:\/\/roveyayinevi.com.tr\/index.php\/wp-json\/wp\/v2\/types\/product"}],"wp:attachment":[{"href":"https:\/\/roveyayinevi.com.tr\/index.php\/wp-json\/wp\/v2\/media?parent=694077"}],"wp:term":[{"taxonomy":"product_brand","embeddable":true,"href":"https:\/\/roveyayinevi.com.tr\/index.php\/wp-json\/wp\/v2\/product_brand?post=694077"},{"taxonomy":"product_cat","embeddable":true,"href":"https:\/\/roveyayinevi.com.tr\/index.php\/wp-json\/wp\/v2\/product_cat?post=694077"},{"taxonomy":"product_tag","embeddable":true,"href":"https:\/\/roveyayinevi.com.tr\/index.php\/wp-json\/wp\/v2\/product_tag?post=694077"}],"curies":[{"name":"wp","href":"https:\/\/api.w.org\/{rel}","templated":true}]}}