{"id":694076,"date":"2025-08-27T14:18:51","date_gmt":"2025-08-27T11:18:51","guid":{"rendered":"https:\/\/roveyayinevi.com.tr\/index.php\/urun\/nedircik-yavrusu\/"},"modified":"2026-04-16T02:03:56","modified_gmt":"2026-04-15T23:03:56","slug":"nedircik-yavrusu","status":"publish","type":"product","link":"https:\/\/roveyayinevi.com.tr\/index.php\/urun\/nedircik-yavrusu\/","title":{"rendered":"Nedircik Yavrusu"},"content":{"rendered":"<p>Bu kitap, dizinin \u00f6teki kitaplar\u0131 gibi \u00f6ncelikle gen\u00e7 okurlar g\u00f6zetilerek haz\u0131rland\u0131. Metin Elo\u011flu gibi \u201cnetameli\u201d bir imzadan bu ko\u015fullarda yap\u0131lacak bir se\u00e7me elbette s\u0131k\u0131nt\u0131l\u0131 olacakt\u0131. Elimi rahatlatan, Metin Elo\u011flu\u2019nun Vedat G\u00fcnyol\u2019un ayn\u0131 yaz\u0131s\u0131ndaki saptamas\u0131yla \u201c\u2018\u015fairane\u2019li\u011fi ellerinin tersiyle \u015fiirden at\u0131p senli benli g\u00fcnl\u00fck konu\u015fma dilini benimseyen Garip\u00e7i\u2019leri de a\u015farak, ay\u0131p kavram\u0131na bir do\u011fall\u0131k, bir ba\u011f\u0131\u015flan\u0131rl\u0131k, hatta bir sevimlilik kazand\u0131r\u201dm\u0131\u015f olmas\u0131 oldu. B\u00f6ylece, \u015fairin ilk kitab\u0131 D\u00fcd\u00fckl\u00fc Tencere\u2019ye ad\u0131n\u0131 veren \u015fiirden, sa\u011fl\u0131\u011f\u0131nda \u00e7\u0131kan son kitab\u0131 \u00d6nce Kad\u0131nlar\u2019dan ald\u0131\u011f\u0131m \u201cAz\u0131c\u0131k\u201da kadar en karekteristik Elo\u011flu \u015fiirlerini rahat\u00e7a se\u00e7ebildim.<\/p>\n","protected":false},"excerpt":{"rendered":"<p>Bu kitap, dizinin \u00f6teki kitaplar\u0131 gibi \u00f6ncelikle gen\u00e7 okurlar g\u00f6zetilerek haz\u0131rland\u0131. Metin Elo\u011flu gibi \u201cnetameli\u201d bir imzadan bu ko\u015fullarda yap\u0131lacak bir se\u00e7me elbette s\u0131k\u0131nt\u0131l\u0131 olacakt\u0131. Elimi<span class=\"excerpt-hellip\"> [\u2026]<\/span><\/p>\n","protected":false},"featured_media":0,"template":"","meta":{"_monsterinsights_skip_tracking":false,"_monsterinsights_sitenote_active":false,"_monsterinsights_sitenote_note":"","_monsterinsights_sitenote_category":0},"product_brand":[],"product_cat":[12291,12509],"product_tag":[],"class_list":{"0":"post-694076","1":"product","2":"type-product","3":"status-publish","5":"product_cat-edebiyat","6":"product_cat-siir","7":"pa_cilt-ciltsiz","8":"pa_tur-kitap","9":"pa_yayinevi-yapi-kredi-yayinlari","10":"pa_yazar-metin-eloglu","12":"first","13":"instock","14":"sale","15":"shipping-taxable","16":"purchasable","17":"product-type-simple"},"_links":{"self":[{"href":"https:\/\/roveyayinevi.com.tr\/index.php\/wp-json\/wp\/v2\/product\/694076","targetHints":{"allow":["GET"]}}],"collection":[{"href":"https:\/\/roveyayinevi.com.tr\/index.php\/wp-json\/wp\/v2\/product"}],"about":[{"href":"https:\/\/roveyayinevi.com.tr\/index.php\/wp-json\/wp\/v2\/types\/product"}],"wp:attachment":[{"href":"https:\/\/roveyayinevi.com.tr\/index.php\/wp-json\/wp\/v2\/media?parent=694076"}],"wp:term":[{"taxonomy":"product_brand","embeddable":true,"href":"https:\/\/roveyayinevi.com.tr\/index.php\/wp-json\/wp\/v2\/product_brand?post=694076"},{"taxonomy":"product_cat","embeddable":true,"href":"https:\/\/roveyayinevi.com.tr\/index.php\/wp-json\/wp\/v2\/product_cat?post=694076"},{"taxonomy":"product_tag","embeddable":true,"href":"https:\/\/roveyayinevi.com.tr\/index.php\/wp-json\/wp\/v2\/product_tag?post=694076"}],"curies":[{"name":"wp","href":"https:\/\/api.w.org\/{rel}","templated":true}]}}