{"id":694075,"date":"2025-08-27T14:18:51","date_gmt":"2025-08-27T11:18:51","guid":{"rendered":"https:\/\/roveyayinevi.com.tr\/index.php\/urun\/koy\/"},"modified":"2026-04-16T02:03:56","modified_gmt":"2026-04-15T23:03:56","slug":"koy","status":"publish","type":"product","link":"https:\/\/roveyayinevi.com.tr\/index.php\/urun\/koy\/","title":{"rendered":"K\u00f6y"},"content":{"rendered":"<p>William Faulkner\u2019\u0131n Snopes ailesi hakk\u0131ndaki \u00fc\u00e7lemesinin ilk halkas\u0131n\u0131 olu\u015fturan K\u00f6y, be\u015f paras\u0131z Flem Snopes\u2019un y\u00fckselmesinin ve zenginle\u015fmesinin hik\u00e2yesidir. Ge\u00e7mi\u015fi belirsiz Flem bir g\u00fcn Frenchman\u2019s Bend k\u00f6y\u00fcne \u00e7\u0131kagelir ve Will Varner\u2019\u0131n \u00e7iftli\u011finde i\u015fe girer. H\u0131rsl\u0131 ve kurnaz Flem \u00f6nce \u00e7iftlikte ve Varner ailesi i\u00e7inde, sonra y\u00f6rede g\u00fcc\u00fcn\u00fc art\u0131rd\u0131k\u00e7a, Amerikan G\u00fcneyi\u2019nin ac\u0131 bir ironiyle y\u00fckl\u00fc portresi de belirmeye ba\u015flar. K\u00f6y, insani g\u00fcd\u00fclerin, zaaflar\u0131n, tutkunun, kaybetmenin ve de\u011fi\u015fimin roman\u0131. Dili ne kadar karma\u015f\u0131k, kalabal\u0131k karakter ve olay \u00f6rg\u00fcs\u00fc ne kadar y\u00f6resel olursa olsun, keskin, evrensel ve \u00e7a\u011fda\u015f bir roman.Faulkner\u2019\u0131n en zengin romanlar\u0131ndan biri. Cleanth Brooks Kelimenin tam anlam\u0131yla m\u00fckemmel: Zekice ama ayn\u0131 zamanda do\u011frudan, komik ve yal\u0131n; \u0130\u00e7 Sava\u015f sonras\u0131nda G\u00fcney\u2019de ya\u015fanan \u00e7\u00fcr\u00fcmeyi ustal\u0131kla yans\u0131t\u0131yor. New York Times<\/p>\n","protected":false},"excerpt":{"rendered":"<p>William Faulkner\u2019\u0131n Snopes ailesi hakk\u0131ndaki \u00fc\u00e7lemesinin ilk halkas\u0131n\u0131 olu\u015fturan K\u00f6y, be\u015f paras\u0131z Flem Snopes\u2019un y\u00fckselmesinin ve zenginle\u015fmesinin hik\u00e2yesidir. Ge\u00e7mi\u015fi belirsiz Flem bir g\u00fcn Frenchman\u2019s Bend k\u00f6y\u00fcne<span class=\"excerpt-hellip\"> [\u2026]<\/span><\/p>\n","protected":false},"featured_media":0,"template":"","meta":{"_monsterinsights_skip_tracking":false,"_monsterinsights_sitenote_active":false,"_monsterinsights_sitenote_note":"","_monsterinsights_sitenote_category":0},"product_brand":[],"product_cat":[12891,12291],"product_tag":[],"class_list":{"0":"post-694075","1":"product","2":"type-product","3":"status-publish","5":"product_cat-amerikan-edebiyati","6":"product_cat-edebiyat","7":"pa_cilt-ciltsiz","8":"pa_tur-kitap","9":"pa_yayinevi-yapi-kredi-yayinlari","10":"pa_yazar-william-faulkner","12":"first","13":"instock","14":"sale","15":"shipping-taxable","16":"purchasable","17":"product-type-simple"},"_links":{"self":[{"href":"https:\/\/roveyayinevi.com.tr\/index.php\/wp-json\/wp\/v2\/product\/694075","targetHints":{"allow":["GET"]}}],"collection":[{"href":"https:\/\/roveyayinevi.com.tr\/index.php\/wp-json\/wp\/v2\/product"}],"about":[{"href":"https:\/\/roveyayinevi.com.tr\/index.php\/wp-json\/wp\/v2\/types\/product"}],"wp:attachment":[{"href":"https:\/\/roveyayinevi.com.tr\/index.php\/wp-json\/wp\/v2\/media?parent=694075"}],"wp:term":[{"taxonomy":"product_brand","embeddable":true,"href":"https:\/\/roveyayinevi.com.tr\/index.php\/wp-json\/wp\/v2\/product_brand?post=694075"},{"taxonomy":"product_cat","embeddable":true,"href":"https:\/\/roveyayinevi.com.tr\/index.php\/wp-json\/wp\/v2\/product_cat?post=694075"},{"taxonomy":"product_tag","embeddable":true,"href":"https:\/\/roveyayinevi.com.tr\/index.php\/wp-json\/wp\/v2\/product_tag?post=694075"}],"curies":[{"name":"wp","href":"https:\/\/api.w.org\/{rel}","templated":true}]}}