{"id":694074,"date":"2025-08-27T14:18:50","date_gmt":"2025-08-27T11:18:50","guid":{"rendered":"https:\/\/roveyayinevi.com.tr\/index.php\/urun\/ne-guzel-gunlermis\/"},"modified":"2026-04-16T02:03:56","modified_gmt":"2026-04-15T23:03:56","slug":"ne-guzel-gunlermis","status":"publish","type":"product","link":"https:\/\/roveyayinevi.com.tr\/index.php\/urun\/ne-guzel-gunlermis\/","title":{"rendered":"Ne G\u00fczel G\u00fcnlermi\u015f!"},"content":{"rendered":"<p>Ben ya\u015fama k\u0131demime dayanarak diyece\u011fim ki, ya\u015fama sevincini aray\u0131p ele ge\u00e7irmek i\u00e7in \u00e7aba g\u00f6stermek gerekiyor. G\u00f6z\u00fcm\u00fcz korkmas\u0131n! \u00c7aba dedi\u011fim i\u00e7in, b\u00fcy\u00fck zahmetlere giri\u015filece\u011fi san\u0131lmas\u0131n! Yap\u0131lacak i\u015f, sadece bir g\u00f6zl\u00fck takmakt\u0131n ibaret&#8230; O da ne mi? Mizah g\u00f6zl\u00fc\u011f\u00fc, mizah&#8230; B\u00fct\u00fcn marifet bu. Ayd\u0131n Boysan, Ne G\u00fczel G\u00fcnlermi\u015f! ba\u015fl\u0131\u011f\u0131 alt\u0131nda topland\u0131\u011f\u0131 bu son yozlar\u0131nda siyasetten \u015fiir ve m\u00fczi\u011fe, g\u00fcndelik hayattan uzak ve evrene uzanan geni\u015f ilgi alan\u0131 i\u00e7inde, daldan dala dola\u015ft\u0131r\u0131rken, olaylara, insanlara ve e\u015fyaya bu mizah g\u00f6zl\u00fc\u011f\u00fc ile bak\u0131yor. \ufffc<\/p>\n","protected":false},"excerpt":{"rendered":"<p>Ben ya\u015fama k\u0131demime dayanarak diyece\u011fim ki, ya\u015fama sevincini aray\u0131p ele ge\u00e7irmek i\u00e7in \u00e7aba g\u00f6stermek gerekiyor. G\u00f6z\u00fcm\u00fcz korkmas\u0131n! \u00c7aba dedi\u011fim i\u00e7in, b\u00fcy\u00fck zahmetlere giri\u015filece\u011fi san\u0131lmas\u0131n! Yap\u0131lacak i\u015f,<span class=\"excerpt-hellip\"> [\u2026]<\/span><\/p>\n","protected":false},"featured_media":0,"template":"","meta":{"_monsterinsights_skip_tracking":false,"_monsterinsights_sitenote_active":false,"_monsterinsights_sitenote_note":"","_monsterinsights_sitenote_category":0},"product_brand":[],"product_cat":[12782,12291],"product_tag":[],"class_list":{"0":"post-694074","1":"product","2":"type-product","3":"status-publish","5":"product_cat-alman-edebiyati","6":"product_cat-edebiyat","7":"pa_cilt-ciltsiz","8":"pa_tur-kitap","9":"pa_yayinevi-yapi-kredi-yayinlari","10":"pa_yazar-aydin-boysan","12":"first","13":"instock","14":"sale","15":"shipping-taxable","16":"purchasable","17":"product-type-simple"},"_links":{"self":[{"href":"https:\/\/roveyayinevi.com.tr\/index.php\/wp-json\/wp\/v2\/product\/694074","targetHints":{"allow":["GET"]}}],"collection":[{"href":"https:\/\/roveyayinevi.com.tr\/index.php\/wp-json\/wp\/v2\/product"}],"about":[{"href":"https:\/\/roveyayinevi.com.tr\/index.php\/wp-json\/wp\/v2\/types\/product"}],"wp:attachment":[{"href":"https:\/\/roveyayinevi.com.tr\/index.php\/wp-json\/wp\/v2\/media?parent=694074"}],"wp:term":[{"taxonomy":"product_brand","embeddable":true,"href":"https:\/\/roveyayinevi.com.tr\/index.php\/wp-json\/wp\/v2\/product_brand?post=694074"},{"taxonomy":"product_cat","embeddable":true,"href":"https:\/\/roveyayinevi.com.tr\/index.php\/wp-json\/wp\/v2\/product_cat?post=694074"},{"taxonomy":"product_tag","embeddable":true,"href":"https:\/\/roveyayinevi.com.tr\/index.php\/wp-json\/wp\/v2\/product_tag?post=694074"}],"curies":[{"name":"wp","href":"https:\/\/api.w.org\/{rel}","templated":true}]}}