{"id":694073,"date":"2025-08-27T14:18:50","date_gmt":"2025-08-27T11:18:50","guid":{"rendered":"https:\/\/roveyayinevi.com.tr\/index.php\/urun\/korkulu-ustalik\/"},"modified":"2026-04-16T02:03:56","modified_gmt":"2026-04-15T23:03:56","slug":"korkulu-ustalik","status":"publish","type":"product","link":"https:\/\/roveyayinevi.com.tr\/index.php\/urun\/korkulu-ustalik\/","title":{"rendered":"Korkulu Ustal\u0131k"},"content":{"rendered":"<p>Eskiden demeli art\u0131k: \u015eairler, eskiden, sadece \u015fiir yazmaz, ba\u015fta kendi \u015fiirleri olmak \u00fczere \u015eiir \u00fcstene d\u00fc\u015f\u00fcn\u00fcr, bunun kavgas\u0131n\u0131 da verirlerdi dergilerde; \u00e7\u00fcnk\u00fc onlar\u0131n, ya\u015fad\u0131klar\u0131 topraktan d\u00fcnyaya, insanl\u0131\u011fa diyecekleri vard\u0131, ve belki bundan da \u00f6nemli olarak kendilerine verdikleri bir s\u00f6z leri vard\u0131; bunun pe\u015fine d\u00fc\u015ft\u00fcler. Turgut Uyar, bu s\u00f6z \u00fcn pe\u015fine en s\u0131k ve en \u0131srarl\u0131 \u015fekilde d\u00fc\u015fm\u00fc\u015f olmas\u0131yla ayr\u0131l\u0131yor ku\u015fa\u011f\u0131n\u0131n \u015fairlerinden. D\u00fcnyan\u0131n En G\u00fczel Arabistan\u0131 ad\u0131yla, d\u00fcnya durduk\u00e7a duracak bir \u015eah \u015eiir&#8217;in \u015fairi olmakla yetinmeyip, \u015fiire-\u015faire bug\u00fcn de yol g\u00f6steren Korkulu Ustal\u0131k , \u0130lkin Cesaret , Diki\u015f Pay\u0131 , Ozan\u0131n \u0130\u015fi , Efendimiz Acemilik ve \u00c7\u0131kmaz\u0131n G\u00fczelli\u011fi adl\u0131 yaz\u0131lar\u0131yla, \u015fairin, \u015fiir yazmak d\u0131\u015f\u0131nda, ba\u015fka, bamba\u015fka sorumluluklar\u0131 da olabilece\u011finin \u00f6rne\u011fini veriyor bize. Bu \u00f6rne\u011fin hala benzersiz verimi ise Bir \u015eiirden: \u015eair, Abd\u00fclhak Hamit&#8217;ten Yahya Kemal&#8217;e, Naz\u0131m Hikmet&#8217;ten Orhan Veli&#8217;ye, Oktay R\u0131fat&#8217;tan Metin Elo\u011flu&#8217;na, ele ald\u0131\u011f\u0131 \u015fairin bir \u015fiir nden yola \u00e7\u0131karak, yol u kendinden \u00f6nce y\u00fcr\u00fcm\u00fc\u015flerin ve birlikte y\u00fcr\u00fcd\u00fcklerinin, neyi-nas\u0131l-niye yapt\u0131klar\u0131na bak\u0131yor; bizim i\u00e7in. \ufffcTan\u0131t\u0131m Metni<\/p>\n","protected":false},"excerpt":{"rendered":"<p>Eskiden demeli art\u0131k: \u015eairler, eskiden, sadece \u015fiir yazmaz, ba\u015fta kendi \u015fiirleri olmak \u00fczere \u015eiir \u00fcstene d\u00fc\u015f\u00fcn\u00fcr, bunun kavgas\u0131n\u0131 da verirlerdi dergilerde; \u00e7\u00fcnk\u00fc onlar\u0131n, ya\u015fad\u0131klar\u0131 topraktan d\u00fcnyaya,<span class=\"excerpt-hellip\"> [\u2026]<\/span><\/p>\n","protected":false},"featured_media":0,"template":"","meta":{"_monsterinsights_skip_tracking":false,"_monsterinsights_sitenote_active":false,"_monsterinsights_sitenote_note":"","_monsterinsights_sitenote_category":0},"product_brand":[],"product_cat":[12777,12291],"product_tag":[],"class_list":{"0":"post-694073","1":"product","2":"type-product","3":"status-publish","5":"product_cat-deneme","6":"product_cat-edebiyat","7":"pa_cilt-ciltsiz","8":"pa_tur-kitap","9":"pa_yayinevi-yapi-kredi-yayinlari","10":"pa_yazar-turgut-uyar","12":"first","13":"instock","14":"sale","15":"shipping-taxable","16":"purchasable","17":"product-type-simple"},"_links":{"self":[{"href":"https:\/\/roveyayinevi.com.tr\/index.php\/wp-json\/wp\/v2\/product\/694073","targetHints":{"allow":["GET"]}}],"collection":[{"href":"https:\/\/roveyayinevi.com.tr\/index.php\/wp-json\/wp\/v2\/product"}],"about":[{"href":"https:\/\/roveyayinevi.com.tr\/index.php\/wp-json\/wp\/v2\/types\/product"}],"wp:attachment":[{"href":"https:\/\/roveyayinevi.com.tr\/index.php\/wp-json\/wp\/v2\/media?parent=694073"}],"wp:term":[{"taxonomy":"product_brand","embeddable":true,"href":"https:\/\/roveyayinevi.com.tr\/index.php\/wp-json\/wp\/v2\/product_brand?post=694073"},{"taxonomy":"product_cat","embeddable":true,"href":"https:\/\/roveyayinevi.com.tr\/index.php\/wp-json\/wp\/v2\/product_cat?post=694073"},{"taxonomy":"product_tag","embeddable":true,"href":"https:\/\/roveyayinevi.com.tr\/index.php\/wp-json\/wp\/v2\/product_tag?post=694073"}],"curies":[{"name":"wp","href":"https:\/\/api.w.org\/{rel}","templated":true}]}}