{"id":694071,"date":"2025-08-27T14:18:50","date_gmt":"2025-08-27T11:18:50","guid":{"rendered":"https:\/\/roveyayinevi.com.tr\/index.php\/urun\/kum-koleksiyonu\/"},"modified":"2026-04-16T02:03:56","modified_gmt":"2026-04-15T23:03:56","slug":"kum-koleksiyonu","status":"publish","type":"product","link":"https:\/\/roveyayinevi.com.tr\/index.php\/urun\/kum-koleksiyonu\/","title":{"rendered":"Kum Koleksiyonu"},"content":{"rendered":"<p>D\u00fcnyan\u0131n \u00e7e\u015fitlili\u011fi konusunda sa\u011flant\u0131l\u0131 bir k\u0131l\u0131 k\u0131rk yarma ve tutkulu &#8220;seyreyleme&#8221;&#8230; Italo Calvino&#8217;nun s\u0131n\u0131rs\u0131z ansiklopedik merak\u0131n\u0131 ve her t\u00fcrl\u00fc uzmanl\u0131\u011fa \u00f6l\u00e7\u00fcl\u00fc mesafe koyu\u015funu ortaya koydu\u011fu, s\u0131ra d\u0131\u015f\u0131 metinlerini i\u00e7eren Kum Koleksiyonu ilk kez T\u00fcrk\u00e7e&#8217;de&#8230; &#8220;&#8230; \u015eu var ki, benim payla\u015fmad\u0131\u011f\u0131m, tam da bu idealdir. Duvarlardaki s\u00f6z, ister \u00fcst kesimden olsun, ister alt kesimden, herhangi birisinin iradesinin dayatt\u0131\u011f\u0131, onu g\u00f6rmemezlik ya da alg\u0131lamamazl\u0131k edemeyecek b\u00fct\u00fcn \u00f6teki ki\u015filerin g\u00f6z\u00fcne g\u00f6z\u00fcne soktu\u011fu bir s\u00f6zd\u00fcr. \u015eehir her zaman iletiler aktar\u0131m\u0131d\u0131r, her zaman s\u00f6ylemdir, ama bu s\u00f6ylemi insan\u0131n yorumlamak, d\u00fc\u015f\u00fcncelere ve s\u00f6zlere \u00e7evirmek durumunda olmas\u0131 ba\u015fka \u015feydir, bu s\u00f6zlerin ka\u00e7\u0131\u015f yolu olmaks\u0131z\u0131n ona dayat\u0131lmas\u0131 ba\u015fka \u015fey. \u0130ster otoriteyi y\u00fccelten yaz\u0131t, ister sayg\u0131nl\u0131\u011f\u0131 y\u0131k\u0131c\u0131 hakaret, hep insan\u0131n ki\u015fisel olarak se\u00e7medi\u011fi bir anda \u00fczerine \u00e7\u00f6k\u00fcveren s\u00f6zc\u00fckler s\u00f6z konusudur ve bu, sald\u0131r\u0131d\u0131r, keyfiliktir, \u015fiddettir.&#8221; \ufffcTan\u0131t\u0131m Metni<\/p>\n","protected":false},"excerpt":{"rendered":"<p>D\u00fcnyan\u0131n \u00e7e\u015fitlili\u011fi konusunda sa\u011flant\u0131l\u0131 bir k\u0131l\u0131 k\u0131rk yarma ve tutkulu &#8220;seyreyleme&#8221;&#8230; Italo Calvino&#8217;nun s\u0131n\u0131rs\u0131z ansiklopedik merak\u0131n\u0131 ve her t\u00fcrl\u00fc uzmanl\u0131\u011fa \u00f6l\u00e7\u00fcl\u00fc mesafe koyu\u015funu ortaya koydu\u011fu, s\u0131ra<span class=\"excerpt-hellip\"> [\u2026]<\/span><\/p>\n","protected":false},"featured_media":0,"template":"","meta":{"_monsterinsights_skip_tracking":false,"_monsterinsights_sitenote_active":false,"_monsterinsights_sitenote_note":"","_monsterinsights_sitenote_category":0},"product_brand":[],"product_cat":[12777,12291],"product_tag":[],"class_list":{"0":"post-694071","1":"product","2":"type-product","3":"status-publish","5":"product_cat-deneme","6":"product_cat-edebiyat","7":"pa_cilt-ciltsiz","8":"pa_tur-kitap","9":"pa_yayinevi-yapi-kredi-yayinlari","10":"pa_yazar-italo-calvino","12":"first","13":"instock","14":"sale","15":"shipping-taxable","16":"purchasable","17":"product-type-simple"},"_links":{"self":[{"href":"https:\/\/roveyayinevi.com.tr\/index.php\/wp-json\/wp\/v2\/product\/694071","targetHints":{"allow":["GET"]}}],"collection":[{"href":"https:\/\/roveyayinevi.com.tr\/index.php\/wp-json\/wp\/v2\/product"}],"about":[{"href":"https:\/\/roveyayinevi.com.tr\/index.php\/wp-json\/wp\/v2\/types\/product"}],"wp:attachment":[{"href":"https:\/\/roveyayinevi.com.tr\/index.php\/wp-json\/wp\/v2\/media?parent=694071"}],"wp:term":[{"taxonomy":"product_brand","embeddable":true,"href":"https:\/\/roveyayinevi.com.tr\/index.php\/wp-json\/wp\/v2\/product_brand?post=694071"},{"taxonomy":"product_cat","embeddable":true,"href":"https:\/\/roveyayinevi.com.tr\/index.php\/wp-json\/wp\/v2\/product_cat?post=694071"},{"taxonomy":"product_tag","embeddable":true,"href":"https:\/\/roveyayinevi.com.tr\/index.php\/wp-json\/wp\/v2\/product_tag?post=694071"}],"curies":[{"name":"wp","href":"https:\/\/api.w.org\/{rel}","templated":true}]}}