{"id":694068,"date":"2025-08-27T14:18:49","date_gmt":"2025-08-27T11:18:49","guid":{"rendered":"https:\/\/roveyayinevi.com.tr\/index.php\/urun\/kor-baykus\/"},"modified":"2026-04-16T02:03:56","modified_gmt":"2026-04-15T23:03:56","slug":"kor-baykus","status":"publish","type":"product","link":"https:\/\/roveyayinevi.com.tr\/index.php\/urun\/kor-baykus\/","title":{"rendered":"K\u00f6r Bayku\u015f"},"content":{"rendered":"<p>\u201cYaralar vard\u0131r hayatta, ruhu c\u00fczam gibi yava\u015f yava\u015f ve yaln\u0131zl\u0131kta yiyen, kemiren yaralar.\u201d Bu c\u00fcmleyle a\u00e7\u0131l\u0131r S\u00e2d\u0131k Hid\u00e2yet\u2019in ba\u015fyap\u0131t\u0131 K\u00f6r Bayku\u015f. Bir anl\u0131\u011f\u0131na g\u00f6r\u00fclen ve hayal mi ger\u00e7ek mi oldu\u011fu anla\u015f\u0131lmayan g\u00fczel bir kad\u0131n, roman\u0131n isimsiz kahraman\u0131n\u0131n tekd\u00fcze varolu\u015funu alt\u00fcst edecek, onu zaman ve mek\u00e2n\u0131n d\u0131\u015f\u0131nda ge\u00e7en bir hik\u00e2yeye savuracakt\u0131r: Tak\u0131nt\u0131lardan, korkulardan, sanr\u0131lardan olu\u015fan bir d\u00fcnyada ge\u00e7en, i\u00e7inde kendini yapayaln\u0131z buldu\u011fu bir hik\u00e2yeye.   Modern \u0130ran edebiyat\u0131n\u0131n kurucular\u0131ndan S\u00e2d\u0131k Hid\u00e2yet\u2019in 1936\u2019da Bombay\u2019da yay\u0131mlad\u0131\u011f\u0131 K\u00f6r Bayku\u015f pek \u00e7ok dile \u00e7evrildi, pek \u00e7ok yazar\u0131 etkiledi. Bu k\u00fclt roman\u0131, Beh\u00e7et Necatigil\u2019in unutulmaz \u00e7evirisinden, Necatigil\u2019in \u00f6ns\u00f6z\u00fc ve Hid\u00e2yet\u2019in yak\u0131n dostu yazar Bozorg Alev\u00ee\u2019nin sons\u00f6z\u00fcyle sunuyoruz.       Hem Do\u011fu resim sanat\u0131 ve edebiyat\u0131n\u0131n, Binbir Gece Masallar\u0131\u2019n\u0131n hem de sembolizmin ve ger\u00e7ek\u00fcst\u00fcc\u00fcl\u00fc\u011f\u00fcn izlerinin g\u00f6r\u00fcld\u00fc\u011f\u00fc bu benzersiz romanla Hid\u00e2yet, modernizmi \u0130ran\u2019a getirmi\u015fti.       Yirminci y\u00fczy\u0131l\u0131n d\u00fc\u015flemsel edebiyat\u0131nda bir ba\u015fyap\u0131t. Philippe Soupault     Ba\u015fyap\u0131t diye bir \u015fey varsa budur. Andr\u00e9 Breton <\/p>\n","protected":false},"excerpt":{"rendered":"<p>\u201cYaralar vard\u0131r hayatta, ruhu c\u00fczam gibi yava\u015f yava\u015f ve yaln\u0131zl\u0131kta yiyen, kemiren yaralar.\u201d Bu c\u00fcmleyle a\u00e7\u0131l\u0131r S\u00e2d\u0131k Hid\u00e2yet\u2019in ba\u015fyap\u0131t\u0131 K\u00f6r Bayku\u015f. Bir anl\u0131\u011f\u0131na g\u00f6r\u00fclen ve hayal<span class=\"excerpt-hellip\"> [\u2026]<\/span><\/p>\n","protected":false},"featured_media":0,"template":"","meta":{"_monsterinsights_skip_tracking":false,"_monsterinsights_sitenote_active":false,"_monsterinsights_sitenote_note":"","_monsterinsights_sitenote_category":0},"product_brand":[],"product_cat":[12312,12304],"product_tag":[],"class_list":{"0":"post-694068","1":"product","2":"type-product","3":"status-publish","5":"product_cat-diger","6":"product_cat-tarih","7":"pa_cilt-ciltsiz","8":"pa_tur-kitap","9":"pa_yayinevi-yapi-kredi-yayinlari","10":"pa_yazar-sadik-hidayet","12":"first","13":"instock","14":"sale","15":"shipping-taxable","16":"purchasable","17":"product-type-simple"},"_links":{"self":[{"href":"https:\/\/roveyayinevi.com.tr\/index.php\/wp-json\/wp\/v2\/product\/694068","targetHints":{"allow":["GET"]}}],"collection":[{"href":"https:\/\/roveyayinevi.com.tr\/index.php\/wp-json\/wp\/v2\/product"}],"about":[{"href":"https:\/\/roveyayinevi.com.tr\/index.php\/wp-json\/wp\/v2\/types\/product"}],"wp:attachment":[{"href":"https:\/\/roveyayinevi.com.tr\/index.php\/wp-json\/wp\/v2\/media?parent=694068"}],"wp:term":[{"taxonomy":"product_brand","embeddable":true,"href":"https:\/\/roveyayinevi.com.tr\/index.php\/wp-json\/wp\/v2\/product_brand?post=694068"},{"taxonomy":"product_cat","embeddable":true,"href":"https:\/\/roveyayinevi.com.tr\/index.php\/wp-json\/wp\/v2\/product_cat?post=694068"},{"taxonomy":"product_tag","embeddable":true,"href":"https:\/\/roveyayinevi.com.tr\/index.php\/wp-json\/wp\/v2\/product_tag?post=694068"}],"curies":[{"name":"wp","href":"https:\/\/api.w.org\/{rel}","templated":true}]}}