{"id":694066,"date":"2025-08-27T14:18:49","date_gmt":"2025-08-27T11:18:49","guid":{"rendered":"https:\/\/roveyayinevi.com.tr\/index.php\/urun\/knulp\/"},"modified":"2026-04-16T02:03:53","modified_gmt":"2026-04-15T23:03:53","slug":"knulp","status":"publish","type":"product","link":"https:\/\/roveyayinevi.com.tr\/index.php\/urun\/knulp\/","title":{"rendered":"Knulp"},"content":{"rendered":"<p>T\u00fcm ya\u015fam\u0131 yollarda ge\u00e7en ve yine yollarda sona eren bir g\u00f6\u00e7ebenin hikayesi Knulp. Can\u0131n\u0131n \u00e7ekti\u011fi yere konan , ama \u00e7ok duramay\u0131p yine u\u00e7an bir \u00f6zg\u00fcr ruhun k\u0131sac\u0131k destan\u0131. Hermann Hesse&#8217;ye g\u00f6re, Knulp gibi fig\u00fcrlerin kimseye yarar\u0131 dokunmasa da yarar\u0131 dokunan kimilerine oranla \u00e7ok daha az zarar\u0131 dokunur.Knulp gibi yetenekli ve hayat dolu insanlar,ya\u015fad\u0131klar\u0131 \u00e7evrede kendilerine yer bulam\u0131yorlarsa bunda onlar kadar \u00e7evreleri de su\u00e7ludur. Hesse, t\u0131pk\u0131 Knulp gibi, uzun y\u00fcr\u00fcy\u00fc\u015flere \u00e7\u0131kmaktan ve do\u011fayla ba\u015f ba\u015fa kalmaktan ho\u015flanan biriydi. Bu anlamda onun ruhunun u\u00e7ar\u0131 yan\u0131n\u0131 da simgeleyen Knulp, temel olarak \u00fc\u00e7 \u00f6yk\u00fcden olu\u015fuyor. Elinizdeki kitap, bu \u00f6yk\u00fclere ek olarak, Hesse&#8217;nin \u00f6l\u00fcm\u00fcnden sonra g\u00fcn \u0131\u015f\u0131\u011f\u0131na \u00e7\u0131kan iki fragman\u0131 da i\u00e7eriyor. Hesse&#8217;nin ilk d\u00f6nem d\u00fczyaz\u0131lar\u0131 i\u00e7inde \u0131\u015f\u0131ldayan k\u00fc\u00e7\u00fck bir m\u00fccevher Knulp.<\/p>\n","protected":false},"excerpt":{"rendered":"<p>T\u00fcm ya\u015fam\u0131 yollarda ge\u00e7en ve yine yollarda sona eren bir g\u00f6\u00e7ebenin hikayesi Knulp. Can\u0131n\u0131n \u00e7ekti\u011fi yere konan , ama \u00e7ok duramay\u0131p yine u\u00e7an bir \u00f6zg\u00fcr ruhun<span class=\"excerpt-hellip\"> [\u2026]<\/span><\/p>\n","protected":false},"featured_media":0,"template":"","meta":{"_monsterinsights_skip_tracking":false,"_monsterinsights_sitenote_active":false,"_monsterinsights_sitenote_note":"","_monsterinsights_sitenote_category":0},"product_brand":[],"product_cat":[12782,12291],"product_tag":[],"class_list":{"0":"post-694066","1":"product","2":"type-product","3":"status-publish","5":"product_cat-alman-edebiyati","6":"product_cat-edebiyat","7":"pa_cilt-ciltsiz","8":"pa_tur-kitap","9":"pa_yayinevi-yapi-kredi-yayinlari","10":"pa_yazar-hermann-hesse","12":"first","13":"instock","14":"sale","15":"shipping-taxable","16":"purchasable","17":"product-type-simple"},"_links":{"self":[{"href":"https:\/\/roveyayinevi.com.tr\/index.php\/wp-json\/wp\/v2\/product\/694066","targetHints":{"allow":["GET"]}}],"collection":[{"href":"https:\/\/roveyayinevi.com.tr\/index.php\/wp-json\/wp\/v2\/product"}],"about":[{"href":"https:\/\/roveyayinevi.com.tr\/index.php\/wp-json\/wp\/v2\/types\/product"}],"wp:attachment":[{"href":"https:\/\/roveyayinevi.com.tr\/index.php\/wp-json\/wp\/v2\/media?parent=694066"}],"wp:term":[{"taxonomy":"product_brand","embeddable":true,"href":"https:\/\/roveyayinevi.com.tr\/index.php\/wp-json\/wp\/v2\/product_brand?post=694066"},{"taxonomy":"product_cat","embeddable":true,"href":"https:\/\/roveyayinevi.com.tr\/index.php\/wp-json\/wp\/v2\/product_cat?post=694066"},{"taxonomy":"product_tag","embeddable":true,"href":"https:\/\/roveyayinevi.com.tr\/index.php\/wp-json\/wp\/v2\/product_tag?post=694066"}],"curies":[{"name":"wp","href":"https:\/\/api.w.org\/{rel}","templated":true}]}}