{"id":694065,"date":"2025-08-27T14:18:48","date_gmt":"2025-08-27T11:18:48","guid":{"rendered":"https:\/\/roveyayinevi.com.tr\/index.php\/urun\/klasikleri-nicin-okumali\/"},"modified":"2026-04-16T02:03:53","modified_gmt":"2026-04-15T23:03:53","slug":"klasikleri-nicin-okumali","status":"publish","type":"product","link":"https:\/\/roveyayinevi.com.tr\/index.php\/urun\/klasikleri-nicin-okumali\/","title":{"rendered":"Klasikleri Ni\u00e7in Okumal\u0131?"},"content":{"rendered":"<p>D\u00fcnya edebiyat tarihine yaln\u0131zca bir yazar olarak de\u011fil, edebiyat \u00fczerine d\u00fc\u015f\u00fcnceleriyle de damga vuran \u0130talya\u2019n\u0131n \u201ckalem sincab\u0131\u201d Italo Calvino\u2019nun, hayat\u0131n\u0131n de\u011fi\u015fik d\u00f6nemlerinde kendisi i\u00e7in b\u00fcy\u00fck bir \u00f6nemi olmu\u015f yazarlar\u0131, \u015fairleri, bilim adamlar\u0131n\u0131 a\u011f\u0131rlad\u0131\u011f\u0131 Klasikleri Ni\u00e7in Okumal\u0131? kitab\u0131 ilk kez T\u00fcrk\u00e7ede&#8230; \u00d6ncelikle Stendhal\u2019i severim, \u00e7\u00fcnk\u00fc yaln\u0131zca onda bireysel ahlaki gerilim, tarihsel gerilim, ya\u015fam at\u0131l\u0131m\u0131 bir b\u00fct\u00fcn olu\u015fturur: Roman\u0131n \u00e7izgisel gerilimidir bu. Pu\u015fkin\u2019i severim, \u00e7\u00fcnk\u00fc berrakl\u0131k, ironi ve ciddilik demektir. Hemingway\u2019i severim, \u00e7\u00fcnk\u00fc yal\u0131nl\u0131k, abart\u0131s\u0131zl\u0131k, mutluluk arzusu, h\u00fcz\u00fcn demektir. Stevenson\u2019u severim, \u00e7\u00fcnk\u00fc sanki u\u00e7ar. \u00c7ehov\u2019u seve-rim, \u00e7\u00fcnk\u00fc gitti\u011finden daha \u00f6teye gitmez. Conrad\u2019\u0131 severim, \u00e7\u00fcnk\u00fc derin sularda seyreder ve batmaz. Tolstoy\u2019u severim, \u00e7\u00fcnk\u00fc kimi zaman \u201chah, \u015fimdi anl\u0131yorum nas\u0131l yapt\u0131\u011f\u0131n\u0131\u201d duygusuna kap\u0131l\u0131r\u0131m, oysa bir \u015fey anlad\u0131\u011f\u0131m yoktur. Manzoni\u2019yi severim, \u00e7\u00fcnk\u00fc d\u00fcne kadar nefret ediyordum. \/&#8230;\/ Gogol\u2019u severim, \u00e7\u00fcnk\u00fc a\u00e7\u0131k\u00e7a, k\u00f6t\u00fcl\u00fckle ve \u00f6l\u00e7\u00fcyle \u00e7arp\u0131t\u0131r. Dostoyevski\u2019yi severim, \u00e7\u00fcnk\u00fc tutarl\u0131l\u0131kla, \u00f6fkeyle ve \u00f6l\u00e7\u00fcs\u00fczce \u00e7arp\u0131t\u0131r. Balzac\u2019\u0131 severim, \u00e7\u00fcnk\u00fc k\u00e2hindir. Kafka\u2019y\u0131 severim, \u00e7\u00fcnk\u00fc ger\u00e7ek\u00e7idir. Maupassant\u2019\u0131 severim, \u00e7\u00fcnk\u00fc y\u00fczeyseldir. Mansfield\u2019i severim, \u00e7\u00fcnk\u00fc zekidir. Fitzgerald\u2019\u0131 severim, \u00e7\u00fcnk\u00fc halinden memnun de\u011fildir. Radiguet\u2019yi severim, \u00e7\u00fcnk\u00fc gen\u00e7lik geri gelmez bir daha. Svevo\u2019yu severim, \u00e7\u00fcnk\u00fc ya\u015flanmak da gerekir&#8230;<\/p>\n","protected":false},"excerpt":{"rendered":"<p>D\u00fcnya edebiyat tarihine yaln\u0131zca bir yazar olarak de\u011fil, edebiyat \u00fczerine d\u00fc\u015f\u00fcnceleriyle de damga vuran \u0130talya\u2019n\u0131n \u201ckalem sincab\u0131\u201d Italo Calvino\u2019nun, hayat\u0131n\u0131n de\u011fi\u015fik d\u00f6nemlerinde kendisi i\u00e7in b\u00fcy\u00fck bir<span class=\"excerpt-hellip\"> [\u2026]<\/span><\/p>\n","protected":false},"featured_media":0,"template":"","meta":{"_monsterinsights_skip_tracking":false,"_monsterinsights_sitenote_active":false,"_monsterinsights_sitenote_note":"","_monsterinsights_sitenote_category":0},"product_brand":[],"product_cat":[12777,12291],"product_tag":[],"class_list":{"0":"post-694065","1":"product","2":"type-product","3":"status-publish","5":"product_cat-deneme","6":"product_cat-edebiyat","7":"pa_cilt-ciltsiz","8":"pa_tur-kitap","9":"pa_yayinevi-yapi-kredi-yayinlari","10":"pa_yazar-italo-calvino","12":"first","13":"instock","14":"sale","15":"shipping-taxable","16":"purchasable","17":"product-type-simple"},"_links":{"self":[{"href":"https:\/\/roveyayinevi.com.tr\/index.php\/wp-json\/wp\/v2\/product\/694065","targetHints":{"allow":["GET"]}}],"collection":[{"href":"https:\/\/roveyayinevi.com.tr\/index.php\/wp-json\/wp\/v2\/product"}],"about":[{"href":"https:\/\/roveyayinevi.com.tr\/index.php\/wp-json\/wp\/v2\/types\/product"}],"wp:attachment":[{"href":"https:\/\/roveyayinevi.com.tr\/index.php\/wp-json\/wp\/v2\/media?parent=694065"}],"wp:term":[{"taxonomy":"product_brand","embeddable":true,"href":"https:\/\/roveyayinevi.com.tr\/index.php\/wp-json\/wp\/v2\/product_brand?post=694065"},{"taxonomy":"product_cat","embeddable":true,"href":"https:\/\/roveyayinevi.com.tr\/index.php\/wp-json\/wp\/v2\/product_cat?post=694065"},{"taxonomy":"product_tag","embeddable":true,"href":"https:\/\/roveyayinevi.com.tr\/index.php\/wp-json\/wp\/v2\/product_tag?post=694065"}],"curies":[{"name":"wp","href":"https:\/\/api.w.org\/{rel}","templated":true}]}}