{"id":694064,"date":"2025-08-27T14:18:48","date_gmt":"2025-08-27T11:18:48","guid":{"rendered":"https:\/\/roveyayinevi.com.tr\/index.php\/urun\/hay-hak-soylesiler\/"},"modified":"2026-04-16T02:03:53","modified_gmt":"2026-04-15T23:03:53","slug":"hay-hak-soylesiler","status":"publish","type":"product","link":"https:\/\/roveyayinevi.com.tr\/index.php\/urun\/hay-hak-soylesiler\/","title":{"rendered":"Hay Hak! S\u00f6yle\u015filer"},"content":{"rendered":"<p>T\u00fcrk\u00e7e \u015fiirin ayr\u0131k bir sesi ve en \u00f6nemli modern ustalar\u0131ndan olan Ece Ayhan&#8217;dan apa\u00e7\u0131k bir (ba\u015fka) sald\u0131r\u0131- Sanat d\u00fcnyam\u0131z\u0131n &#8216;marj&#8217;lara yak\u0131n duran sanat\u00e7\u0131lar\u0131yla, durmadan eski &#8216;marjinal&#8217;lere ve tarihe g\u00f6ndermeler yaparak kurdu\u011fu s\u00f6yle\u015filerde, Ece Ayhan, Hayat&#8217;a, D\u00fcnya&#8217;ya, Sanat&#8217;a, Sanat\u00e7\u0131&#8217;ya, D\u00fczen&#8217;e ve \u0130kitdar&#8217;a cevab\u0131 zor sorular y\u00f6neltiyor. Kimi kez kar\u015f\u0131s\u0131ndakini dinlemedi\u011fini, cevab\u0131n\u0131 yok sayd\u0131\u011f\u0131 oluyor, hedefi tam da kalbinden vurmak ad\u0131na. Daha \u00f6nce \u015eiirin Bir Alt\u0131n \u00c7a\u011f\u0131 adl\u0131 kitapta ba\u015fka s\u00f6yle\u015filer ve yaz\u0131larla yan yana duran Hay Hak! S\u00f6yle\u015filer, bu kez bir ba\u015f\u0131na, &#8216;s\u0131k\u0131&#8217; bir kitap halinde. <\/p>\n","protected":false},"excerpt":{"rendered":"<p>T\u00fcrk\u00e7e \u015fiirin ayr\u0131k bir sesi ve en \u00f6nemli modern ustalar\u0131ndan olan Ece Ayhan&#8217;dan apa\u00e7\u0131k bir (ba\u015fka) sald\u0131r\u0131- Sanat d\u00fcnyam\u0131z\u0131n &#8216;marj&#8217;lara yak\u0131n duran sanat\u00e7\u0131lar\u0131yla, durmadan eski &#8216;marjinal&#8217;lere<span class=\"excerpt-hellip\"> [\u2026]<\/span><\/p>\n","protected":false},"featured_media":0,"template":"","meta":{"_monsterinsights_skip_tracking":false,"_monsterinsights_sitenote_active":false,"_monsterinsights_sitenote_note":"","_monsterinsights_sitenote_category":0},"product_brand":[],"product_cat":[12364,12826],"product_tag":[],"class_list":{"0":"post-694064","1":"product","2":"type-product","3":"status-publish","5":"product_cat-genel-konular","6":"product_cat-soylesi","7":"pa_cilt-ciltsiz","8":"pa_tur-kitap","9":"pa_yayinevi-yapi-kredi-yayinlari","10":"pa_yazar-ece-ayhan","12":"first","13":"instock","14":"sale","15":"shipping-taxable","16":"purchasable","17":"product-type-simple"},"_links":{"self":[{"href":"https:\/\/roveyayinevi.com.tr\/index.php\/wp-json\/wp\/v2\/product\/694064","targetHints":{"allow":["GET"]}}],"collection":[{"href":"https:\/\/roveyayinevi.com.tr\/index.php\/wp-json\/wp\/v2\/product"}],"about":[{"href":"https:\/\/roveyayinevi.com.tr\/index.php\/wp-json\/wp\/v2\/types\/product"}],"wp:attachment":[{"href":"https:\/\/roveyayinevi.com.tr\/index.php\/wp-json\/wp\/v2\/media?parent=694064"}],"wp:term":[{"taxonomy":"product_brand","embeddable":true,"href":"https:\/\/roveyayinevi.com.tr\/index.php\/wp-json\/wp\/v2\/product_brand?post=694064"},{"taxonomy":"product_cat","embeddable":true,"href":"https:\/\/roveyayinevi.com.tr\/index.php\/wp-json\/wp\/v2\/product_cat?post=694064"},{"taxonomy":"product_tag","embeddable":true,"href":"https:\/\/roveyayinevi.com.tr\/index.php\/wp-json\/wp\/v2\/product_tag?post=694064"}],"curies":[{"name":"wp","href":"https:\/\/api.w.org\/{rel}","templated":true}]}}