{"id":694063,"date":"2025-08-27T14:18:48","date_gmt":"2025-08-27T11:18:48","guid":{"rendered":"https:\/\/roveyayinevi.com.tr\/index.php\/urun\/hay-bin-yakzan\/"},"modified":"2026-04-16T02:03:53","modified_gmt":"2026-04-15T23:03:53","slug":"hay-bin-yakzan","status":"publish","type":"product","link":"https:\/\/roveyayinevi.com.tr\/index.php\/urun\/hay-bin-yakzan\/","title":{"rendered":"Hay Bin Yakzan"},"content":{"rendered":"<p>Sadece biri, roman boyutlar\u0131na ula\u015ft\u0131 ve b\u00fct\u00fcn benzerlerini g\u00f6lgede b\u0131rakt\u0131: 12. y\u00fczy\u0131lda End\u00fcl\u00fcsl\u00fc \u0130\u015fraki d\u00fc\u015f\u00fcn\u00fcr \u0130bn Tufeyl\u2019in yazd\u0131\u011f\u0131 Hay bin Yakzan ya da Esrar\u00fc\u2019l-Hikmeti\u2019l-Me\u015frikiye.Bu ilk \u201cfelsefi roman\u201d ve ilk \u201crobinsonad\u201d,Tanp\u0131nar\u2019\u0131n deyi\u015fiyle \u201cM\u00fcsl\u00fcman \u00e2leminin tek roman\u0131\u201d, 14. y\u00fczy\u0131ldan ba\u015flayarak belliba\u015fl\u0131 Avrupa dillerine \u00e7evrildi; Defoe, Bacon, Spinoza ve More gibi pek \u00e7ok d\u00fc\u015f\u00fcn\u00fcr ve sanat\u00e7\u0131 \u00fczerinde etkili oldu.<\/p>\n","protected":false},"excerpt":{"rendered":"<p>Sadece biri, roman boyutlar\u0131na ula\u015ft\u0131 ve b\u00fct\u00fcn benzerlerini g\u00f6lgede b\u0131rakt\u0131: 12. y\u00fczy\u0131lda End\u00fcl\u00fcsl\u00fc \u0130\u015fraki d\u00fc\u015f\u00fcn\u00fcr \u0130bn Tufeyl\u2019in yazd\u0131\u011f\u0131 Hay bin Yakzan ya da Esrar\u00fc\u2019l-Hikmeti\u2019l-Me\u015frikiye.Bu ilk \u201cfelsefi<span class=\"excerpt-hellip\"> [\u2026]<\/span><\/p>\n","protected":false},"featured_media":0,"template":"","meta":{"_monsterinsights_skip_tracking":false,"_monsterinsights_sitenote_active":false,"_monsterinsights_sitenote_note":"","_monsterinsights_sitenote_category":0},"product_brand":[],"product_cat":[12291,13113],"product_tag":[],"class_list":{"0":"post-694063","1":"product","2":"type-product","3":"status-publish","5":"product_cat-edebiyat","6":"product_cat-ispanyol-edebiyati","7":"pa_cilt-ciltsiz","8":"pa_tur-kitap","9":"pa_yayinevi-yapi-kredi-yayinlari","10":"pa_yazar-ibn-tufeyl","12":"first","13":"instock","14":"sale","15":"shipping-taxable","16":"purchasable","17":"product-type-simple"},"_links":{"self":[{"href":"https:\/\/roveyayinevi.com.tr\/index.php\/wp-json\/wp\/v2\/product\/694063","targetHints":{"allow":["GET"]}}],"collection":[{"href":"https:\/\/roveyayinevi.com.tr\/index.php\/wp-json\/wp\/v2\/product"}],"about":[{"href":"https:\/\/roveyayinevi.com.tr\/index.php\/wp-json\/wp\/v2\/types\/product"}],"wp:attachment":[{"href":"https:\/\/roveyayinevi.com.tr\/index.php\/wp-json\/wp\/v2\/media?parent=694063"}],"wp:term":[{"taxonomy":"product_brand","embeddable":true,"href":"https:\/\/roveyayinevi.com.tr\/index.php\/wp-json\/wp\/v2\/product_brand?post=694063"},{"taxonomy":"product_cat","embeddable":true,"href":"https:\/\/roveyayinevi.com.tr\/index.php\/wp-json\/wp\/v2\/product_cat?post=694063"},{"taxonomy":"product_tag","embeddable":true,"href":"https:\/\/roveyayinevi.com.tr\/index.php\/wp-json\/wp\/v2\/product_tag?post=694063"}],"curies":[{"name":"wp","href":"https:\/\/api.w.org\/{rel}","templated":true}]}}