{"id":694061,"date":"2025-08-27T14:18:47","date_gmt":"2025-08-27T11:18:47","guid":{"rendered":"https:\/\/roveyayinevi.com.tr\/index.php\/urun\/kirilmadik-bir-sey-kalmadi\/"},"modified":"2026-04-16T02:03:53","modified_gmt":"2026-04-15T23:03:53","slug":"kirilmadik-bir-sey-kalmadi","status":"publish","type":"product","link":"https:\/\/roveyayinevi.com.tr\/index.php\/urun\/kirilmadik-bir-sey-kalmadi\/","title":{"rendered":"K\u0131r\u0131lmad\u0131k Bir \u015eey Kalmad\u0131"},"content":{"rendered":"<p>\u00d6zdemir Asaf&#8217;\u0131n K\u0131r\u0131lmad\u0131k Bir \u015eey Kalmad\u0131&#8217;da bir araya getirilen aforizma niteli\u011findeki etikalar \u0131, an\u0131-deneme t\u00fcr\u00fcnde yaz\u0131lar\u0131 ve \u00f6yk\u00fcleri en az \u015fiirleri katdar etkileyici, s\u0131ra d\u0131\u015f\u0131 ve \u015fa\u015f\u0131rt\u0131c\u0131. Kim bilir ka\u00e7 y\u0131ll\u0131k b\u00fcy\u00fccek bir defter. \u0130\u00e7inde aforizma, \u015fiir, \u00f6yk\u00fc taslaklar\u0131, tasar\u0131mlar\u0131, bir s\u00fcr\u00fc d\u00fc\u015f ve d\u00fc\u015f\u00fcnce k\u0131r\u0131nt\u0131s\u0131. Ben hep \u00f6yle yapt\u0131m. \u015eiirlerimin, \u00f6yk\u00fclerimin, aforizmalar\u0131m\u0131n, g\u00fcnl\u00fck notlar\u0131m\u0131n ayr\u0131 defterleri olmad\u0131. Kiminin alt\u0131na tarih koymu\u015fum, saat bile koyduklar\u0131m var. \ufffc<\/p>\n","protected":false},"excerpt":{"rendered":"<p>\u00d6zdemir Asaf&#8217;\u0131n K\u0131r\u0131lmad\u0131k Bir \u015eey Kalmad\u0131&#8217;da bir araya getirilen aforizma niteli\u011findeki etikalar \u0131, an\u0131-deneme t\u00fcr\u00fcnde yaz\u0131lar\u0131 ve \u00f6yk\u00fcleri en az \u015fiirleri katdar etkileyici, s\u0131ra d\u0131\u015f\u0131 ve<span class=\"excerpt-hellip\"> [\u2026]<\/span><\/p>\n","protected":false},"featured_media":0,"template":"","meta":{"_monsterinsights_skip_tracking":false,"_monsterinsights_sitenote_active":false,"_monsterinsights_sitenote_note":"","_monsterinsights_sitenote_category":0},"product_brand":[],"product_cat":[12777,12291],"product_tag":[],"class_list":{"0":"post-694061","1":"product","2":"type-product","3":"status-publish","5":"product_cat-deneme","6":"product_cat-edebiyat","7":"pa_cilt-ciltsiz","8":"pa_tur-kitap","9":"pa_yayinevi-yapi-kredi-yayinlari","10":"pa_yazar-ozdemir-asaf","12":"first","13":"instock","14":"sale","15":"shipping-taxable","16":"purchasable","17":"product-type-simple"},"_links":{"self":[{"href":"https:\/\/roveyayinevi.com.tr\/index.php\/wp-json\/wp\/v2\/product\/694061","targetHints":{"allow":["GET"]}}],"collection":[{"href":"https:\/\/roveyayinevi.com.tr\/index.php\/wp-json\/wp\/v2\/product"}],"about":[{"href":"https:\/\/roveyayinevi.com.tr\/index.php\/wp-json\/wp\/v2\/types\/product"}],"wp:attachment":[{"href":"https:\/\/roveyayinevi.com.tr\/index.php\/wp-json\/wp\/v2\/media?parent=694061"}],"wp:term":[{"taxonomy":"product_brand","embeddable":true,"href":"https:\/\/roveyayinevi.com.tr\/index.php\/wp-json\/wp\/v2\/product_brand?post=694061"},{"taxonomy":"product_cat","embeddable":true,"href":"https:\/\/roveyayinevi.com.tr\/index.php\/wp-json\/wp\/v2\/product_cat?post=694061"},{"taxonomy":"product_tag","embeddable":true,"href":"https:\/\/roveyayinevi.com.tr\/index.php\/wp-json\/wp\/v2\/product_tag?post=694061"}],"curies":[{"name":"wp","href":"https:\/\/api.w.org\/{rel}","templated":true}]}}