{"id":694060,"date":"2025-08-27T14:18:47","date_gmt":"2025-08-27T11:18:47","guid":{"rendered":"https:\/\/roveyayinevi.com.tr\/index.php\/urun\/kesisen-yazgilar-satosu\/"},"modified":"2026-04-16T02:03:53","modified_gmt":"2026-04-15T23:03:53","slug":"kesisen-yazgilar-satosu","status":"publish","type":"product","link":"https:\/\/roveyayinevi.com.tr\/index.php\/urun\/kesisen-yazgilar-satosu\/","title":{"rendered":"Kesi\u015fen Yazg\u0131lar \u015eatosu"},"content":{"rendered":"<p>Gerek yazar gerek okur olman\u0131nprofilini de\u011fi\u015ftiren, \u0130talyan edebiyat\u0131n\u0131n b\u00fcy\u00fck ustas\u0131 Italo Calvino&#8217;dan d\u00fcnyay\u0131 tersten okumak \u00fczere bir kitap: Kesi\u015fen Yazg\u0131lar \u015eatosu. S\u0131k bir orman\u0131n ortas\u0131nda bir \u015fato, gece bast\u0131rd\u0131\u011f\u0131 i\u00e7in yolculuklar\u0131na devam edemeyenler i\u00e7in bar\u0131nak olur. Yolcular konu\u015fma yeteneklerini kaybettikleri i\u00e7in tarot kartlar\u0131n\u0131 kullanarak birbirleriyle ileti\u015fim kurarlar. Her birininkader yolu di\u011ferininkine a\u00e7\u0131lmaktad\u0131r. Simyac\u0131, maddede de\u011fi\u015fimler elde edebilmek i\u00e7in kendi ruhunu de\u011fi\u015fmez ve alt\u0131n gibi saf k\u0131lmaya \u00e7al\u0131\u015fan ki\u015fidir; ama bir de Doktor Faust \u00f6rne\u011fi var, o simyac\u0131l\u0131k kural\u0131n\u0131 alt\u00fcst eder, ruhu de\u011fi\u015f toku\u015f edebilecek bir nesneye d\u00f6n\u00fc\u015ft\u00fcr\u00fcr ve b\u00f6ylece do\u011fan\u0131n bozulmadan kalaca\u011f\u0131n\u0131, art\u0131k alt\u0131n\u0131 aramaya gerek kalmayaca\u011f\u0131n\u0131, \u00e7\u00fcnk\u00fc b\u00fct\u00fcn elementlerin ayn\u0131 derecede de\u011ferli, d\u00fcnyan\u0131n alt\u0131n, alt\u0131n\u0131n ise d\u00fcnya olaca\u011f\u0131n\u0131 umar. \ufffcTan\u0131t\u0131m Metni<\/p>\n","protected":false},"excerpt":{"rendered":"<p>Gerek yazar gerek okur olman\u0131nprofilini de\u011fi\u015ftiren, \u0130talyan edebiyat\u0131n\u0131n b\u00fcy\u00fck ustas\u0131 Italo Calvino&#8217;dan d\u00fcnyay\u0131 tersten okumak \u00fczere bir kitap: Kesi\u015fen Yazg\u0131lar \u015eatosu. S\u0131k bir orman\u0131n ortas\u0131nda bir<span class=\"excerpt-hellip\"> [\u2026]<\/span><\/p>\n","protected":false},"featured_media":0,"template":"","meta":{"_monsterinsights_skip_tracking":false,"_monsterinsights_sitenote_active":false,"_monsterinsights_sitenote_note":"","_monsterinsights_sitenote_category":0},"product_brand":[],"product_cat":[12291,14218],"product_tag":[],"class_list":{"0":"post-694060","1":"product","2":"type-product","3":"status-publish","5":"product_cat-edebiyat","6":"product_cat-italyan-edebiyati","7":"pa_cilt-ciltsiz","8":"pa_tur-kitap","9":"pa_yayinevi-yapi-kredi-yayinlari","10":"pa_yazar-italo-calvino","12":"first","13":"instock","14":"sale","15":"shipping-taxable","16":"purchasable","17":"product-type-simple"},"_links":{"self":[{"href":"https:\/\/roveyayinevi.com.tr\/index.php\/wp-json\/wp\/v2\/product\/694060","targetHints":{"allow":["GET"]}}],"collection":[{"href":"https:\/\/roveyayinevi.com.tr\/index.php\/wp-json\/wp\/v2\/product"}],"about":[{"href":"https:\/\/roveyayinevi.com.tr\/index.php\/wp-json\/wp\/v2\/types\/product"}],"wp:attachment":[{"href":"https:\/\/roveyayinevi.com.tr\/index.php\/wp-json\/wp\/v2\/media?parent=694060"}],"wp:term":[{"taxonomy":"product_brand","embeddable":true,"href":"https:\/\/roveyayinevi.com.tr\/index.php\/wp-json\/wp\/v2\/product_brand?post=694060"},{"taxonomy":"product_cat","embeddable":true,"href":"https:\/\/roveyayinevi.com.tr\/index.php\/wp-json\/wp\/v2\/product_cat?post=694060"},{"taxonomy":"product_tag","embeddable":true,"href":"https:\/\/roveyayinevi.com.tr\/index.php\/wp-json\/wp\/v2\/product_tag?post=694060"}],"curies":[{"name":"wp","href":"https:\/\/api.w.org\/{rel}","templated":true}]}}