{"id":694056,"date":"2025-08-27T14:18:46","date_gmt":"2025-08-27T11:18:46","guid":{"rendered":"https:\/\/roveyayinevi.com.tr\/index.php\/urun\/kirmizi-kizlar-catilari-gizler\/"},"modified":"2026-04-16T02:03:53","modified_gmt":"2026-04-15T23:03:53","slug":"kirmizi-kizlar-catilari-gizler","status":"publish","type":"product","link":"https:\/\/roveyayinevi.com.tr\/index.php\/urun\/kirmizi-kizlar-catilari-gizler\/","title":{"rendered":"K\u0131rm\u0131z\u0131 K\u0131zlar \u00c7at\u0131lar\u0131 Gizler"},"content":{"rendered":"<p>Biri size: Birbirine ulan\u0131r \/ D\u00fcnya dolan\u0131r , Aya\u011f\u0131mdan g\u00f6merler \/ Ba\u015f\u0131m\u0131 tokmakla d\u00f6verler , Bir y\u0131lanl\u0131 kuyuyum \/ Karanl\u0131\u011f\u0131n nuruyum gibi tuhaf dizeler f\u0131s\u0131ldayorsa, sak\u0131n \u015fa\u015f\u0131rmay\u0131n&#8230; Bunlar, Yalva\u00e7 Ural&#8217;\u0131n ka\u00e7 ku\u015fak yeti\u015ftirmi\u015f, ad\u0131n\u0131 da g\u00fczel bir bilmeceden alan K\u0131rm\u0131z\u0131 K\u0131zlar \u00c7at\u0131lar\u0131 Gizler kitab\u0131ndaki bilmecelerden biridir. Cevaplar\u0131n\u0131 bilemedinizse, ayna yard\u0131m\u0131yla okuyabilirsiniz. \ufffc<\/p>\n","protected":false},"excerpt":{"rendered":"<p>Biri size: Birbirine ulan\u0131r \/ D\u00fcnya dolan\u0131r , Aya\u011f\u0131mdan g\u00f6merler \/ Ba\u015f\u0131m\u0131 tokmakla d\u00f6verler , Bir y\u0131lanl\u0131 kuyuyum \/ Karanl\u0131\u011f\u0131n nuruyum gibi tuhaf dizeler f\u0131s\u0131ldayorsa, sak\u0131n<span class=\"excerpt-hellip\"> [\u2026]<\/span><\/p>\n","protected":false},"featured_media":0,"template":"","meta":{"_monsterinsights_skip_tracking":false,"_monsterinsights_sitenote_active":false,"_monsterinsights_sitenote_note":"","_monsterinsights_sitenote_category":0},"product_brand":[],"product_cat":[12492,12274],"product_tag":[],"class_list":{"0":"post-694056","1":"product","2":"type-product","3":"status-publish","5":"product_cat-bilmece-bulmaca","6":"product_cat-cocuk-ve-genclik-kitaplari","7":"pa_cilt-ciltsiz","8":"pa_tur-kitap","9":"pa_yayinevi-yapi-kredi-yayinlari","10":"pa_yazar-yalvac-ural","12":"first","13":"instock","14":"sale","15":"shipping-taxable","16":"purchasable","17":"product-type-simple"},"_links":{"self":[{"href":"https:\/\/roveyayinevi.com.tr\/index.php\/wp-json\/wp\/v2\/product\/694056","targetHints":{"allow":["GET"]}}],"collection":[{"href":"https:\/\/roveyayinevi.com.tr\/index.php\/wp-json\/wp\/v2\/product"}],"about":[{"href":"https:\/\/roveyayinevi.com.tr\/index.php\/wp-json\/wp\/v2\/types\/product"}],"wp:attachment":[{"href":"https:\/\/roveyayinevi.com.tr\/index.php\/wp-json\/wp\/v2\/media?parent=694056"}],"wp:term":[{"taxonomy":"product_brand","embeddable":true,"href":"https:\/\/roveyayinevi.com.tr\/index.php\/wp-json\/wp\/v2\/product_brand?post=694056"},{"taxonomy":"product_cat","embeddable":true,"href":"https:\/\/roveyayinevi.com.tr\/index.php\/wp-json\/wp\/v2\/product_cat?post=694056"},{"taxonomy":"product_tag","embeddable":true,"href":"https:\/\/roveyayinevi.com.tr\/index.php\/wp-json\/wp\/v2\/product_tag?post=694056"}],"curies":[{"name":"wp","href":"https:\/\/api.w.org\/{rel}","templated":true}]}}