{"id":694053,"date":"2025-08-27T14:18:46","date_gmt":"2025-08-27T11:18:46","guid":{"rendered":"https:\/\/roveyayinevi.com.tr\/index.php\/urun\/omuzumda-hemence\/"},"modified":"2026-04-16T02:03:53","modified_gmt":"2026-04-15T23:03:53","slug":"omuzumda-hemence","status":"publish","type":"product","link":"https:\/\/roveyayinevi.com.tr\/index.php\/urun\/omuzumda-hemence\/","title":{"rendered":"Omuzumda Hemen\u00e7e"},"content":{"rendered":"<p>Halk Partisi\u2019nin son d\u00f6nemleri oldu\u011fundan, her ne kadar Kur\u2019\u00e2n okutma yasa\u011f\u0131 biraz gev\u015fese de ortamda yine jandarma korkusu h\u00e2kimdi. Bunun i\u00e7in hocam\u0131z, caminin \u00f6n\u00fcne daima i\u00e7imizden bir n\u00f6bet\u00e7i diker ve \u00c7aykara yolundan jandarmalar\u0131n gelmekte oldu\u011fu haberi geldi\u011finde, hemen Kur\u2019\u00e2nlar\u0131m\u0131z\u0131 caminin tavan aras\u0131ndaki bo\u015flu\u011fa gizler ve cami etraf\u0131nda oynamaya koyulurduk. Her ciddi olaydan bile, bir oyun \u00e7\u0131karmakta mahir olan talebeler, bu n\u00f6bet g\u00f6revini hi\u00e7 savsaklamazlar, \u015fakaya al\u0131p, sahte alarm vermezlerdi. <\/p>\n","protected":false},"excerpt":{"rendered":"<p>Halk Partisi\u2019nin son d\u00f6nemleri oldu\u011fundan, her ne kadar Kur\u2019\u00e2n okutma yasa\u011f\u0131 biraz gev\u015fese de ortamda yine jandarma korkusu h\u00e2kimdi. Bunun i\u00e7in hocam\u0131z, caminin \u00f6n\u00fcne daima i\u00e7imizden<span class=\"excerpt-hellip\"> [\u2026]<\/span><\/p>\n","protected":false},"featured_media":0,"template":"","meta":{"_monsterinsights_skip_tracking":false,"_monsterinsights_sitenote_active":false,"_monsterinsights_sitenote_note":"","_monsterinsights_sitenote_category":0},"product_brand":[],"product_cat":[12312,12304],"product_tag":[],"class_list":{"0":"post-694053","1":"product","2":"type-product","3":"status-publish","5":"product_cat-diger","6":"product_cat-tarih","7":"pa_tur-kitap","8":"pa_yayinevi-timas-yayinlari","9":"pa_yazar-ali-kemal-saran","11":"first","12":"instock","13":"sale","14":"shipping-taxable","15":"purchasable","16":"product-type-simple"},"_links":{"self":[{"href":"https:\/\/roveyayinevi.com.tr\/index.php\/wp-json\/wp\/v2\/product\/694053","targetHints":{"allow":["GET"]}}],"collection":[{"href":"https:\/\/roveyayinevi.com.tr\/index.php\/wp-json\/wp\/v2\/product"}],"about":[{"href":"https:\/\/roveyayinevi.com.tr\/index.php\/wp-json\/wp\/v2\/types\/product"}],"wp:attachment":[{"href":"https:\/\/roveyayinevi.com.tr\/index.php\/wp-json\/wp\/v2\/media?parent=694053"}],"wp:term":[{"taxonomy":"product_brand","embeddable":true,"href":"https:\/\/roveyayinevi.com.tr\/index.php\/wp-json\/wp\/v2\/product_brand?post=694053"},{"taxonomy":"product_cat","embeddable":true,"href":"https:\/\/roveyayinevi.com.tr\/index.php\/wp-json\/wp\/v2\/product_cat?post=694053"},{"taxonomy":"product_tag","embeddable":true,"href":"https:\/\/roveyayinevi.com.tr\/index.php\/wp-json\/wp\/v2\/product_tag?post=694053"}],"curies":[{"name":"wp","href":"https:\/\/api.w.org\/{rel}","templated":true}]}}