{"id":694049,"date":"2025-08-27T14:18:45","date_gmt":"2025-08-27T11:18:45","guid":{"rendered":"https:\/\/roveyayinevi.com.tr\/index.php\/urun\/gozu-boynuz-ile-izi-yaldiz\/"},"modified":"2025-10-08T10:09:39","modified_gmt":"2025-10-08T07:09:39","slug":"gozu-boynuz-ile-izi-yaldiz","status":"publish","type":"product","link":"https:\/\/roveyayinevi.com.tr\/index.php\/urun\/gozu-boynuz-ile-izi-yaldiz\/","title":{"rendered":"G\u00f6z\u00fc Boynuz ile \u0130zi Yald\u0131z"},"content":{"rendered":"<p>G\u00f6z\u00fc Boynuz ile \u0130zi Yald\u0131z, \u00e7ocuk edebiyat\u0131m\u0131z\u0131n en \u00f6nemli yazarlar\u0131ndan Yalva\u00e7 Ural&#8217;\u0131n hem yaz\u0131p hem resimledi\u011fi bir kitap. Salyangoz yavrular\u0131 G\u00fcm\u00fc\u015f ile \u00dc\u015fenge\u00e7&#8217;in hayata at\u0131l\u0131rken ba\u015flar\u0131ndan ge\u00e7enler&#8230; <\/p>\n","protected":false},"excerpt":{"rendered":"<p>G\u00f6z\u00fc Boynuz ile \u0130zi Yald\u0131z, \u00e7ocuk edebiyat\u0131m\u0131z\u0131n en \u00f6nemli yazarlar\u0131ndan Yalva\u00e7 Ural&#8217;\u0131n hem yaz\u0131p hem resimledi\u011fi bir kitap. Salyangoz yavrular\u0131 G\u00fcm\u00fc\u015f ile \u00dc\u015fenge\u00e7&#8217;in hayata at\u0131l\u0131rken ba\u015flar\u0131ndan<span class=\"excerpt-hellip\"> [\u2026]<\/span><\/p>\n","protected":false},"featured_media":0,"template":"","meta":{"_monsterinsights_skip_tracking":false,"_monsterinsights_sitenote_active":false,"_monsterinsights_sitenote_note":"","_monsterinsights_sitenote_category":0},"product_brand":[],"product_cat":[12274,12284],"product_tag":[],"class_list":{"0":"post-694049","1":"product","2":"type-product","3":"status-publish","5":"product_cat-cocuk-ve-genclik-kitaplari","6":"product_cat-hikayeler","7":"pa_cilt-ciltsiz","8":"pa_tur-kitap","9":"pa_yayinevi-yapi-kredi-yayinlari","10":"pa_yazar-yalvac-ural","12":"first","13":"instock","14":"sale","15":"shipping-taxable","16":"purchasable","17":"product-type-simple"},"_links":{"self":[{"href":"https:\/\/roveyayinevi.com.tr\/index.php\/wp-json\/wp\/v2\/product\/694049","targetHints":{"allow":["GET"]}}],"collection":[{"href":"https:\/\/roveyayinevi.com.tr\/index.php\/wp-json\/wp\/v2\/product"}],"about":[{"href":"https:\/\/roveyayinevi.com.tr\/index.php\/wp-json\/wp\/v2\/types\/product"}],"wp:attachment":[{"href":"https:\/\/roveyayinevi.com.tr\/index.php\/wp-json\/wp\/v2\/media?parent=694049"}],"wp:term":[{"taxonomy":"product_brand","embeddable":true,"href":"https:\/\/roveyayinevi.com.tr\/index.php\/wp-json\/wp\/v2\/product_brand?post=694049"},{"taxonomy":"product_cat","embeddable":true,"href":"https:\/\/roveyayinevi.com.tr\/index.php\/wp-json\/wp\/v2\/product_cat?post=694049"},{"taxonomy":"product_tag","embeddable":true,"href":"https:\/\/roveyayinevi.com.tr\/index.php\/wp-json\/wp\/v2\/product_tag?post=694049"}],"curies":[{"name":"wp","href":"https:\/\/api.w.org\/{rel}","templated":true}]}}