{"id":694048,"date":"2025-08-27T14:18:44","date_gmt":"2025-08-27T11:18:44","guid":{"rendered":"https:\/\/roveyayinevi.com.tr\/index.php\/urun\/hatiratim\/"},"modified":"2025-11-22T02:32:35","modified_gmt":"2025-11-21T23:32:35","slug":"hatiratim","status":"publish","type":"product","link":"https:\/\/roveyayinevi.com.tr\/index.php\/urun\/hatiratim\/","title":{"rendered":"Hat\u0131rat\u0131m"},"content":{"rendered":"<p>Talat Aydemir&#8217;in an\u0131lar\u0131n\u0131n bir b\u00f6l\u00fcm\u00fc 1965 y\u0131l\u0131nda Ak\u015fam gazetisinde tefrika edilmi\u015f ve hemen sonra MAY yay\u0131nlar\u0131 taraf\u0131ndan ilk cildi yay\u0131mlanm\u0131\u015ft\u0131. Elinizdeki kitap Aydemir&#8217;in kendi el yaz\u0131s\u0131 ile kalime ald\u0131\u011f\u0131 b\u00fct\u00fcn an\u0131lar\u0131n\u0131 kapsamaktad\u0131r ve tamam\u0131 ilk defa yay\u0131mlanmaktad\u0131r. YKY, Aydemir7in Hat\u0131rat\u0131m&#8217;\u0131yla tarihe bir kay\u0131t daha d\u00fc\u015fmektedir. Y\u00fcksek mahkeme huzurunda 2 A\u011fustaos 963 g\u00fcn\u00fc \u015fahsen yapt\u0131\u011f\u0131m m\u00fcdafaam\u0131n sonunda \u00f6l\u00fcm\u00fc tercih etti\u011fimi bildirmi\u015f, bunun da k\u0131saca sebeplerini arz etme\u015ftim. Benden sonra m\u00fcdafaalar\u0131n\u0131 yapan baz\u0131 san\u0131k ve avukatlar\u0131n\u0131 dinledikten sonra bu arzumda ne kadar isabetli oldu\u011fumu bir kere daha a\u00e7\u0131k\u00e7a anlad\u0131m. (&#8230;) Ahlak telakkilerinin herkese g\u00f6re de\u011fi\u015fmi\u015f oldu\u011fu mahkeme safhas\u0131nda daha iyi anlam\u0131\u015f oldum. Mahkeme huzurunda konu\u015fan san\u0131k ve avukatlar en b\u00fcy\u00fck karakter imtihan\u0131n\u0131 vermi\u015flerdir. Mahkemelerden ceza almak veya almamak bu gibi ihtilal davalar\u0131nda bence bir mesele te\u015fkil etmez. Esas olan insanlar\u0131 cemiyetler mahkum ederse kurtulu\u015f \u00e7aresi yoktur. \u0130nand\u0131\u011f\u0131m bir dava u\u011frunda bilerek, i\u00e7ten gelen bir inan\u0131\u015fla m\u00fccadele ettim. \u015eimdi cezam\u0131 seve seve \u00e7ekece\u011fim. \u00c7\u00fcnk\u00fc m\u00fcstahak\u0131m. Beraber yola \u00e7\u0131kt\u0131\u011f\u0131m kadroyu iyi se\u00e7memi\u015fim. Hayatta daima hareketlerimi s\u00f6zlerime uyduranbir insan\u0131m. Aksini yapan sahte idealistlerden de art\u0131k kurtuldum. \ufffcTan\u0131t\u0131m Metni<\/p>\n","protected":false},"excerpt":{"rendered":"<p>Talat Aydemir&#8217;in an\u0131lar\u0131n\u0131n bir b\u00f6l\u00fcm\u00fc 1965 y\u0131l\u0131nda Ak\u015fam gazetisinde tefrika edilmi\u015f ve hemen sonra MAY yay\u0131nlar\u0131 taraf\u0131ndan ilk cildi yay\u0131mlanm\u0131\u015ft\u0131. Elinizdeki kitap Aydemir&#8217;in kendi el yaz\u0131s\u0131<span class=\"excerpt-hellip\"> [\u2026]<\/span><\/p>\n","protected":false},"featured_media":0,"template":"","meta":{"_monsterinsights_skip_tracking":false,"_monsterinsights_sitenote_active":false,"_monsterinsights_sitenote_note":"","_monsterinsights_sitenote_category":0},"product_brand":[],"product_cat":[12312,12304],"product_tag":[],"class_list":{"0":"post-694048","1":"product","2":"type-product","3":"status-publish","5":"product_cat-diger","6":"product_cat-tarih","7":"pa_cilt-ciltsiz","8":"pa_tur-kitap","9":"pa_yayinevi-yapi-kredi-yayinlari","10":"pa_yazar-talat-aydemir","12":"first","13":"instock","14":"sale","15":"shipping-taxable","16":"purchasable","17":"product-type-simple"},"_links":{"self":[{"href":"https:\/\/roveyayinevi.com.tr\/index.php\/wp-json\/wp\/v2\/product\/694048","targetHints":{"allow":["GET"]}}],"collection":[{"href":"https:\/\/roveyayinevi.com.tr\/index.php\/wp-json\/wp\/v2\/product"}],"about":[{"href":"https:\/\/roveyayinevi.com.tr\/index.php\/wp-json\/wp\/v2\/types\/product"}],"wp:attachment":[{"href":"https:\/\/roveyayinevi.com.tr\/index.php\/wp-json\/wp\/v2\/media?parent=694048"}],"wp:term":[{"taxonomy":"product_brand","embeddable":true,"href":"https:\/\/roveyayinevi.com.tr\/index.php\/wp-json\/wp\/v2\/product_brand?post=694048"},{"taxonomy":"product_cat","embeddable":true,"href":"https:\/\/roveyayinevi.com.tr\/index.php\/wp-json\/wp\/v2\/product_cat?post=694048"},{"taxonomy":"product_tag","embeddable":true,"href":"https:\/\/roveyayinevi.com.tr\/index.php\/wp-json\/wp\/v2\/product_tag?post=694048"}],"curies":[{"name":"wp","href":"https:\/\/api.w.org\/{rel}","templated":true}]}}