{"id":694046,"date":"2025-08-27T14:18:44","date_gmt":"2025-08-27T11:18:44","guid":{"rendered":"https:\/\/roveyayinevi.com.tr\/index.php\/urun\/harry-potter-ve-felsefe-tasi-1-kitap\/"},"modified":"2026-04-16T02:03:53","modified_gmt":"2026-04-15T23:03:53","slug":"harry-potter-ve-felsefe-tasi-1-kitap","status":"publish","type":"product","link":"https:\/\/roveyayinevi.com.tr\/index.php\/urun\/harry-potter-ve-felsefe-tasi-1-kitap\/","title":{"rendered":"Harry Potter ve Felsefe Ta\u015f\u0131 (1. Kitap)"},"content":{"rendered":"<p>\u201cHarry, elleri titreyerek zarf\u0131 \u00e7evirince mor balmumundan bir m\u00fch\u00fcr g\u00f6rd\u00fc; bir arma koca bir \u2018H\u2019 harfinin \u00e7evresinde bir aslan, bir kartal, bir porsuk, bir de y\u0131lan.\u201dHarry Potter s\u0131radan bir \u00e7ocuk oldu\u011funu san\u0131rken, bir bayku\u015fun getirdi\u011fi mektupla ya\u015fam\u0131 de\u011fi\u015fir: Ba\u015fvurmad\u0131\u011f\u0131 halde Hogwarts Cad\u0131l\u0131k ve B\u00fcy\u00fcc\u00fcl\u00fck Okulu\u2019na kabul edilmi\u015ftir. Burada birbirinden ilgin\u00e7 dersler al\u0131r, iki arkada\u015f\u0131yla birlikte maceradan maceraya ko\u015far. Ya\u015fayarak \u00f6\u011frendikleri sayesinde k\u00fc\u00e7\u00fck ya\u015fta becerikli bir b\u00fcy\u00fcc\u00fc olup \u00e7\u0131kar.<\/p>\n","protected":false},"excerpt":{"rendered":"<p>\u201cHarry, elleri titreyerek zarf\u0131 \u00e7evirince mor balmumundan bir m\u00fch\u00fcr g\u00f6rd\u00fc; bir arma koca bir \u2018H\u2019 harfinin \u00e7evresinde bir aslan, bir kartal, bir porsuk, bir de y\u0131lan.\u201dHarry<span class=\"excerpt-hellip\"> [\u2026]<\/span><\/p>\n","protected":false},"featured_media":0,"template":"","meta":{"_monsterinsights_skip_tracking":false,"_monsterinsights_sitenote_active":false,"_monsterinsights_sitenote_note":"","_monsterinsights_sitenote_category":0},"product_brand":[],"product_cat":[12291,14777],"product_tag":[],"class_list":{"0":"post-694046","1":"product","2":"type-product","3":"status-publish","5":"product_cat-edebiyat","6":"product_cat-fantastik","7":"pa_cilt-ciltsiz","8":"pa_tur-kitap","9":"pa_yayinevi-yapi-kredi-yayinlari","10":"pa_yazar-j-k-rowling","12":"first","13":"instock","14":"sale","15":"shipping-taxable","16":"purchasable","17":"product-type-simple"},"_links":{"self":[{"href":"https:\/\/roveyayinevi.com.tr\/index.php\/wp-json\/wp\/v2\/product\/694046","targetHints":{"allow":["GET"]}}],"collection":[{"href":"https:\/\/roveyayinevi.com.tr\/index.php\/wp-json\/wp\/v2\/product"}],"about":[{"href":"https:\/\/roveyayinevi.com.tr\/index.php\/wp-json\/wp\/v2\/types\/product"}],"wp:attachment":[{"href":"https:\/\/roveyayinevi.com.tr\/index.php\/wp-json\/wp\/v2\/media?parent=694046"}],"wp:term":[{"taxonomy":"product_brand","embeddable":true,"href":"https:\/\/roveyayinevi.com.tr\/index.php\/wp-json\/wp\/v2\/product_brand?post=694046"},{"taxonomy":"product_cat","embeddable":true,"href":"https:\/\/roveyayinevi.com.tr\/index.php\/wp-json\/wp\/v2\/product_cat?post=694046"},{"taxonomy":"product_tag","embeddable":true,"href":"https:\/\/roveyayinevi.com.tr\/index.php\/wp-json\/wp\/v2\/product_tag?post=694046"}],"curies":[{"name":"wp","href":"https:\/\/api.w.org\/{rel}","templated":true}]}}