{"id":694045,"date":"2025-08-27T14:18:44","date_gmt":"2025-08-27T11:18:44","guid":{"rendered":"https:\/\/roveyayinevi.com.tr\/index.php\/urun\/harry-potter-ve-azkaban-tutsagi-3-kitap\/"},"modified":"2026-04-16T02:03:53","modified_gmt":"2026-04-15T23:03:53","slug":"harry-potter-ve-azkaban-tutsagi-3-kitap","status":"publish","type":"product","link":"https:\/\/roveyayinevi.com.tr\/index.php\/urun\/harry-potter-ve-azkaban-tutsagi-3-kitap\/","title":{"rendered":"Harry Potter ve Azkaban Tutsa\u011f\u0131 (3. Kitap)"},"content":{"rendered":"<p>\u201cMahsur kalm\u0131\u015f cad\u0131lar\u0131n ve b\u00fcy\u00fcc\u00fclerin acil durum ta\u015f\u0131t\u0131 H\u0131z\u0131r Otob\u00fcs\u2019e ho\u015f geldiniz. Asan\u0131z\u0131 tuttu\u011funuz elinizi uzat\u0131n, otob\u00fcse atlay\u0131n, sizi istedi\u011finiz yere g\u00f6t\u00fcrelim.\u201dSirius Black ad\u0131nda az\u0131l\u0131 bir katil, t\u00fcyler \u00fcrpertici Azkaban kalesinde tam on iki y\u0131l boyunca tutsak kalm\u0131\u015ft\u0131r. Tek lanetle on \u00fc\u00e7 ki\u015fiyi birden \u00f6ld\u00fcren Black\u2019in, Karanl\u0131k Lord Voldemort\u2019un hizmetk\u00e2r\u0131 oldu\u011funa kesin g\u00f6z\u00fcyle bak\u0131lmaktad\u0131r. Bir yolunu bulup Azkaban\u2019dan ka\u00e7an Black\u2019in pe\u015finde oldu\u011fu bir tek ki\u015fi vard\u0131r: Harry Potter. Harry, b\u00fcy\u00fcc\u00fcl\u00fck okulunun sihirli duvarlar\u0131 aras\u0131ndayken, arkada\u015flar\u0131 ve \u00f6\u011fretmenleriyle birlikteyken bile g\u00fcvende de\u011fildir. \u00c7\u00fcnk\u00fc aralar\u0131nda bir hain olabilir.<\/p>\n","protected":false},"excerpt":{"rendered":"<p>\u201cMahsur kalm\u0131\u015f cad\u0131lar\u0131n ve b\u00fcy\u00fcc\u00fclerin acil durum ta\u015f\u0131t\u0131 H\u0131z\u0131r Otob\u00fcs\u2019e ho\u015f geldiniz. Asan\u0131z\u0131 tuttu\u011funuz elinizi uzat\u0131n, otob\u00fcse atlay\u0131n, sizi istedi\u011finiz yere g\u00f6t\u00fcrelim.\u201dSirius Black ad\u0131nda az\u0131l\u0131 bir<span class=\"excerpt-hellip\"> [\u2026]<\/span><\/p>\n","protected":false},"featured_media":0,"template":"","meta":{"_monsterinsights_skip_tracking":false,"_monsterinsights_sitenote_active":false,"_monsterinsights_sitenote_note":"","_monsterinsights_sitenote_category":0},"product_brand":[],"product_cat":[13835],"product_tag":[],"class_list":{"0":"post-694045","1":"product","2":"type-product","3":"status-publish","5":"product_cat-cok-satanlar","6":"pa_cilt-ciltsiz","7":"pa_tur-kitap","8":"pa_yayinevi-yapi-kredi-yayinlari","9":"pa_yazar-j-k-rowling","11":"first","12":"instock","13":"sale","14":"shipping-taxable","15":"purchasable","16":"product-type-simple"},"_links":{"self":[{"href":"https:\/\/roveyayinevi.com.tr\/index.php\/wp-json\/wp\/v2\/product\/694045","targetHints":{"allow":["GET"]}}],"collection":[{"href":"https:\/\/roveyayinevi.com.tr\/index.php\/wp-json\/wp\/v2\/product"}],"about":[{"href":"https:\/\/roveyayinevi.com.tr\/index.php\/wp-json\/wp\/v2\/types\/product"}],"wp:attachment":[{"href":"https:\/\/roveyayinevi.com.tr\/index.php\/wp-json\/wp\/v2\/media?parent=694045"}],"wp:term":[{"taxonomy":"product_brand","embeddable":true,"href":"https:\/\/roveyayinevi.com.tr\/index.php\/wp-json\/wp\/v2\/product_brand?post=694045"},{"taxonomy":"product_cat","embeddable":true,"href":"https:\/\/roveyayinevi.com.tr\/index.php\/wp-json\/wp\/v2\/product_cat?post=694045"},{"taxonomy":"product_tag","embeddable":true,"href":"https:\/\/roveyayinevi.com.tr\/index.php\/wp-json\/wp\/v2\/product_tag?post=694045"}],"curies":[{"name":"wp","href":"https:\/\/api.w.org\/{rel}","templated":true}]}}