{"id":694044,"date":"2025-08-27T14:18:44","date_gmt":"2025-08-27T11:18:44","guid":{"rendered":"https:\/\/roveyayinevi.com.tr\/index.php\/urun\/harry-potter-ve-ates-kadehi-4-kitap\/"},"modified":"2026-04-16T02:03:52","modified_gmt":"2026-04-15T23:03:52","slug":"harry-potter-ve-ates-kadehi-4-kitap","status":"publish","type":"product","link":"https:\/\/roveyayinevi.com.tr\/index.php\/urun\/harry-potter-ve-ates-kadehi-4-kitap\/","title":{"rendered":"Harry Potter ve Ate\u015f Kadehi (4. Kitap)"},"content":{"rendered":"<p>B\u00fcy\u00fcc\u00fcl\u00fck okulunda d\u00f6rd\u00fcnc\u00fc s\u0131n\u0131fa ge\u00e7en Harry, yaz tatilinde Dursley&#8217;lerden izin kopar\u0131p arkada\u015flar\u0131yla birlikte Quidditch D\u00fcnya Kupas\u0131 finalini izlemeye gider. Bu y\u0131l Hogqarts&#8217;taki en b\u00fcy\u00fck yenilik ise, \u00dc\u00e7b\u00fcy\u00fcc\u00fc Turnuvas\u0131&#8217;d\u0131r. \u00dc\u00e7 rakip b\u00fcy\u00fcc\u00fcl\u00fck okulunun kat\u0131l\u0131m\u0131yla ger\u00e7ekle\u015fen bu etkinlik y\u00fcz y\u0131ldan beri ilk kez d\u00fczenlenmektedir. Harry, istemedi\u011fi halde, ya\u015f\u0131 bile tutmad\u0131\u011f\u0131 halde, kendini bu Turnuva&#8217;n\u0131n i\u00e7inde bulur. Oysa onun tek istedi\u011fi, b\u00fcy\u00fcc\u00fcl\u00fck standartlar\u0131 i\u00e7inde olabildi\u011fince normal bir ya\u015fam s\u00fcrmek, yeni b\u00fcy\u00fcler \u00f6\u011frenerek kendini geli\u015ftirmek, Cho&#8217;yla ilgili hayaller kurmak, Ron ve Hermione&#8217;yle ho\u015f\u00e7a vakit ge\u00e7irmektir. Ancak, aln\u0131ndaki yara izinin ikide bir ac\u0131mas\u0131, korkun\u00e7 olaylar\u0131n yakla\u015fmakta oldu\u011funun habercisidir&#8230; Harry Potter ve Ate\u015f Kadehi&#8217;nde J.K. Rowling, dizinin \u00f6nceki kitaplar\u0131nda tan\u0131k oldu\u011fumuzdan hem \u00e7ok daha e\u011flenceli, hem de \u00e7ok daha \u00fcrk\u00fct\u00fcc\u00fc bir b\u00fcy\u00fcc\u00fcl\u00fck d\u00fcnyas\u0131n\u0131n kitaplar\u0131n\u0131 a\u00e7\u0131yor bizlere. S\u0131k\u0131c\u0131 tek bir sayfa yok&#8230; Olay \u00f6rg\u00fcs\u00fc ola\u011fan\u00fcst\u00fc bir yap-boz gibi b\u00fct\u00fcnleniyor. -Sunday Express- J.K. Rowling bekleneni veriyor&#8230; Bu, \u015fimdiye kadar yazd\u0131\u011f\u0131 en iyi kitap. -Sunday Telegraph- \ufffc<\/p>\n","protected":false},"excerpt":{"rendered":"<p>B\u00fcy\u00fcc\u00fcl\u00fck okulunda d\u00f6rd\u00fcnc\u00fc s\u0131n\u0131fa ge\u00e7en Harry, yaz tatilinde Dursley&#8217;lerden izin kopar\u0131p arkada\u015flar\u0131yla birlikte Quidditch D\u00fcnya Kupas\u0131 finalini izlemeye gider. Bu y\u0131l Hogqarts&#8217;taki en b\u00fcy\u00fck yenilik ise,<span class=\"excerpt-hellip\"> [\u2026]<\/span><\/p>\n","protected":false},"featured_media":0,"template":"","meta":{"_monsterinsights_skip_tracking":false,"_monsterinsights_sitenote_active":false,"_monsterinsights_sitenote_note":"","_monsterinsights_sitenote_category":0},"product_brand":[],"product_cat":[12291,14777],"product_tag":[],"class_list":{"0":"post-694044","1":"product","2":"type-product","3":"status-publish","5":"product_cat-edebiyat","6":"product_cat-fantastik","7":"pa_cilt-ciltsiz","8":"pa_tur-kitap","9":"pa_yayinevi-yapi-kredi-yayinlari","10":"pa_yazar-j-k-rowling","12":"first","13":"instock","14":"sale","15":"shipping-taxable","16":"purchasable","17":"product-type-simple"},"_links":{"self":[{"href":"https:\/\/roveyayinevi.com.tr\/index.php\/wp-json\/wp\/v2\/product\/694044","targetHints":{"allow":["GET"]}}],"collection":[{"href":"https:\/\/roveyayinevi.com.tr\/index.php\/wp-json\/wp\/v2\/product"}],"about":[{"href":"https:\/\/roveyayinevi.com.tr\/index.php\/wp-json\/wp\/v2\/types\/product"}],"wp:attachment":[{"href":"https:\/\/roveyayinevi.com.tr\/index.php\/wp-json\/wp\/v2\/media?parent=694044"}],"wp:term":[{"taxonomy":"product_brand","embeddable":true,"href":"https:\/\/roveyayinevi.com.tr\/index.php\/wp-json\/wp\/v2\/product_brand?post=694044"},{"taxonomy":"product_cat","embeddable":true,"href":"https:\/\/roveyayinevi.com.tr\/index.php\/wp-json\/wp\/v2\/product_cat?post=694044"},{"taxonomy":"product_tag","embeddable":true,"href":"https:\/\/roveyayinevi.com.tr\/index.php\/wp-json\/wp\/v2\/product_tag?post=694044"}],"curies":[{"name":"wp","href":"https:\/\/api.w.org\/{rel}","templated":true}]}}