{"id":694043,"date":"2025-08-27T14:18:43","date_gmt":"2025-08-27T11:18:43","guid":{"rendered":"https:\/\/roveyayinevi.com.tr\/index.php\/urun\/hafizin-yolculugu\/"},"modified":"2025-09-01T08:50:03","modified_gmt":"2025-09-01T05:50:03","slug":"hafizin-yolculugu","status":"publish","type":"product","link":"https:\/\/roveyayinevi.com.tr\/index.php\/urun\/hafizin-yolculugu\/","title":{"rendered":"Haf\u0131z\u2019\u0131n Yolculu\u011fu"},"content":{"rendered":"<p>Haf\u0131z&#8217;\u0131n Yolculu\u011fu: Gizemli, \u00e7ekici, d\u00fc\u015fsel, \u015fiirsel, \u00e7arp\u0131c\u0131 ve renkli bir Do\u011fu \u00f6yk\u00fcs\u00fc!Jan Potocki&#8217;nin koluna girip Haf\u0131z&#8217;\u0131n yolculu\u011funa \u00e7\u0131kt\u0131\u011f\u0131n\u0131zda bu \u00f6yk\u00fcn\u00fcn i\u00e7inde size de yer oldu\u011funu g\u00f6receksiniz. \u00c7ok \u00e7ok uzun y\u0131llar \u00f6ncesinde ge\u00e7en, zekice kurgulanm\u0131\u015f bu k\u00fc\u00e7\u00fcc\u00fck kitab\u0131n c\u00fcssesine bak\u0131p aldanmamak gerek!<\/p>\n","protected":false},"excerpt":{"rendered":"<p>Haf\u0131z&#8217;\u0131n Yolculu\u011fu: Gizemli, \u00e7ekici, d\u00fc\u015fsel, \u015fiirsel, \u00e7arp\u0131c\u0131 ve renkli bir Do\u011fu \u00f6yk\u00fcs\u00fc!Jan Potocki&#8217;nin koluna girip Haf\u0131z&#8217;\u0131n yolculu\u011funa \u00e7\u0131kt\u0131\u011f\u0131n\u0131zda bu \u00f6yk\u00fcn\u00fcn i\u00e7inde size de yer oldu\u011funu g\u00f6receksiniz.<span class=\"excerpt-hellip\"> [\u2026]<\/span><\/p>\n","protected":false},"featured_media":0,"template":"","meta":{"_monsterinsights_skip_tracking":false,"_monsterinsights_sitenote_active":false,"_monsterinsights_sitenote_note":"","_monsterinsights_sitenote_category":0},"product_brand":[],"product_cat":[12291,12711],"product_tag":[],"class_list":{"0":"post-694043","1":"product","2":"type-product","3":"status-publish","5":"product_cat-edebiyat","6":"product_cat-roman-oyku","7":"pa_cilt-ciltsiz","8":"pa_tur-kitap","9":"pa_yayinevi-yapi-kredi-yayinlari","10":"pa_yazar-jan-potocki","12":"first","13":"instock","14":"sale","15":"shipping-taxable","16":"purchasable","17":"product-type-simple"},"_links":{"self":[{"href":"https:\/\/roveyayinevi.com.tr\/index.php\/wp-json\/wp\/v2\/product\/694043","targetHints":{"allow":["GET"]}}],"collection":[{"href":"https:\/\/roveyayinevi.com.tr\/index.php\/wp-json\/wp\/v2\/product"}],"about":[{"href":"https:\/\/roveyayinevi.com.tr\/index.php\/wp-json\/wp\/v2\/types\/product"}],"wp:attachment":[{"href":"https:\/\/roveyayinevi.com.tr\/index.php\/wp-json\/wp\/v2\/media?parent=694043"}],"wp:term":[{"taxonomy":"product_brand","embeddable":true,"href":"https:\/\/roveyayinevi.com.tr\/index.php\/wp-json\/wp\/v2\/product_brand?post=694043"},{"taxonomy":"product_cat","embeddable":true,"href":"https:\/\/roveyayinevi.com.tr\/index.php\/wp-json\/wp\/v2\/product_cat?post=694043"},{"taxonomy":"product_tag","embeddable":true,"href":"https:\/\/roveyayinevi.com.tr\/index.php\/wp-json\/wp\/v2\/product_tag?post=694043"}],"curies":[{"name":"wp","href":"https:\/\/api.w.org\/{rel}","templated":true}]}}