{"id":694042,"date":"2025-08-27T14:18:43","date_gmt":"2025-08-27T11:18:43","guid":{"rendered":"https:\/\/roveyayinevi.com.tr\/index.php\/urun\/haci-aga\/"},"modified":"2026-04-16T02:03:52","modified_gmt":"2026-04-15T23:03:52","slug":"haci-aga","status":"publish","type":"product","link":"https:\/\/roveyayinevi.com.tr\/index.php\/urun\/haci-aga\/","title":{"rendered":"Hac\u0131 Aga"},"content":{"rendered":"<p>S\u00e2d\u0131k Hid\u00e2yet\u2019i ba\u015fyap\u0131t\u0131 K\u00f6r Bayku\u015f\u2019ta ve \u00f6yk\u00fclerinde Kafka gibi modernistlerin izinde ger\u00e7ek\u00fcst\u00fcc\u00fc bir yazar olarak tan\u0131d\u0131k; Vejetaryenli\u011fin Yararlar\u0131\u2019nda vejetaryen olmakla kalmayan, bu konuyu t\u00fcm y\u00f6nleriyle inceleyip ara\u015ft\u0131ran kimli\u011fini g\u00f6rd\u00fck. Hac\u0131 Aga\u2019da ise ger\u00e7ek\u00e7i bir ta\u015flama yazar\u0131yla kar\u015f\u0131la\u015f\u0131yoruz. Hac\u0131 Aga b\u00fct\u00fcn g\u00fcn evinin ta\u015fl\u0131\u011f\u0131nda oturur ve misafirlerini kabul eder. Her \u015fey tiyatro dekorunu and\u0131ran bu mek\u00e2nda ya\u015fan\u0131r: \u00c7e\u015fitli ki\u015filer sahneye girip \u00e7\u0131kar; evin sahibiyle demokrasiden ve sava\u015ftan, hastal\u0131klardan ve ticaretten konu\u015furlar. Kendine bir ge\u00e7mi\u015f icat ederek ve g\u00fc\u00e7l\u00fc ili\u015fkiler kurarak y\u00fckselmi\u015f olan Hac\u0131 Aga\u2019n\u0131n bir g\u00fcn\u00fcn\u00fcn hik\u00e2yesi b\u00f6ylece b\u00fct\u00fcn bir toplumun hik\u00e2yesine a\u00e7\u0131l\u0131r. S\u00e2d\u0131k Hid\u00e2yet, Hac\u0131 Aga\u2019da 1940\u2019lar\u0131n \u0130ran\u0131\u2019nda dini bile \u00e7\u0131karlar\u0131na alet etmekten \u00e7ekinmeyen sermaye \u00e7evrelerinin ve politikac\u0131lar\u0131n ipli\u011fini pazara \u00e7\u0131kar\u0131yor. Yerel bir hik\u00e2ye evrensel kahramanlarla can buluyor. \u201c&#8230; hepsinden \u00f6nemlisi Hac\u0131\u2019n\u0131n para tutkusuydu. Para onun sevgilisi, derman\u0131, onu zevklendiren, korkuya d\u00fc\u015f\u00fcren bir \u015feydi. Ya\u015fam\u0131n\u0131n tek amac\u0131 say\u0131l\u0131rd\u0131. Paran\u0131n ad\u0131ndan, para sesinden, para say\u0131lmas\u0131ndan daha zevk verici bir \u015fey yoktu; bitiyordu paraya. (&#8230;) Sanki para \u00e2leminde Hac\u0131, toplumun bu ileti\u015fim arac\u0131n\u0131 biriktirmek ve ona tapmakla g\u00f6revlendirilmi\u015fti.\u201d (Kitaptan) <\/p>\n","protected":false},"excerpt":{"rendered":"<p>S\u00e2d\u0131k Hid\u00e2yet\u2019i ba\u015fyap\u0131t\u0131 K\u00f6r Bayku\u015f\u2019ta ve \u00f6yk\u00fclerinde Kafka gibi modernistlerin izinde ger\u00e7ek\u00fcst\u00fcc\u00fc bir yazar olarak tan\u0131d\u0131k; Vejetaryenli\u011fin Yararlar\u0131\u2019nda vejetaryen olmakla kalmayan, bu konuyu t\u00fcm y\u00f6nleriyle inceleyip<span class=\"excerpt-hellip\"> [\u2026]<\/span><\/p>\n","protected":false},"featured_media":0,"template":"","meta":{"_monsterinsights_skip_tracking":false,"_monsterinsights_sitenote_active":false,"_monsterinsights_sitenote_note":"","_monsterinsights_sitenote_category":0},"product_brand":[],"product_cat":[13661,12291],"product_tag":[],"class_list":{"0":"post-694042","1":"product","2":"type-product","3":"status-publish","5":"product_cat-diger-ulke-edebiyatlari","6":"product_cat-edebiyat","7":"pa_cilt-ciltsiz","8":"pa_tur-kitap","9":"pa_yayinevi-yapi-kredi-yayinlari","10":"pa_yazar-sadik-hidayet","12":"first","13":"instock","14":"sale","15":"shipping-taxable","16":"purchasable","17":"product-type-simple"},"_links":{"self":[{"href":"https:\/\/roveyayinevi.com.tr\/index.php\/wp-json\/wp\/v2\/product\/694042","targetHints":{"allow":["GET"]}}],"collection":[{"href":"https:\/\/roveyayinevi.com.tr\/index.php\/wp-json\/wp\/v2\/product"}],"about":[{"href":"https:\/\/roveyayinevi.com.tr\/index.php\/wp-json\/wp\/v2\/types\/product"}],"wp:attachment":[{"href":"https:\/\/roveyayinevi.com.tr\/index.php\/wp-json\/wp\/v2\/media?parent=694042"}],"wp:term":[{"taxonomy":"product_brand","embeddable":true,"href":"https:\/\/roveyayinevi.com.tr\/index.php\/wp-json\/wp\/v2\/product_brand?post=694042"},{"taxonomy":"product_cat","embeddable":true,"href":"https:\/\/roveyayinevi.com.tr\/index.php\/wp-json\/wp\/v2\/product_cat?post=694042"},{"taxonomy":"product_tag","embeddable":true,"href":"https:\/\/roveyayinevi.com.tr\/index.php\/wp-json\/wp\/v2\/product_tag?post=694042"}],"curies":[{"name":"wp","href":"https:\/\/api.w.org\/{rel}","templated":true}]}}