{"id":694033,"date":"2025-08-27T14:18:05","date_gmt":"2025-08-27T11:18:05","guid":{"rendered":"https:\/\/roveyayinevi.com.tr\/index.php\/urun\/kasvetli-ev-2-cilt-takim\/"},"modified":"2026-04-16T02:03:52","modified_gmt":"2026-04-15T23:03:52","slug":"kasvetli-ev-2-cilt-takim","status":"publish","type":"product","link":"https:\/\/roveyayinevi.com.tr\/index.php\/urun\/kasvetli-ev-2-cilt-takim\/","title":{"rendered":"Kasvetli Ev (2 Cilt Tak\u0131m)"},"content":{"rendered":"<p>19. y\u00fczy\u0131l \u0130ngiliz roman\u0131n\u0131n Oliver Twist ve David Copperfield gibi unutulmaz tiplerinin ve \u00e7a\u011fda\u015f Noel mitinin yarat\u0131c\u0131s\u0131 Charles Dickens, \u00f6nemli bir toplumsal tarih kay\u0131t\u00e7\u0131s\u0131 olarak roman sanat\u0131na b\u00fcy\u00fck katk\u0131da bulunmu\u015ftur. Kafka&#8217;ya ilham veren romanlar\u0131, d\u00f6neminde b\u00fcy\u00fck pop\u00fclerli\u011fe sahip oldu\u011fu halde ele\u015ftirmenlerce ciddiye al\u0131nmam\u0131\u015ft\u0131, ancak 1950&#8217;lerden sonra yeniden de\u011ferlendirilmeye ba\u015fland\u0131. S\u00fcr\u00fckleyici polisiye kurgusu ve \u00e7ok katmanl\u0131 anlat\u0131m\u0131 ile Charles Dickens&#8217;\u0131n olgunluk \u00e7a\u011f\u0131 roman\u0131 kabul edilen Kasvetli Ev g\u00fc\u00e7l\u00fc bir toplumsal ele\u015ftiri ve sars\u0131c\u0131 bir g\u00f6zlem g\u00fcc\u00fc ile modern d\u00fcnyaya ge\u00e7i\u015fin sanc\u0131lar\u0131n\u0131, Victoria \u00e7a\u011f\u0131n\u0131n kat\u0131 ahlak\u00e7\u0131l\u0131\u011f\u0131n\u0131, \u00e7\u0131lg\u0131n Chancery Mahkemesi&#8217;nin delirticili\u011fini yans\u0131t\u0131r. Roman\u0131n Shakespeare&#8217;i nden so\u011fuk ikindinin en so\u011fu\u011fu, koyu sisin en koyusu ve \u00e7amurlu sokaklar\u0131n en \u00e7amurlusu , H. K. Browne&#8217;un ilk bask\u0131 i\u00e7in haz\u0131rlad\u0131\u011f\u0131 ill\u00fcstrasyonlar ve Asl\u0131 Bi\u00e7en&#8217;in titiz \u00e7evirisiyle ilk kez dilimizde. \ufffcTan\u0131t\u0131m Metni<\/p>\n","protected":false},"excerpt":{"rendered":"<p>19. y\u00fczy\u0131l \u0130ngiliz roman\u0131n\u0131n Oliver Twist ve David Copperfield gibi unutulmaz tiplerinin ve \u00e7a\u011fda\u015f Noel mitinin yarat\u0131c\u0131s\u0131 Charles Dickens, \u00f6nemli bir toplumsal tarih kay\u0131t\u00e7\u0131s\u0131 olarak roman<span class=\"excerpt-hellip\"> [\u2026]<\/span><\/p>\n","protected":false},"featured_media":0,"template":"","meta":{"_monsterinsights_skip_tracking":false,"_monsterinsights_sitenote_active":false,"_monsterinsights_sitenote_note":"","_monsterinsights_sitenote_category":0},"product_brand":[],"product_cat":[12291,12866],"product_tag":[],"class_list":{"0":"post-694033","1":"product","2":"type-product","3":"status-publish","5":"product_cat-edebiyat","6":"product_cat-ingiliz-edebiyati","7":"pa_cilt-ciltsiz","8":"pa_tur-kitap","9":"pa_yayinevi-yapi-kredi-yayinlari","10":"pa_yazar-charles-dickens","12":"first","13":"instock","14":"sale","15":"shipping-taxable","16":"purchasable","17":"product-type-simple"},"_links":{"self":[{"href":"https:\/\/roveyayinevi.com.tr\/index.php\/wp-json\/wp\/v2\/product\/694033","targetHints":{"allow":["GET"]}}],"collection":[{"href":"https:\/\/roveyayinevi.com.tr\/index.php\/wp-json\/wp\/v2\/product"}],"about":[{"href":"https:\/\/roveyayinevi.com.tr\/index.php\/wp-json\/wp\/v2\/types\/product"}],"wp:attachment":[{"href":"https:\/\/roveyayinevi.com.tr\/index.php\/wp-json\/wp\/v2\/media?parent=694033"}],"wp:term":[{"taxonomy":"product_brand","embeddable":true,"href":"https:\/\/roveyayinevi.com.tr\/index.php\/wp-json\/wp\/v2\/product_brand?post=694033"},{"taxonomy":"product_cat","embeddable":true,"href":"https:\/\/roveyayinevi.com.tr\/index.php\/wp-json\/wp\/v2\/product_cat?post=694033"},{"taxonomy":"product_tag","embeddable":true,"href":"https:\/\/roveyayinevi.com.tr\/index.php\/wp-json\/wp\/v2\/product_tag?post=694033"}],"curies":[{"name":"wp","href":"https:\/\/api.w.org\/{rel}","templated":true}]}}