{"id":694032,"date":"2025-08-27T14:18:05","date_gmt":"2025-08-27T11:18:05","guid":{"rendered":"https:\/\/roveyayinevi.com.tr\/index.php\/urun\/katalin-sokagi\/"},"modified":"2026-04-16T02:03:52","modified_gmt":"2026-04-15T23:03:52","slug":"katalin-sokagi","status":"publish","type":"product","link":"https:\/\/roveyayinevi.com.tr\/index.php\/urun\/katalin-sokagi\/","title":{"rendered":"Katalin Soka\u011f\u0131"},"content":{"rendered":"<p>Katalin Soka\u011f\u0131, Budape\u015fte\u2019de sava\u015f \u00f6ncesinde ayn\u0131 sokakta ya\u015fayan birbirleriyle ba\u011flant\u0131l\u0131 \u00fc\u00e7 ailenin hik\u00e2yesi. Bu kom\u015fular grubunun k\u00fc\u00e7\u00fck cenneti Nazilerin hoyrat\u00e7a m\u00fcdahalesiyle ebediyen sars\u0131l\u0131r. Art\u0131k hi\u00e7bir \u015fey eskisi gibi olamayacakt\u0131r. 1930\u2019lardan ba\u015flayarak Macaristan i\u00e7in hi\u00e7 de kolay olmayan 40 y\u0131l\u0131 kapsayan romanda Katalin Soka\u011f\u0131, kay\u0131p cennetin ve mutlu \u00e7ocuklu\u011fun simgesi olarak merkezi konumdad\u0131r.<\/p>\n","protected":false},"excerpt":{"rendered":"<p>Katalin Soka\u011f\u0131, Budape\u015fte\u2019de sava\u015f \u00f6ncesinde ayn\u0131 sokakta ya\u015fayan birbirleriyle ba\u011flant\u0131l\u0131 \u00fc\u00e7 ailenin hik\u00e2yesi. Bu kom\u015fular grubunun k\u00fc\u00e7\u00fck cenneti Nazilerin hoyrat\u00e7a m\u00fcdahalesiyle ebediyen sars\u0131l\u0131r. Art\u0131k hi\u00e7bir \u015fey<span class=\"excerpt-hellip\"> [\u2026]<\/span><\/p>\n","protected":false},"featured_media":0,"template":"","meta":{"_monsterinsights_skip_tracking":false,"_monsterinsights_sitenote_active":false,"_monsterinsights_sitenote_note":"","_monsterinsights_sitenote_category":0},"product_brand":[],"product_cat":[12291,12711],"product_tag":[],"class_list":{"0":"post-694032","1":"product","2":"type-product","3":"status-publish","5":"product_cat-edebiyat","6":"product_cat-roman-oyku","7":"pa_cilt-ciltsiz","8":"pa_tur-kitap","9":"pa_yayinevi-yapi-kredi-yayinlari","10":"pa_yazar-magda-szabo","12":"first","13":"instock","14":"sale","15":"shipping-taxable","16":"purchasable","17":"product-type-simple"},"_links":{"self":[{"href":"https:\/\/roveyayinevi.com.tr\/index.php\/wp-json\/wp\/v2\/product\/694032","targetHints":{"allow":["GET"]}}],"collection":[{"href":"https:\/\/roveyayinevi.com.tr\/index.php\/wp-json\/wp\/v2\/product"}],"about":[{"href":"https:\/\/roveyayinevi.com.tr\/index.php\/wp-json\/wp\/v2\/types\/product"}],"wp:attachment":[{"href":"https:\/\/roveyayinevi.com.tr\/index.php\/wp-json\/wp\/v2\/media?parent=694032"}],"wp:term":[{"taxonomy":"product_brand","embeddable":true,"href":"https:\/\/roveyayinevi.com.tr\/index.php\/wp-json\/wp\/v2\/product_brand?post=694032"},{"taxonomy":"product_cat","embeddable":true,"href":"https:\/\/roveyayinevi.com.tr\/index.php\/wp-json\/wp\/v2\/product_cat?post=694032"},{"taxonomy":"product_tag","embeddable":true,"href":"https:\/\/roveyayinevi.com.tr\/index.php\/wp-json\/wp\/v2\/product_tag?post=694032"}],"curies":[{"name":"wp","href":"https:\/\/api.w.org\/{rel}","templated":true}]}}