{"id":694029,"date":"2025-08-27T14:18:04","date_gmt":"2025-08-27T11:18:04","guid":{"rendered":"https:\/\/roveyayinevi.com.tr\/index.php\/urun\/benim-adim-kirmizi\/"},"modified":"2026-04-16T02:03:52","modified_gmt":"2026-04-15T23:03:52","slug":"benim-adim-kirmizi","status":"publish","type":"product","link":"https:\/\/roveyayinevi.com.tr\/index.php\/urun\/benim-adim-kirmizi\/","title":{"rendered":"Benim Ad\u0131m K\u0131rm\u0131z\u0131"},"content":{"rendered":"<p>Orhan Pam\u0131k&#8217;un en renkli ve en iyimser roman\u0131m dedi\u011fi Benim Ad\u0131m K\u0131rm\u0131z\u0131 1591 y\u0131l\u0131nda \u0130stanbul&#8217;da karl\u0131 dokuz k\u0131\u015f g\u00fcn\u00fcnde ge\u00e7iyor. \u0130ki k\u00fc\u00e7\u00fck o\u011flu birbirleriyle s\u00fcrekli \u00e7at\u0131\u015fan g\u00fczel \u015eek\u00fcre, d\u00f6rt y\u0131ld\u0131r sava\u015ftan d\u00f6nmeyen kocas\u0131n\u0131n yerine kendine yeni bir koca, sevgili aramaya ba\u015flay\u0131nca, o s\u0131rada babas\u0131n\u0131n tek tek eve \u00e7a\u011f\u0131rd\u0131\u011f\u0131 saray nakka\u015flar\u0131n\u0131 sakland\u0131\u011f\u0131 yerden seyreder. Eve gelen usta nakka\u015flar, babas\u0131n\u0131n denetimi alt\u0131nda Osmanl\u0131 Padi\u015fah\u0131&#8217;n\u0131n gizlice yapt\u0131rtt\u0131\u011f\u0131 bir kitap i\u00e7in Frenk etkisi ta\u015f\u0131yan tehlikeli resimler yapmaktad\u0131rlar.Aralar\u0131ndan biri \u00f6ld\u00fcr\u00fcl\u00fcnce, \u015eek\u00fcre&#8217;ye a\u015f\u0131k, teyzesinin o\u011flu Kara devreye girer. \u0130stanbul&#8217;da bir vaizin etraf\u0131nda toplanm\u0131\u015f, tekkelere kar\u015f\u0131 bir \u00e7evrenin bask\u0131lar\u0131, pahal\u0131l\u0131k ve korku h\u00fck\u00fcm s\u00fcrerken, geceleri bir kahvede toplanan nakka\u015flar ve hattatlar sivri dilli bir meddah\u0131n anlatt\u0131\u011f\u0131 hikayelerle e\u011flenirler. Herkesin kendi sesiyle konu\u015ftu\u011fu \u00f6l\u00fclerin e\u015fyalar\u0131n dillendi\u011fi, \u00f6l\u00fcm, sanat, a\u015fk, evlilik ve mutluluk \u00fczerine bu kitap, ayn\u0131 zamanda eski resim sanat\u0131n\u0131n unutulmu\u015f g\u00fczelliklerine bir a\u011f\u0131t.<\/p>\n","protected":false},"excerpt":{"rendered":"<p>Orhan Pam\u0131k&#8217;un en renkli ve en iyimser roman\u0131m dedi\u011fi Benim Ad\u0131m K\u0131rm\u0131z\u0131 1591 y\u0131l\u0131nda \u0130stanbul&#8217;da karl\u0131 dokuz k\u0131\u015f g\u00fcn\u00fcnde ge\u00e7iyor. \u0130ki k\u00fc\u00e7\u00fck o\u011flu birbirleriyle s\u00fcrekli \u00e7at\u0131\u015fan<span class=\"excerpt-hellip\"> [\u2026]<\/span><\/p>\n","protected":false},"featured_media":0,"template":"","meta":{"_monsterinsights_skip_tracking":false,"_monsterinsights_sitenote_active":false,"_monsterinsights_sitenote_note":"","_monsterinsights_sitenote_category":0},"product_brand":[],"product_cat":[12291,12292],"product_tag":[],"class_list":{"0":"post-694029","1":"product","2":"type-product","3":"status-publish","5":"product_cat-edebiyat","6":"product_cat-turk-edebiyati","7":"pa_cilt-ciltsiz","8":"pa_tur-kitap","9":"pa_yayinevi-yapi-kredi-yayinlari","10":"pa_yazar-orhan-pamuk","12":"first","13":"instock","14":"sale","15":"shipping-taxable","16":"purchasable","17":"product-type-simple"},"_links":{"self":[{"href":"https:\/\/roveyayinevi.com.tr\/index.php\/wp-json\/wp\/v2\/product\/694029","targetHints":{"allow":["GET"]}}],"collection":[{"href":"https:\/\/roveyayinevi.com.tr\/index.php\/wp-json\/wp\/v2\/product"}],"about":[{"href":"https:\/\/roveyayinevi.com.tr\/index.php\/wp-json\/wp\/v2\/types\/product"}],"wp:attachment":[{"href":"https:\/\/roveyayinevi.com.tr\/index.php\/wp-json\/wp\/v2\/media?parent=694029"}],"wp:term":[{"taxonomy":"product_brand","embeddable":true,"href":"https:\/\/roveyayinevi.com.tr\/index.php\/wp-json\/wp\/v2\/product_brand?post=694029"},{"taxonomy":"product_cat","embeddable":true,"href":"https:\/\/roveyayinevi.com.tr\/index.php\/wp-json\/wp\/v2\/product_cat?post=694029"},{"taxonomy":"product_tag","embeddable":true,"href":"https:\/\/roveyayinevi.com.tr\/index.php\/wp-json\/wp\/v2\/product_tag?post=694029"}],"curies":[{"name":"wp","href":"https:\/\/api.w.org\/{rel}","templated":true}]}}