{"id":694025,"date":"2025-08-27T14:18:03","date_gmt":"2025-08-27T11:18:03","guid":{"rendered":"https:\/\/roveyayinevi.com.tr\/index.php\/urun\/narziss-ve-goldmund\/"},"modified":"2026-04-16T02:03:52","modified_gmt":"2026-04-15T23:03:52","slug":"narziss-ve-goldmund","status":"publish","type":"product","link":"https:\/\/roveyayinevi.com.tr\/index.php\/urun\/narziss-ve-goldmund\/","title":{"rendered":"Narziss ve Goldmund"},"content":{"rendered":"<p>Hermann Hesse\u2019nin 1930 y\u0131l\u0131nda yazd\u0131\u011f\u0131 NARZISS VE GOLDMUND Orta\u00e7a\u011f\u2019da ya\u015fayan iki z\u0131t karakterin s\u0131rad\u0131\u015f\u0131 dostlu\u011fu ekseninde ya\u015fam, \u00f6l\u00fcm, sanat, us, a\u015fk, tutku ve cinselli\u011fin izini s\u00fcr\u00fcyor.   Bir yanda bilge Narziss, \u00f6te yanda sanat\u00e7\u0131 Goldmund; ikisi de \u201ckendini ger\u00e7ekle\u015ftirme\u201d yolunda m\u00fckemmele ula\u015fmaya \u00e7abalasa da m\u00fckemmele ancak kar\u015f\u0131t y\u00f6nlerden yakla\u015fmay\u0131 ba\u015farabiliyorlar.     Hesse\u2019ye g\u00f6re; kar\u015f\u0131tl\u0131klar, kopu\u015fu de\u011fil birbirini b\u00fct\u00fcnleme yetisini pusula edindi\u011finde evrensel insan fikrine yakla\u015f\u0131labilir.     Bu kitapta, \u00e7ocukluktan beri i\u00e7imde ta\u015f\u0131d\u0131\u011f\u0131m Almanya\u2019y\u0131 ve Almanl\u0131k ruhunu bir kez olsun dile getirmek ve onlara duydu\u011fum sevgiyi itiraf etmek istedim \u2013 bug\u00fcn, \u201cAlman\u201d olan her \u015feyden nefret ediyorum \u00e7\u00fcnk\u00fc. Hermann Hesse, 1933   Y\u00fczy\u0131l\u0131m\u0131z\u0131n yol g\u00f6sterici karakterlerinden biri. Ralph Freedman   Kitaplar\u0131n\u0131 b\u00fcy\u00fck bir \u015fa\u015fk\u0131nl\u0131kla ve daima merakla okudum. Bu Hermann Hesse sadece Amerikal\u0131lara ait bir romantik d\u00fc\u015f\u00fcnce de\u011fil, aksine kesinlikle ak\u0131ll\u0131, do\u011frulanabilir, b\u00fcy\u00fck bir yazard\u0131r. Peter Handke   Onunla kendimi evimde hissediyorum. Militarizme, milliyet\u00e7ili\u011fe ve b\u00fct\u00fcn insanca olmaktan uzak, canice hezeyanlara kar\u015f\u0131 duru\u015fu ve kendi yolunu se\u00e7me fikri; benim de \u00e7ok erken ya\u015flarda g\u00f6zdem oldu. Udo Lindenberg <\/p>\n","protected":false},"excerpt":{"rendered":"<p>Hermann Hesse\u2019nin 1930 y\u0131l\u0131nda yazd\u0131\u011f\u0131 NARZISS VE GOLDMUND Orta\u00e7a\u011f\u2019da ya\u015fayan iki z\u0131t karakterin s\u0131rad\u0131\u015f\u0131 dostlu\u011fu ekseninde ya\u015fam, \u00f6l\u00fcm, sanat, us, a\u015fk, tutku ve cinselli\u011fin izini s\u00fcr\u00fcyor.<span class=\"excerpt-hellip\"> [\u2026]<\/span><\/p>\n","protected":false},"featured_media":0,"template":"","meta":{"_monsterinsights_skip_tracking":false,"_monsterinsights_sitenote_active":false,"_monsterinsights_sitenote_note":"","_monsterinsights_sitenote_category":0},"product_brand":[],"product_cat":[12782,12291],"product_tag":[],"class_list":{"0":"post-694025","1":"product","2":"type-product","3":"status-publish","5":"product_cat-alman-edebiyati","6":"product_cat-edebiyat","7":"pa_cilt-ciltsiz","8":"pa_tur-kitap","9":"pa_yayinevi-yapi-kredi-yayinlari","10":"pa_yazar-hermann-hesse","12":"first","13":"instock","14":"sale","15":"shipping-taxable","16":"purchasable","17":"product-type-simple"},"_links":{"self":[{"href":"https:\/\/roveyayinevi.com.tr\/index.php\/wp-json\/wp\/v2\/product\/694025","targetHints":{"allow":["GET"]}}],"collection":[{"href":"https:\/\/roveyayinevi.com.tr\/index.php\/wp-json\/wp\/v2\/product"}],"about":[{"href":"https:\/\/roveyayinevi.com.tr\/index.php\/wp-json\/wp\/v2\/types\/product"}],"wp:attachment":[{"href":"https:\/\/roveyayinevi.com.tr\/index.php\/wp-json\/wp\/v2\/media?parent=694025"}],"wp:term":[{"taxonomy":"product_brand","embeddable":true,"href":"https:\/\/roveyayinevi.com.tr\/index.php\/wp-json\/wp\/v2\/product_brand?post=694025"},{"taxonomy":"product_cat","embeddable":true,"href":"https:\/\/roveyayinevi.com.tr\/index.php\/wp-json\/wp\/v2\/product_cat?post=694025"},{"taxonomy":"product_tag","embeddable":true,"href":"https:\/\/roveyayinevi.com.tr\/index.php\/wp-json\/wp\/v2\/product_tag?post=694025"}],"curies":[{"name":"wp","href":"https:\/\/api.w.org\/{rel}","templated":true}]}}