{"id":694024,"date":"2025-08-27T14:18:03","date_gmt":"2025-08-27T11:18:03","guid":{"rendered":"https:\/\/roveyayinevi.com.tr\/index.php\/urun\/moby-dick-2\/"},"modified":"2026-04-16T02:03:52","modified_gmt":"2026-04-15T23:03:52","slug":"moby-dick-2","status":"publish","type":"product","link":"https:\/\/roveyayinevi.com.tr\/index.php\/urun\/moby-dick-2\/","title":{"rendered":"Moby Dick"},"content":{"rendered":"<p>&#8220;Pequod adl\u0131 bir balina gemisinin son yolculu\u011funu, balinalar\u0131n nas\u0131l avland\u0131klar\u0131n\u0131, geminin sonunda nas\u0131l batt\u0131\u011f\u0131n\u0131 anlatan Moby Dick, ilk bak\u0131\u015fta denizlerde ge\u00e7en bir ser\u00fcven roman\u0131 san\u0131labilir. Ne varki insan Moby Dick&#8217;i okuduk\u00e7a, okuduklar\u0131n\u0131 d\u00fc\u015f\u00fcnd\u00fck\u00e7e, kitab\u0131n derinli\u011fini, ger\u00e7ek anlam\u0131n\u0131 sezmeye ba\u015flar. Bu derinli\u011fi, ger\u00e7ek anlam\u0131 sezmeyenler ise, balina av\u0131yla ilgili, heyecanl\u0131 bir \u00f6yk\u00fc olarak, gene de Moby Dick&#8217;in pekala keyfini \u00e7\u0131karabilirler.&#8221; Mina Urgan b\u00f6yle tan\u0131ml\u0131yor Beyaz Bal\u0131na&#8217;n\u0131n roman\u0131n\u0131. \ufffc<\/p>\n","protected":false},"excerpt":{"rendered":"<p>&#8220;Pequod adl\u0131 bir balina gemisinin son yolculu\u011funu, balinalar\u0131n nas\u0131l avland\u0131klar\u0131n\u0131, geminin sonunda nas\u0131l batt\u0131\u011f\u0131n\u0131 anlatan Moby Dick, ilk bak\u0131\u015fta denizlerde ge\u00e7en bir ser\u00fcven roman\u0131 san\u0131labilir. Ne<span class=\"excerpt-hellip\"> [\u2026]<\/span><\/p>\n","protected":false},"featured_media":0,"template":"","meta":{"_monsterinsights_skip_tracking":false,"_monsterinsights_sitenote_active":false,"_monsterinsights_sitenote_note":"","_monsterinsights_sitenote_category":0},"product_brand":[],"product_cat":[12891,12291],"product_tag":[],"class_list":{"0":"post-694024","1":"product","2":"type-product","3":"status-publish","5":"product_cat-amerikan-edebiyati","6":"product_cat-edebiyat","7":"pa_cilt-ciltsiz","8":"pa_tur-kitap","9":"pa_yayinevi-yapi-kredi-yayinlari","10":"pa_yazar-herman-melville","12":"first","13":"instock","14":"sale","15":"shipping-taxable","16":"purchasable","17":"product-type-simple"},"_links":{"self":[{"href":"https:\/\/roveyayinevi.com.tr\/index.php\/wp-json\/wp\/v2\/product\/694024","targetHints":{"allow":["GET"]}}],"collection":[{"href":"https:\/\/roveyayinevi.com.tr\/index.php\/wp-json\/wp\/v2\/product"}],"about":[{"href":"https:\/\/roveyayinevi.com.tr\/index.php\/wp-json\/wp\/v2\/types\/product"}],"wp:attachment":[{"href":"https:\/\/roveyayinevi.com.tr\/index.php\/wp-json\/wp\/v2\/media?parent=694024"}],"wp:term":[{"taxonomy":"product_brand","embeddable":true,"href":"https:\/\/roveyayinevi.com.tr\/index.php\/wp-json\/wp\/v2\/product_brand?post=694024"},{"taxonomy":"product_cat","embeddable":true,"href":"https:\/\/roveyayinevi.com.tr\/index.php\/wp-json\/wp\/v2\/product_cat?post=694024"},{"taxonomy":"product_tag","embeddable":true,"href":"https:\/\/roveyayinevi.com.tr\/index.php\/wp-json\/wp\/v2\/product_tag?post=694024"}],"curies":[{"name":"wp","href":"https:\/\/api.w.org\/{rel}","templated":true}]}}