{"id":694020,"date":"2025-08-27T14:18:02","date_gmt":"2025-08-27T11:18:02","guid":{"rendered":"https:\/\/roveyayinevi.com.tr\/index.php\/urun\/ada-ingiliz-yazininda-ada-kavrami\/"},"modified":"2026-04-16T02:03:52","modified_gmt":"2026-04-15T23:03:52","slug":"ada-ingiliz-yazininda-ada-kavrami","status":"publish","type":"product","link":"https:\/\/roveyayinevi.com.tr\/index.php\/urun\/ada-ingiliz-yazininda-ada-kavrami\/","title":{"rendered":"Ada &#8211; \u0130ngiliz Yaz\u0131n\u0131nda Ada Kavram\u0131"},"content":{"rendered":"<p>\u0130nsano\u011flu y\u00fczy\u0131llardan beri mutluluk, dirlik, d\u00fczenlik, \u00f6l\u00fcms\u00fczl\u00fck, ser\u00fcven, ka\u00e7\u0131\u015f y\u00f6n\u00fcndeki \u00f6zlemlerini \u00e7o\u011funlukla uzak bir ada g\u00f6r\u00fcnt\u00fcs\u00fcyle birle\u015ftirerek dile getirmeyi se\u00e7mi\u015f, bu da yaz\u0131n&#8217;\u0131n en zengin kaynaklar\u0131ndan bir olmu\u015f; Thomas More, Francis Bacon, Daniel Defoe, Jonathan Swift, Aldous Huxley, William Golding ve daha nice yazar\u0131n yap\u0131tlar\u0131nda, insan-d\u00fcnya ili\u015fkisi, d\u00fc\u015fsel adalar arac\u0131l\u0131\u011f\u0131yla yans\u0131t\u0131lm\u0131\u015f. \ufffc<\/p>\n","protected":false},"excerpt":{"rendered":"<p>\u0130nsano\u011flu y\u00fczy\u0131llardan beri mutluluk, dirlik, d\u00fczenlik, \u00f6l\u00fcms\u00fczl\u00fck, ser\u00fcven, ka\u00e7\u0131\u015f y\u00f6n\u00fcndeki \u00f6zlemlerini \u00e7o\u011funlukla uzak bir ada g\u00f6r\u00fcnt\u00fcs\u00fcyle birle\u015ftirerek dile getirmeyi se\u00e7mi\u015f, bu da yaz\u0131n&#8217;\u0131n en zengin kaynaklar\u0131ndan<span class=\"excerpt-hellip\"> [\u2026]<\/span><\/p>\n","protected":false},"featured_media":0,"template":"","meta":{"_monsterinsights_skip_tracking":false,"_monsterinsights_sitenote_active":false,"_monsterinsights_sitenote_note":"","_monsterinsights_sitenote_category":0},"product_brand":[],"product_cat":[12291,12610],"product_tag":[],"class_list":{"0":"post-694020","1":"product","2":"type-product","3":"status-publish","5":"product_cat-edebiyat","6":"product_cat-elestiri-inceleme-kuram","7":"pa_cilt-ciltsiz","8":"pa_tur-kitap","9":"pa_yayinevi-yapi-kredi-yayinlari","10":"pa_yazar-aksit-gokturk","12":"first","13":"instock","14":"sale","15":"shipping-taxable","16":"purchasable","17":"product-type-simple"},"_links":{"self":[{"href":"https:\/\/roveyayinevi.com.tr\/index.php\/wp-json\/wp\/v2\/product\/694020","targetHints":{"allow":["GET"]}}],"collection":[{"href":"https:\/\/roveyayinevi.com.tr\/index.php\/wp-json\/wp\/v2\/product"}],"about":[{"href":"https:\/\/roveyayinevi.com.tr\/index.php\/wp-json\/wp\/v2\/types\/product"}],"wp:attachment":[{"href":"https:\/\/roveyayinevi.com.tr\/index.php\/wp-json\/wp\/v2\/media?parent=694020"}],"wp:term":[{"taxonomy":"product_brand","embeddable":true,"href":"https:\/\/roveyayinevi.com.tr\/index.php\/wp-json\/wp\/v2\/product_brand?post=694020"},{"taxonomy":"product_cat","embeddable":true,"href":"https:\/\/roveyayinevi.com.tr\/index.php\/wp-json\/wp\/v2\/product_cat?post=694020"},{"taxonomy":"product_tag","embeddable":true,"href":"https:\/\/roveyayinevi.com.tr\/index.php\/wp-json\/wp\/v2\/product_tag?post=694020"}],"curies":[{"name":"wp","href":"https:\/\/api.w.org\/{rel}","templated":true}]}}