{"id":694019,"date":"2025-08-27T14:18:02","date_gmt":"2025-08-27T11:18:02","guid":{"rendered":"https:\/\/roveyayinevi.com.tr\/index.php\/urun\/beatriceten-sonra-birinci-yuzyil\/"},"modified":"2026-04-16T02:03:52","modified_gmt":"2026-04-15T23:03:52","slug":"beatriceten-sonra-birinci-yuzyil","status":"publish","type":"product","link":"https:\/\/roveyayinevi.com.tr\/index.php\/urun\/beatriceten-sonra-birinci-yuzyil\/","title":{"rendered":"Beatrice\u2019ten Sonra Birinci Y\u00fczy\u0131l"},"content":{"rendered":"<p>D\u00fcnya bir felakete do\u011fru dolu dizgin ko\u015fuyor. K\u00f6t\u00fcye kullan\u0131lan bilim insanl\u0131\u011f\u0131n gelece\u011fini tehdit ediyor. Yeni do\u011fan \u00e7ocuklar b\u00fcy\u00fck oranda erkek, \u00e7\u00fcnk\u00fc o\u011flan olsun istiyordu herses. Buyrun, bilim dilekleri yerine getirdi sonunda. \u0130\u015fin sonu nereye varacak? Kad\u0131nlar yery\u00fcz\u00fcnden silinip gidecek mi? Bir grup ayd\u0131n\u0131n kurdu\u011fu Bilgeler \u015eebekesi insanlar\u0131 uyarmaya, zarar\u0131n bir yerinden d\u00f6nd\u00fcrmeye u\u011fra\u015f\u0131yor ama bo\u015funa. \u015eimdiye dek Kuzeyliler taraf\u0131ndan uzaktaki bir ba\u015fka d\u00fcnya olarak de\u011ferlendirilen G\u00fcney \u00fclkelerinde \u015fiddet t\u0131rman\u0131yor, yava\u015f yava\u015f t\u00fcm d\u00fcnyaya yay\u0131l\u0131yor. Bunlara tan\u0131kl\u0131k eden, insanl\u0131\u011f\u0131n d\u00fc\u015ft\u00fc\u011f\u00fc korkutucu durum kar\u015f\u0131s\u0131nda el ele m\u00fccadele eden bir gazeteciyle bir b\u00f6cekbilimci; onlardan do\u011facak bir k\u0131z \u00e7ocu\u011fu: Beatrice&#8230; Bu Beatrice&#8217;in y\u00fczy\u0131l\u0131, gerileme ve b\u0131kk\u0131nl\u0131k \u00e7a\u011f\u0131.\ufffcTan\u0131t\u0131m Metni<\/p>\n","protected":false},"excerpt":{"rendered":"<p>D\u00fcnya bir felakete do\u011fru dolu dizgin ko\u015fuyor. K\u00f6t\u00fcye kullan\u0131lan bilim insanl\u0131\u011f\u0131n gelece\u011fini tehdit ediyor. Yeni do\u011fan \u00e7ocuklar b\u00fcy\u00fck oranda erkek, \u00e7\u00fcnk\u00fc o\u011flan olsun istiyordu herses. Buyrun,<span class=\"excerpt-hellip\"> [\u2026]<\/span><\/p>\n","protected":false},"featured_media":0,"template":"","meta":{"_monsterinsights_skip_tracking":false,"_monsterinsights_sitenote_active":false,"_monsterinsights_sitenote_note":"","_monsterinsights_sitenote_category":0},"product_brand":[],"product_cat":[13661,12291],"product_tag":[],"class_list":{"0":"post-694019","1":"product","2":"type-product","3":"status-publish","5":"product_cat-diger-ulke-edebiyatlari","6":"product_cat-edebiyat","7":"pa_cilt-ciltsiz","8":"pa_tur-kitap","9":"pa_yayinevi-yapi-kredi-yayinlari","10":"pa_yazar-amin-maalouf","12":"first","13":"instock","14":"sale","15":"shipping-taxable","16":"purchasable","17":"product-type-simple"},"_links":{"self":[{"href":"https:\/\/roveyayinevi.com.tr\/index.php\/wp-json\/wp\/v2\/product\/694019","targetHints":{"allow":["GET"]}}],"collection":[{"href":"https:\/\/roveyayinevi.com.tr\/index.php\/wp-json\/wp\/v2\/product"}],"about":[{"href":"https:\/\/roveyayinevi.com.tr\/index.php\/wp-json\/wp\/v2\/types\/product"}],"wp:attachment":[{"href":"https:\/\/roveyayinevi.com.tr\/index.php\/wp-json\/wp\/v2\/media?parent=694019"}],"wp:term":[{"taxonomy":"product_brand","embeddable":true,"href":"https:\/\/roveyayinevi.com.tr\/index.php\/wp-json\/wp\/v2\/product_brand?post=694019"},{"taxonomy":"product_cat","embeddable":true,"href":"https:\/\/roveyayinevi.com.tr\/index.php\/wp-json\/wp\/v2\/product_cat?post=694019"},{"taxonomy":"product_tag","embeddable":true,"href":"https:\/\/roveyayinevi.com.tr\/index.php\/wp-json\/wp\/v2\/product_tag?post=694019"}],"curies":[{"name":"wp","href":"https:\/\/api.w.org\/{rel}","templated":true}]}}