{"id":694016,"date":"2025-08-27T14:18:01","date_gmt":"2025-08-27T11:18:01","guid":{"rendered":"https:\/\/roveyayinevi.com.tr\/index.php\/urun\/guermantes-tarafi\/"},"modified":"2026-04-16T02:03:52","modified_gmt":"2026-04-15T23:03:52","slug":"guermantes-tarafi","status":"publish","type":"product","link":"https:\/\/roveyayinevi.com.tr\/index.php\/urun\/guermantes-tarafi\/","title":{"rendered":"Guermantes Taraf\u0131"},"content":{"rendered":"<p>Kendi se\u00e7imimizle, iki g\u00fc\u00e7ten birine teslim olabiliriz: biri, kendi i\u00e7imizden, derin duygular\u0131m\u0131zdan kaynaklan\u0131r, \u00f6teki d\u0131\u015fardan gelir. Birinci g\u00fc\u00e7, beraberinde do\u011fal olarak bir mutluluk, yaratan insanlar\u0131n hayat\u0131ndan yay\u0131lan mutlulu\u011fu getirir. D\u0131\u015f\u0131m\u0131zdaki insanlar\u0131 harekete ge\u00e7iren d\u00fcrt\u00fcy\u00fc bizim i\u00e7imize sokmaya \u00e7al\u0131\u015fan di\u011fer kuvvet ise, beraberinde haz getirmez&#8230; Zaaflar\u0131, kayg\u0131lar\u0131, tutkular\u0131yla bir madlende canlanan burjuvazi&#8230; Guermantes Taraf\u0131 , dev yap\u0131t Kay\u0131p Zaman\u0131n \u0130zinde nin bir ba\u015fka b\u00f6l\u00fcm\u00fc.<\/p>\n","protected":false},"excerpt":{"rendered":"<p>Kendi se\u00e7imimizle, iki g\u00fc\u00e7ten birine teslim olabiliriz: biri, kendi i\u00e7imizden, derin duygular\u0131m\u0131zdan kaynaklan\u0131r, \u00f6teki d\u0131\u015fardan gelir. Birinci g\u00fc\u00e7, beraberinde do\u011fal olarak bir mutluluk, yaratan insanlar\u0131n hayat\u0131ndan<span class=\"excerpt-hellip\"> [\u2026]<\/span><\/p>\n","protected":false},"featured_media":0,"template":"","meta":{"_monsterinsights_skip_tracking":false,"_monsterinsights_sitenote_active":false,"_monsterinsights_sitenote_note":"","_monsterinsights_sitenote_category":0},"product_brand":[],"product_cat":[12291,13376],"product_tag":[],"class_list":{"0":"post-694016","1":"product","2":"type-product","3":"status-publish","5":"product_cat-edebiyat","6":"product_cat-fransiz-edebiyati","7":"pa_cilt-ciltsiz","8":"pa_tur-kitap","9":"pa_yayinevi-yapi-kredi-yayinlari","10":"pa_yazar-marcel-proust","12":"first","13":"instock","14":"sale","15":"shipping-taxable","16":"purchasable","17":"product-type-simple"},"_links":{"self":[{"href":"https:\/\/roveyayinevi.com.tr\/index.php\/wp-json\/wp\/v2\/product\/694016","targetHints":{"allow":["GET"]}}],"collection":[{"href":"https:\/\/roveyayinevi.com.tr\/index.php\/wp-json\/wp\/v2\/product"}],"about":[{"href":"https:\/\/roveyayinevi.com.tr\/index.php\/wp-json\/wp\/v2\/types\/product"}],"wp:attachment":[{"href":"https:\/\/roveyayinevi.com.tr\/index.php\/wp-json\/wp\/v2\/media?parent=694016"}],"wp:term":[{"taxonomy":"product_brand","embeddable":true,"href":"https:\/\/roveyayinevi.com.tr\/index.php\/wp-json\/wp\/v2\/product_brand?post=694016"},{"taxonomy":"product_cat","embeddable":true,"href":"https:\/\/roveyayinevi.com.tr\/index.php\/wp-json\/wp\/v2\/product_cat?post=694016"},{"taxonomy":"product_tag","embeddable":true,"href":"https:\/\/roveyayinevi.com.tr\/index.php\/wp-json\/wp\/v2\/product_tag?post=694016"}],"curies":[{"name":"wp","href":"https:\/\/api.w.org\/{rel}","templated":true}]}}