{"id":694015,"date":"2025-08-27T14:18:01","date_gmt":"2025-08-27T11:18:01","guid":{"rendered":"https:\/\/roveyayinevi.com.tr\/index.php\/urun\/gunlukler-1906-1948-2-cilt\/"},"modified":"2026-04-16T02:03:52","modified_gmt":"2026-04-15T23:03:52","slug":"gunlukler-1906-1948-2-cilt","status":"publish","type":"product","link":"https:\/\/roveyayinevi.com.tr\/index.php\/urun\/gunlukler-1906-1948-2-cilt\/","title":{"rendered":"G\u00fcnl\u00fckler ( 1906 &#8211; 1948 ) (2 Cilt)"},"content":{"rendered":"<p>G\u00fcnl\u00fckler kitab\u0131 ile K\u00e2z\u0131m Karabekir Pa\u015fa&#8217;n\u0131n hayat\u0131n\u0131, g\u00fcn\u00fc g\u00fcn\u00fcne tuttu\u011fu notlarla kamuoyunun bilgisine sunmaktay\u0131z. Pa\u015fa&#8217;n\u0131n vefat\u0131ndan hemen sonra e\u015fi \u0130clal Han\u0131m&#8217;\u0131n son c\u00fcmleyi yazd\u0131\u011f\u0131 g\u00fcn\u00fcn \u00fczerinden 61 y\u0131l ge\u00e7ti. Bu s\u00fcre zarf\u0131nda K\u00e2z\u0131m Karabekir hakk\u0131nda \u00e7ok yaz\u0131 yaz\u0131ld\u0131, \u00e7ok s\u00f6z s\u00f6ylendi. Yaz\u0131lanlarla s\u00f6ylenenlerin bir k\u0131sm\u0131 ger\u00e7e\u011fi ortaya koyarken, bir b\u00f6l\u00fcm\u00fc de Karabekir&#8217;in fikir ve eylemlerini \u00e7e\u015fitli sebeplerle do\u011fru olarak yans\u0131tmad\u0131. Osmanl\u0131 Devleti&#8217;nin en zor d\u00f6neminde yeti\u015fmi\u015f, \u0130ttihat ve Terakki Cemiyeti&#8217;nin kurulu\u015funda yer alm\u0131\u015f, ancan Cemiyet Me\u015frutiyet&#8217;in il\u00e2n\u0131ndan sonra parti haline geldi\u011finde ortaya \u00e7\u0131kan yanl\u0131\u015fl\u0131klar\u0131 g\u00f6rm\u00fc\u015f; Milli M\u00fccadele&#8217;nin ilk zaferini kazanm\u0131\u015f, Do\u011fu cephesindeki ba\u015far\u0131lar\u0131ndan sonra elindeki askeri g\u00fc\u00e7 ile Bat\u0131ya destek olmu\u015f; Cumhuriyet&#8217;in kurulmas\u0131yla birlikte devrimlerin halka benimsetilmesi konusunda hassasiyet g\u00f6stermi\u015f, devlet y\u00f6netiminde istibdada her zaman kar\u015f\u0131 \u00e7\u0131km\u0131\u015f olan K\u00e2z\u0131m Karabekir Pa\u015fa&#8217;n\u0131n kendisi i\u00e7in tuttu\u011fu bu notlar incelendi\u011finde, geni\u015f bir d\u00f6nemi kapsayan \u00e7ok \u00f6nemli olaylara tan\u0131k olunancakt\u0131r. K\u00e2z\u0131m Karabekir Pa\u015fa Vakf\u0131 \ufffcTan\u0131t\u0131m Metni<\/p>\n","protected":false},"excerpt":{"rendered":"<p>G\u00fcnl\u00fckler kitab\u0131 ile K\u00e2z\u0131m Karabekir Pa\u015fa&#8217;n\u0131n hayat\u0131n\u0131, g\u00fcn\u00fc g\u00fcn\u00fcne tuttu\u011fu notlarla kamuoyunun bilgisine sunmaktay\u0131z. Pa\u015fa&#8217;n\u0131n vefat\u0131ndan hemen sonra e\u015fi \u0130clal Han\u0131m&#8217;\u0131n son c\u00fcmleyi yazd\u0131\u011f\u0131 g\u00fcn\u00fcn \u00fczerinden<span class=\"excerpt-hellip\"> [\u2026]<\/span><\/p>\n","protected":false},"featured_media":0,"template":"","meta":{"_monsterinsights_skip_tracking":false,"_monsterinsights_sitenote_active":false,"_monsterinsights_sitenote_note":"","_monsterinsights_sitenote_category":0},"product_brand":[],"product_cat":[12312,12304],"product_tag":[],"class_list":{"0":"post-694015","1":"product","2":"type-product","3":"status-publish","5":"product_cat-diger","6":"product_cat-tarih","7":"pa_cilt-ciltsiz","8":"pa_tur-kitap","9":"pa_yayinevi-yapi-kredi-yayinlari","10":"pa_yazar-kazim-karabekir","12":"first","13":"instock","14":"sale","15":"shipping-taxable","16":"purchasable","17":"product-type-simple"},"_links":{"self":[{"href":"https:\/\/roveyayinevi.com.tr\/index.php\/wp-json\/wp\/v2\/product\/694015","targetHints":{"allow":["GET"]}}],"collection":[{"href":"https:\/\/roveyayinevi.com.tr\/index.php\/wp-json\/wp\/v2\/product"}],"about":[{"href":"https:\/\/roveyayinevi.com.tr\/index.php\/wp-json\/wp\/v2\/types\/product"}],"wp:attachment":[{"href":"https:\/\/roveyayinevi.com.tr\/index.php\/wp-json\/wp\/v2\/media?parent=694015"}],"wp:term":[{"taxonomy":"product_brand","embeddable":true,"href":"https:\/\/roveyayinevi.com.tr\/index.php\/wp-json\/wp\/v2\/product_brand?post=694015"},{"taxonomy":"product_cat","embeddable":true,"href":"https:\/\/roveyayinevi.com.tr\/index.php\/wp-json\/wp\/v2\/product_cat?post=694015"},{"taxonomy":"product_tag","embeddable":true,"href":"https:\/\/roveyayinevi.com.tr\/index.php\/wp-json\/wp\/v2\/product_tag?post=694015"}],"curies":[{"name":"wp","href":"https:\/\/api.w.org\/{rel}","templated":true}]}}