{"id":694014,"date":"2025-08-27T14:18:00","date_gmt":"2025-08-27T11:18:00","guid":{"rendered":"https:\/\/roveyayinevi.com.tr\/index.php\/urun\/gostergeler-imparatorlugu\/"},"modified":"2025-11-13T02:31:37","modified_gmt":"2025-11-12T23:31:37","slug":"gostergeler-imparatorlugu","status":"publish","type":"product","link":"https:\/\/roveyayinevi.com.tr\/index.php\/urun\/gostergeler-imparatorlugu\/","title":{"rendered":"G\u00f6stergeler \u0130mparatorlu\u011fu"},"content":{"rendered":"<p>Bu kitapta k\u00fclt\u00fcrel bir b\u00fct\u00fcn (Japonya) bir g\u00f6stergeler dizgesi olarak ele al\u0131n\u0131yor ve Barthes&#8217;\u0131n kendine \u00f6zg\u00fc tezg\u00e2h\u0131nda \u00e7e\u015fitli g\u00f6r\u00fcng\u00fclere (yaz\u0131, kent, besin, \u00f6l\u00fcm, din, cinsellik&#8230;) ayr\u0131\u015ft\u0131r\u0131l\u0131yor: bir Bat\u0131l\u0131 taraf\u0131ndan, Bat\u0131&#8217;daki Japon imgesinin i\u00e7i bo\u015falt\u0131l\u0131yor ve yeniden olu\u015fturuluyor. Roland Barthes, yabanc\u0131s\u0131 oldu\u011fu bir uygarl\u0131\u011f\u0131n g\u00fcndelik ya\u015fam\u0131n\u0131n ayr\u0131nt\u0131lar\u0131n\u0131 yaz\u0131nsal bir dille tarayarak G\u00f6stergeler \u0130mpatorlu\u011fu&#8217;nun bah\u00e7esinde geziniyor. \ufffcTan\u0131t\u0131m Metni<\/p>\n","protected":false},"excerpt":{"rendered":"<p>Bu kitapta k\u00fclt\u00fcrel bir b\u00fct\u00fcn (Japonya) bir g\u00f6stergeler dizgesi olarak ele al\u0131n\u0131yor ve Barthes&#8217;\u0131n kendine \u00f6zg\u00fc tezg\u00e2h\u0131nda \u00e7e\u015fitli g\u00f6r\u00fcng\u00fclere (yaz\u0131, kent, besin, \u00f6l\u00fcm, din, cinsellik&#8230;) ayr\u0131\u015ft\u0131r\u0131l\u0131yor:<span class=\"excerpt-hellip\"> [\u2026]<\/span><\/p>\n","protected":false},"featured_media":0,"template":"","meta":{"_monsterinsights_skip_tracking":false,"_monsterinsights_sitenote_active":false,"_monsterinsights_sitenote_note":"","_monsterinsights_sitenote_category":0},"product_brand":[],"product_cat":[12364],"product_tag":[],"class_list":{"0":"post-694014","1":"product","2":"type-product","3":"status-publish","5":"product_cat-genel-konular","6":"pa_cilt-ciltsiz","7":"pa_tur-kitap","8":"pa_yayinevi-yapi-kredi-yayinlari","9":"pa_yazar-roland-barthes","11":"first","12":"instock","13":"sale","14":"shipping-taxable","15":"purchasable","16":"product-type-simple"},"_links":{"self":[{"href":"https:\/\/roveyayinevi.com.tr\/index.php\/wp-json\/wp\/v2\/product\/694014","targetHints":{"allow":["GET"]}}],"collection":[{"href":"https:\/\/roveyayinevi.com.tr\/index.php\/wp-json\/wp\/v2\/product"}],"about":[{"href":"https:\/\/roveyayinevi.com.tr\/index.php\/wp-json\/wp\/v2\/types\/product"}],"wp:attachment":[{"href":"https:\/\/roveyayinevi.com.tr\/index.php\/wp-json\/wp\/v2\/media?parent=694014"}],"wp:term":[{"taxonomy":"product_brand","embeddable":true,"href":"https:\/\/roveyayinevi.com.tr\/index.php\/wp-json\/wp\/v2\/product_brand?post=694014"},{"taxonomy":"product_cat","embeddable":true,"href":"https:\/\/roveyayinevi.com.tr\/index.php\/wp-json\/wp\/v2\/product_cat?post=694014"},{"taxonomy":"product_tag","embeddable":true,"href":"https:\/\/roveyayinevi.com.tr\/index.php\/wp-json\/wp\/v2\/product_tag?post=694014"}],"curies":[{"name":"wp","href":"https:\/\/api.w.org\/{rel}","templated":true}]}}