{"id":694013,"date":"2025-08-27T14:18:00","date_gmt":"2025-08-27T11:18:00","guid":{"rendered":"https:\/\/roveyayinevi.com.tr\/index.php\/urun\/besinci-disiplin\/"},"modified":"2025-12-30T09:42:50","modified_gmt":"2025-12-30T06:42:50","slug":"besinci-disiplin","status":"publish","type":"product","link":"https:\/\/roveyayinevi.com.tr\/index.php\/urun\/besinci-disiplin\/","title":{"rendered":"Be\u015finci Disiplin"},"content":{"rendered":"<p>Be\u015finci Disiplin, her y\u00f6neticinin ba\u015fucu kitab\u0131 olmaya adayd\u0131r.Sorunlar\u0131 par\u00e7alara ay\u0131rmaya, d\u00fcnyay\u0131 b\u00f6l\u00fcmlemeye daha \u00e7ok k\u00fc\u00e7\u00fck ya\u015flardan al\u0131\u015ft\u0131r\u0131l\u0131r\u0131z. Her ne kadar bu, karma\u015f\u0131k i\u015fler ve konularla daha kolay ba\u015f edebilmemizi sa\u011flarsa da kar\u015f\u0131l\u0131\u011f\u0131nda g\u00f6r\u00fcnmeyen, b\u00fcy\u00fck bir bedel \u00f6deriz. Bundan b\u00f6yle eylemlerimizin sonu\u00e7lar\u0131n\u0131 g\u00f6remez olur, daha ileri bir a\u015famayla ba\u011flant\u0131s\u0131n\u0131 kurma yetene\u011fimizi de yitiririz.Resmi, bir b\u00fct\u00fcn halinde g\u00f6rme \u00e7abas\u0131na girdi\u011fimizde ise zihnimizde par\u00e7alar\u0131 yeniden bir araya getirmeye, t\u00fcm par\u00e7alar\u0131 s\u0131ralay\u0131p d\u00fczenlemeye \u00e7al\u0131\u015f\u0131r\u0131z. Oysa bu bo\u015funa bir \u00e7abad\u0131r, k\u0131r\u0131k bir aynan\u0131n par\u00e7alar\u0131n\u0131 birle\u015ftirerek ger\u00e7ek g\u00f6r\u00fcnt\u00fcye ula\u015famay\u0131z.Be\u015finci Disiplin\u2019de sunulan ara\u00e7lar ve d\u00fc\u015f\u00fcnceler, d\u00fcnyan\u0131n birbirinden ayr\u0131, birbiriyle ili\u015fkisi bulunmayan g\u00fc\u00e7lerden yarat\u0131ld\u0131\u011f\u0131 yolundaki yan\u0131lsamay\u0131 y\u0131kmak i\u00e7indir. Bu yan\u0131lsamadan vazge\u00e7ti\u011fimiz g\u00fcn \u201c\u00f6\u011frenen \u00f6rg\u00fctler\u201ci kurabiliriz.Bu t\u00fcr \u00f6rg\u00fctlenmelerde ki\u015filer istedikleri sonu\u00e7lara ula\u015fabilmek i\u00e7in kapasitelerini s\u00fcrekli geni\u015fletirler. Yeni ve co\u015fkulu d\u00fc\u015f\u00fcnme tarzlar\u0131 beslenir, kolektif \u00f6zlemlere gem vurulmaz. \u0130nsanlar, s\u00fcrekli olarak nas\u0131l birlikte \u00f6\u011frenilebilece\u011fini \u00f6\u011frenirler. <\/p>\n","protected":false},"excerpt":{"rendered":"<p>Be\u015finci Disiplin, her y\u00f6neticinin ba\u015fucu kitab\u0131 olmaya adayd\u0131r.Sorunlar\u0131 par\u00e7alara ay\u0131rmaya, d\u00fcnyay\u0131 b\u00f6l\u00fcmlemeye daha \u00e7ok k\u00fc\u00e7\u00fck ya\u015flardan al\u0131\u015ft\u0131r\u0131l\u0131r\u0131z. Her ne kadar bu, karma\u015f\u0131k i\u015fler ve konularla daha<span class=\"excerpt-hellip\"> [\u2026]<\/span><\/p>\n","protected":false},"featured_media":0,"template":"","meta":{"_monsterinsights_skip_tracking":false,"_monsterinsights_sitenote_active":false,"_monsterinsights_sitenote_note":"","_monsterinsights_sitenote_category":0},"product_brand":[],"product_cat":[12389,12388],"product_tag":[],"class_list":{"0":"post-694013","1":"product","2":"type-product","3":"status-publish","5":"product_cat-diger-felsefe","6":"product_cat-felsefe","7":"pa_cilt-ciltsiz","8":"pa_tur-kitap","9":"pa_yayinevi-yapi-kredi-yayinlari","10":"pa_yazar-peter-m-senge","12":"first","13":"instock","14":"sale","15":"shipping-taxable","16":"purchasable","17":"product-type-simple"},"_links":{"self":[{"href":"https:\/\/roveyayinevi.com.tr\/index.php\/wp-json\/wp\/v2\/product\/694013","targetHints":{"allow":["GET"]}}],"collection":[{"href":"https:\/\/roveyayinevi.com.tr\/index.php\/wp-json\/wp\/v2\/product"}],"about":[{"href":"https:\/\/roveyayinevi.com.tr\/index.php\/wp-json\/wp\/v2\/types\/product"}],"wp:attachment":[{"href":"https:\/\/roveyayinevi.com.tr\/index.php\/wp-json\/wp\/v2\/media?parent=694013"}],"wp:term":[{"taxonomy":"product_brand","embeddable":true,"href":"https:\/\/roveyayinevi.com.tr\/index.php\/wp-json\/wp\/v2\/product_brand?post=694013"},{"taxonomy":"product_cat","embeddable":true,"href":"https:\/\/roveyayinevi.com.tr\/index.php\/wp-json\/wp\/v2\/product_cat?post=694013"},{"taxonomy":"product_tag","embeddable":true,"href":"https:\/\/roveyayinevi.com.tr\/index.php\/wp-json\/wp\/v2\/product_tag?post=694013"}],"curies":[{"name":"wp","href":"https:\/\/api.w.org\/{rel}","templated":true}]}}