{"id":694012,"date":"2025-08-27T14:18:00","date_gmt":"2025-08-27T11:18:00","guid":{"rendered":"https:\/\/roveyayinevi.com.tr\/index.php\/urun\/gorunmez-kentler\/"},"modified":"2026-04-16T02:03:52","modified_gmt":"2026-04-15T23:03:52","slug":"gorunmez-kentler","status":"publish","type":"product","link":"https:\/\/roveyayinevi.com.tr\/index.php\/urun\/gorunmez-kentler\/","title":{"rendered":"G\u00f6r\u00fcnmez Kentler"},"content":{"rendered":"<p>Modern d\u00fcnyan\u0131n masal anlat\u0131c\u0131s\u0131 Italo Calvino&#8217;nun efsanevi kitab\u0131 G\u00f6r\u00fcnmez Kentler, tekrar elimizin alt\u0131nda&#8230; Kubilay Han&#8217;\u0131n yolculuk eden Marco Polo&#8230; Bat\u0131&#8217;n\u0131n Do\u011fu&#8217;yu g\u00f6ren g\u00f6z\u00fcn\u00fcn kurdu\u011fu hayaller bir yanda, modern kentin i\u00e7inden \u00e7\u0131k\u0131lmazl\u0131\u011f\u0131 ve gelece\u011fi \u00f6te yanda&#8230; Kitap bir alan; okur i\u00e7ine girmeli, dolanmal\u0131, belki kendini kaybetmeli, ama belli bir noktada bir \u00e7\u0131k\u0131\u015f hatta bir\u00e7ok \u00e7\u0131k\u0131\u015f bulmal\u0131. Kitap, d\u0131\u015far\u0131 \u00e7\u0131kabilmek i\u00e7in bir yola koyulma olana\u011f\u0131. Okur, kitab\u0131 eline ald\u0131\u011f\u0131nda, yazar\u0131n kentleri aras\u0131nda dolanaca\u011f\u0131ndan, \u00f6n\u00fcne alt\u0131n harflerle sunulan olas\u0131l\u0131klar\u0131 yutaca\u011f\u0131ndan, sonunda okuduklar\u0131n\u0131 kendi zihnindeki ideal kentlere ekleyece\u011finden emin olmal\u0131. Okur, kitab\u0131, m\u00fcmk\u00fcnse, b\u00fcy\u00fck bir caddenin kenar\u0131na dizilmi\u015f kahve masalar\u0131ndan birine ili\u015ferek okumal\u0131; g\u00f6z \u00f6n\u00fcndeki ger\u00e7ekle, g\u00f6z \u00f6n\u00fcndeki kurguyu daha iyi g\u00f6rebilmek i\u00e7in&#8230; Belki de kent ya\u015fam\u0131n\u0131n kriz noktas\u0131na yakla\u015fmaktay\u0131z ve G\u00f6r\u00fcnmez Kentler, ya\u015fanmaz hale gelen kentlerin kalbinden do\u011fan bir r\u00fcya. \ufffc<\/p>\n","protected":false},"excerpt":{"rendered":"<p>Modern d\u00fcnyan\u0131n masal anlat\u0131c\u0131s\u0131 Italo Calvino&#8217;nun efsanevi kitab\u0131 G\u00f6r\u00fcnmez Kentler, tekrar elimizin alt\u0131nda&#8230; Kubilay Han&#8217;\u0131n yolculuk eden Marco Polo&#8230; Bat\u0131&#8217;n\u0131n Do\u011fu&#8217;yu g\u00f6ren g\u00f6z\u00fcn\u00fcn kurdu\u011fu hayaller bir<span class=\"excerpt-hellip\"> [\u2026]<\/span><\/p>\n","protected":false},"featured_media":0,"template":"","meta":{"_monsterinsights_skip_tracking":false,"_monsterinsights_sitenote_active":false,"_monsterinsights_sitenote_note":"","_monsterinsights_sitenote_category":0},"product_brand":[],"product_cat":[12291,14218],"product_tag":[],"class_list":{"0":"post-694012","1":"product","2":"type-product","3":"status-publish","5":"product_cat-edebiyat","6":"product_cat-italyan-edebiyati","7":"pa_cilt-ciltsiz","8":"pa_tur-kitap","9":"pa_yayinevi-yapi-kredi-yayinlari","10":"pa_yazar-italo-calvino","12":"first","13":"instock","14":"sale","15":"shipping-taxable","16":"purchasable","17":"product-type-simple"},"_links":{"self":[{"href":"https:\/\/roveyayinevi.com.tr\/index.php\/wp-json\/wp\/v2\/product\/694012","targetHints":{"allow":["GET"]}}],"collection":[{"href":"https:\/\/roveyayinevi.com.tr\/index.php\/wp-json\/wp\/v2\/product"}],"about":[{"href":"https:\/\/roveyayinevi.com.tr\/index.php\/wp-json\/wp\/v2\/types\/product"}],"wp:attachment":[{"href":"https:\/\/roveyayinevi.com.tr\/index.php\/wp-json\/wp\/v2\/media?parent=694012"}],"wp:term":[{"taxonomy":"product_brand","embeddable":true,"href":"https:\/\/roveyayinevi.com.tr\/index.php\/wp-json\/wp\/v2\/product_brand?post=694012"},{"taxonomy":"product_cat","embeddable":true,"href":"https:\/\/roveyayinevi.com.tr\/index.php\/wp-json\/wp\/v2\/product_cat?post=694012"},{"taxonomy":"product_tag","embeddable":true,"href":"https:\/\/roveyayinevi.com.tr\/index.php\/wp-json\/wp\/v2\/product_tag?post=694012"}],"curies":[{"name":"wp","href":"https:\/\/api.w.org\/{rel}","templated":true}]}}