{"id":694011,"date":"2025-08-27T14:18:00","date_gmt":"2025-08-27T11:18:00","guid":{"rendered":"https:\/\/roveyayinevi.com.tr\/index.php\/urun\/baska-bir-yerde\/"},"modified":"2026-04-16T02:03:52","modified_gmt":"2026-04-15T23:03:52","slug":"baska-bir-yerde","status":"publish","type":"product","link":"https:\/\/roveyayinevi.com.tr\/index.php\/urun\/baska-bir-yerde\/","title":{"rendered":"Ba\u015fka Bir Yerde"},"content":{"rendered":"<p>A\u011fa\u00e7la a\u011fac\u0131 g\u00f6rmek aras\u0131ndaD\u00fc\u015f\u00fcn yeri nedir? Ya\u015fayanla ya\u015fam aras\u0131ndaIrmak ne yandan akar? <\/p>\n","protected":false},"excerpt":{"rendered":"<p>A\u011fa\u00e7la a\u011fac\u0131 g\u00f6rmek aras\u0131ndaD\u00fc\u015f\u00fcn yeri nedir? Ya\u015fayanla ya\u015fam aras\u0131ndaIrmak ne yandan akar?<\/p>\n","protected":false},"featured_media":0,"template":"","meta":{"_monsterinsights_skip_tracking":false,"_monsterinsights_sitenote_active":false,"_monsterinsights_sitenote_note":"","_monsterinsights_sitenote_category":0},"product_brand":[],"product_cat":[15733,12408],"product_tag":[],"class_list":{"0":"post-694011","1":"product","2":"type-product","3":"status-publish","5":"product_cat-resim","6":"product_cat-sanat","7":"pa_cilt-ciltsiz","8":"pa_tur-kitap","9":"pa_yayinevi-yapi-kredi-yayinlari","10":"pa_yazar-selcuk-demirel","12":"first","13":"instock","14":"sale","15":"shipping-taxable","16":"purchasable","17":"product-type-simple"},"_links":{"self":[{"href":"https:\/\/roveyayinevi.com.tr\/index.php\/wp-json\/wp\/v2\/product\/694011","targetHints":{"allow":["GET"]}}],"collection":[{"href":"https:\/\/roveyayinevi.com.tr\/index.php\/wp-json\/wp\/v2\/product"}],"about":[{"href":"https:\/\/roveyayinevi.com.tr\/index.php\/wp-json\/wp\/v2\/types\/product"}],"wp:attachment":[{"href":"https:\/\/roveyayinevi.com.tr\/index.php\/wp-json\/wp\/v2\/media?parent=694011"}],"wp:term":[{"taxonomy":"product_brand","embeddable":true,"href":"https:\/\/roveyayinevi.com.tr\/index.php\/wp-json\/wp\/v2\/product_brand?post=694011"},{"taxonomy":"product_cat","embeddable":true,"href":"https:\/\/roveyayinevi.com.tr\/index.php\/wp-json\/wp\/v2\/product_cat?post=694011"},{"taxonomy":"product_tag","embeddable":true,"href":"https:\/\/roveyayinevi.com.tr\/index.php\/wp-json\/wp\/v2\/product_tag?post=694011"}],"curies":[{"name":"wp","href":"https:\/\/api.w.org\/{rel}","templated":true}]}}