{"id":694009,"date":"2025-08-27T14:17:59","date_gmt":"2025-08-27T11:17:59","guid":{"rendered":"https:\/\/roveyayinevi.com.tr\/index.php\/urun\/osmanli-super-beyinleri\/"},"modified":"2026-04-16T02:03:52","modified_gmt":"2026-04-15T23:03:52","slug":"osmanli-super-beyinleri","status":"publish","type":"product","link":"https:\/\/roveyayinevi.com.tr\/index.php\/urun\/osmanli-super-beyinleri\/","title":{"rendered":"Osmanl\u0131 S\u00fcper Beyinleri"},"content":{"rendered":"<p>Osmanl\u0131 zaman\u0131nda yeti\u015fmi\u015f bilim adamlar\u0131n\u0131 ve neler yapt\u0131klar\u0131n\u0131, macera dolu hayat hik\u00e2yeleriyle beraber \u00f6\u011frenmeye haz\u0131r m\u0131s\u0131n\u0131z? Bahsetti\u011fimiz zamanlar 1300\u2019ler ile 1800\u2019lerin aras\u0131&#8230; Yani, hen\u00fcz d\u00fcnyan\u0131n hi\u00e7bir yerinde kimse bilgisayar\u0131 icat etmek i\u00e7in u\u011fra\u015fm\u0131yor! Ama\u2026 -Modern cihazlar\u0131 olmadan ameliyat yapabilen cerrahlar, -Uydu foto\u011fraflar\u0131 olmadan koskoca Akdeniz\u2019in b\u00fct\u00fcn k\u0131y\u0131lar\u0131n\u0131 en ince ayr\u0131nt\u0131s\u0131na kadar \u00e7izebilen haritac\u0131lar, -Sadece 2+2=4 ile yetinmeyip hesap i\u015flerine trigonometriyi de (yazmas\u0131 bile zor!) sokan matematik\u00e7iler, &#8211; G\u00f6kteki y\u0131ld\u0131zlar\u0131n nerede olduklar\u0131n\u0131 hesaplayan, teleskop ba\u011f\u0131ml\u0131s\u0131 astronomlar ve daha fazlas\u0131 Osmanl\u0131 S\u00fcper Beyinleri\u2019nde ke\u015ffedilmeyi bekliyor.<\/p>\n","protected":false},"excerpt":{"rendered":"<p>Osmanl\u0131 zaman\u0131nda yeti\u015fmi\u015f bilim adamlar\u0131n\u0131 ve neler yapt\u0131klar\u0131n\u0131, macera dolu hayat hik\u00e2yeleriyle beraber \u00f6\u011frenmeye haz\u0131r m\u0131s\u0131n\u0131z? Bahsetti\u011fimiz zamanlar 1300\u2019ler ile 1800\u2019lerin aras\u0131&#8230; Yani, hen\u00fcz d\u00fcnyan\u0131n hi\u00e7bir<span class=\"excerpt-hellip\"> [\u2026]<\/span><\/p>\n","protected":false},"featured_media":0,"template":"","meta":{"_monsterinsights_skip_tracking":false,"_monsterinsights_sitenote_active":false,"_monsterinsights_sitenote_note":"","_monsterinsights_sitenote_category":0},"product_brand":[],"product_cat":[12275,12274],"product_tag":[],"class_list":{"0":"post-694009","1":"product","2":"type-product","3":"status-publish","5":"product_cat-6-12-yas-kitaplari","6":"product_cat-cocuk-ve-genclik-kitaplari","7":"pa_cilt-ciltsiz","8":"pa_tur-kitap","9":"pa_yayinevi-timas-cocuk","10":"pa_yazar-mazlum-akin","12":"first","13":"instock","14":"sale","15":"shipping-taxable","16":"purchasable","17":"product-type-simple"},"_links":{"self":[{"href":"https:\/\/roveyayinevi.com.tr\/index.php\/wp-json\/wp\/v2\/product\/694009","targetHints":{"allow":["GET"]}}],"collection":[{"href":"https:\/\/roveyayinevi.com.tr\/index.php\/wp-json\/wp\/v2\/product"}],"about":[{"href":"https:\/\/roveyayinevi.com.tr\/index.php\/wp-json\/wp\/v2\/types\/product"}],"wp:attachment":[{"href":"https:\/\/roveyayinevi.com.tr\/index.php\/wp-json\/wp\/v2\/media?parent=694009"}],"wp:term":[{"taxonomy":"product_brand","embeddable":true,"href":"https:\/\/roveyayinevi.com.tr\/index.php\/wp-json\/wp\/v2\/product_brand?post=694009"},{"taxonomy":"product_cat","embeddable":true,"href":"https:\/\/roveyayinevi.com.tr\/index.php\/wp-json\/wp\/v2\/product_cat?post=694009"},{"taxonomy":"product_tag","embeddable":true,"href":"https:\/\/roveyayinevi.com.tr\/index.php\/wp-json\/wp\/v2\/product_tag?post=694009"}],"curies":[{"name":"wp","href":"https:\/\/api.w.org\/{rel}","templated":true}]}}