{"id":694005,"date":"2025-08-27T14:17:59","date_gmt":"2025-08-27T11:17:59","guid":{"rendered":"https:\/\/roveyayinevi.com.tr\/index.php\/urun\/kapi\/"},"modified":"2026-04-16T02:03:52","modified_gmt":"2026-04-15T23:03:52","slug":"kapi","status":"publish","type":"product","link":"https:\/\/roveyayinevi.com.tr\/index.php\/urun\/kapi\/","title":{"rendered":"Kap\u0131"},"content":{"rendered":"<p>Bir yazar ve ona ev i\u015flerinden yard\u0131mc\u0131 olan ya\u015fl\u0131ca hizmet\u00e7isi. \u00d6nceleri birbirlerini anlamakta ve benimsemekte zorlan\u0131rlar. Zamanla, \u00e7ocukluk ve gen\u00e7lik travmalar\u0131 Macaristan&#8217;\u0131n yak\u0131n tarihiyle birlikte \u00f6r\u00fclm\u00fc\u015f, bu ba\u015f\u0131na buyruk, mesafeli, tragedya kahramanlar\u0131n\u0131 and\u0131ran anne fig\u00fcr\u00fcyle yazar aras\u0131nda \u00e7at\u0131\u015fmal\u0131 ve neredeyse tutkulu bir ili\u015fki kurulur. Hayvanlar\u0131n ve insanlar\u0131n dilinden anlayan, cesur, bilge Emerenc, yazar\u0131n ya\u015fama, sanata ve \u00f6l\u00fcme ili\u015fkin do\u011fru bildiklerini sorgulamas\u0131n\u0131 sa\u011flar. Benden bu denli farkl\u0131 olmas\u0131na kar\u015f\u0131n nas\u0131l oluyordu da bana bu bu kadar ba\u011flanabiliyordu? Benim neyimi sevdi\u011fini anlayamam\u0131\u015ft\u0131m do\u011frusu&#8230; Daha \u00f6nce de yazd\u0131\u011f\u0131m gibi, o zamanlar hen\u00fcz gen\u00e7tim, ba\u011fl\u0131l\u0131\u011f\u0131n ne denli mant\u0131kd\u0131\u015f\u0131, \u00f6l\u00fcmc\u00fcm ve g\u00fcvenilmez bir duygu oldu\u011funu hen\u00fcz derinlemesine incelememi\u015ftim (&#8230;) Kar\u015f\u0131l\u0131kl\u0131 ba\u011fl\u0131l\u0131\u011f\u0131m\u0131z, a\u015fk gibi, birtak\u0131m tan\u0131mlanamayan bile\u015fkelerin sonucuydu \u00e7\u00fcnk\u00fc birbirimizi kabullenebilmek i\u00e7in bir s\u00fcr\u00fc \u00f6d\u00fcn vermemiz gerekmi\u015fti. Magda Szabo&#8217;nun ince ve h\u00fcz\u00fcnl\u00fc bir mizah duygusuyla kaleme ald\u0131\u011f\u0131, otobiyografik unsurlar da ta\u015f\u0131yan bu roman\u0131 ona 2003 y\u0131l\u0131nda yabanc\u0131 roman dal\u0131nda Fransa&#8217;n\u0131n en sayg\u0131n \u00f6d\u00fcllerinden olan Femina&#8217;y\u0131 kazand\u0131rd\u0131.\ufffcTan\u0131t\u0131m Metni<\/p>\n","protected":false},"excerpt":{"rendered":"<p>Bir yazar ve ona ev i\u015flerinden yard\u0131mc\u0131 olan ya\u015fl\u0131ca hizmet\u00e7isi. \u00d6nceleri birbirlerini anlamakta ve benimsemekte zorlan\u0131rlar. Zamanla, \u00e7ocukluk ve gen\u00e7lik travmalar\u0131 Macaristan&#8217;\u0131n yak\u0131n tarihiyle birlikte \u00f6r\u00fclm\u00fc\u015f,<span class=\"excerpt-hellip\"> [\u2026]<\/span><\/p>\n","protected":false},"featured_media":0,"template":"","meta":{"_monsterinsights_skip_tracking":false,"_monsterinsights_sitenote_active":false,"_monsterinsights_sitenote_note":"","_monsterinsights_sitenote_category":0},"product_brand":[],"product_cat":[13661,12291],"product_tag":[],"class_list":{"0":"post-694005","1":"product","2":"type-product","3":"status-publish","5":"product_cat-diger-ulke-edebiyatlari","6":"product_cat-edebiyat","7":"pa_cilt-ciltsiz","8":"pa_tur-kitap","9":"pa_yayinevi-yapi-kredi-yayinlari","10":"pa_yazar-magda-szabo","12":"first","13":"instock","14":"sale","15":"shipping-taxable","16":"purchasable","17":"product-type-simple"},"_links":{"self":[{"href":"https:\/\/roveyayinevi.com.tr\/index.php\/wp-json\/wp\/v2\/product\/694005","targetHints":{"allow":["GET"]}}],"collection":[{"href":"https:\/\/roveyayinevi.com.tr\/index.php\/wp-json\/wp\/v2\/product"}],"about":[{"href":"https:\/\/roveyayinevi.com.tr\/index.php\/wp-json\/wp\/v2\/types\/product"}],"wp:attachment":[{"href":"https:\/\/roveyayinevi.com.tr\/index.php\/wp-json\/wp\/v2\/media?parent=694005"}],"wp:term":[{"taxonomy":"product_brand","embeddable":true,"href":"https:\/\/roveyayinevi.com.tr\/index.php\/wp-json\/wp\/v2\/product_brand?post=694005"},{"taxonomy":"product_cat","embeddable":true,"href":"https:\/\/roveyayinevi.com.tr\/index.php\/wp-json\/wp\/v2\/product_cat?post=694005"},{"taxonomy":"product_tag","embeddable":true,"href":"https:\/\/roveyayinevi.com.tr\/index.php\/wp-json\/wp\/v2\/product_tag?post=694005"}],"curies":[{"name":"wp","href":"https:\/\/api.w.org\/{rel}","templated":true}]}}