{"id":694001,"date":"2025-08-27T14:17:58","date_gmt":"2025-08-27T11:17:58","guid":{"rendered":"https:\/\/roveyayinevi.com.tr\/index.php\/urun\/gilgamis-destani-2\/"},"modified":"2025-12-30T09:42:49","modified_gmt":"2025-12-30T06:42:49","slug":"gilgamis-destani-2","status":"publish","type":"product","link":"https:\/\/roveyayinevi.com.tr\/index.php\/urun\/gilgamis-destani-2\/","title":{"rendered":"G\u0131lgam\u0131\u015f Destan\u0131"},"content":{"rendered":"<p>Gelmi\u015f ge\u00e7mi\u015f en b\u00fcy\u00fck kahramanlardan biri G\u0131lgam\u0131\u015f&#8230; \u0130yi bir h\u00fck\u00fcmdar, g\u00fc\u00e7l\u00fc bir sava\u015f\u00e7\u0131 ve en \u00f6nemlisi bilge bir ki\u015filik&#8230; \u00d6l\u00fcme kar\u015f\u0131 \u00e7\u0131kmak i\u00e7in b\u00fcy\u00fck \u00e7abalar harcam\u0131\u015f, bilginin pe\u015finden ko\u015fmu\u015f, onurlu bir ya\u015fam s\u00fcrm\u00fc\u015f ve gelecek ku\u015faklara b\u0131rakt\u0131\u011f\u0131 mirasla \u00f6l\u00fcms\u00fczle\u015fen, tanr\u0131lar\u0131n k\u00f6lesi olmay\u0131 reddeden ilk kahraman&#8230; G\u00fcn\u00fcm\u00fczden yakla\u015f\u0131k 4.300 y\u0131l \u00f6nce yaz\u0131lm\u0131\u015f, bilinen en eski yaz\u0131nsal metin G\u0131lgam\u0131\u015f Destan\u0131. \u00d6l\u00fcms\u00fczl\u00fck, bilgelik, karde\u015flik ve kahramanl\u0131k \u00fcst\u00fcne bu destan\u0131 Bilgin Adal\u0131 gen\u00e7ler i\u00e7in yeniden yazd\u0131. \ufffc<\/p>\n","protected":false},"excerpt":{"rendered":"<p>Gelmi\u015f ge\u00e7mi\u015f en b\u00fcy\u00fck kahramanlardan biri G\u0131lgam\u0131\u015f&#8230; \u0130yi bir h\u00fck\u00fcmdar, g\u00fc\u00e7l\u00fc bir sava\u015f\u00e7\u0131 ve en \u00f6nemlisi bilge bir ki\u015filik&#8230; \u00d6l\u00fcme kar\u015f\u0131 \u00e7\u0131kmak i\u00e7in b\u00fcy\u00fck \u00e7abalar harcam\u0131\u015f,<span class=\"excerpt-hellip\"> [\u2026]<\/span><\/p>\n","protected":false},"featured_media":0,"template":"","meta":{"_monsterinsights_skip_tracking":false,"_monsterinsights_sitenote_active":false,"_monsterinsights_sitenote_note":"","_monsterinsights_sitenote_category":0},"product_brand":[],"product_cat":[12291,13706],"product_tag":[],"class_list":{"0":"post-694001","1":"product","2":"type-product","3":"status-publish","5":"product_cat-edebiyat","6":"product_cat-efsane-destan-masal","7":"pa_cilt-ciltsiz","8":"pa_tur-kitap","9":"pa_yayinevi-yapi-kredi-yayinlari","10":"pa_yazar-bilgin-adali","12":"first","13":"instock","14":"sale","15":"shipping-taxable","16":"purchasable","17":"product-type-simple"},"_links":{"self":[{"href":"https:\/\/roveyayinevi.com.tr\/index.php\/wp-json\/wp\/v2\/product\/694001","targetHints":{"allow":["GET"]}}],"collection":[{"href":"https:\/\/roveyayinevi.com.tr\/index.php\/wp-json\/wp\/v2\/product"}],"about":[{"href":"https:\/\/roveyayinevi.com.tr\/index.php\/wp-json\/wp\/v2\/types\/product"}],"wp:attachment":[{"href":"https:\/\/roveyayinevi.com.tr\/index.php\/wp-json\/wp\/v2\/media?parent=694001"}],"wp:term":[{"taxonomy":"product_brand","embeddable":true,"href":"https:\/\/roveyayinevi.com.tr\/index.php\/wp-json\/wp\/v2\/product_brand?post=694001"},{"taxonomy":"product_cat","embeddable":true,"href":"https:\/\/roveyayinevi.com.tr\/index.php\/wp-json\/wp\/v2\/product_cat?post=694001"},{"taxonomy":"product_tag","embeddable":true,"href":"https:\/\/roveyayinevi.com.tr\/index.php\/wp-json\/wp\/v2\/product_tag?post=694001"}],"curies":[{"name":"wp","href":"https:\/\/api.w.org\/{rel}","templated":true}]}}