{"id":693999,"date":"2025-08-27T14:17:57","date_gmt":"2025-08-27T11:17:57","guid":{"rendered":"https:\/\/roveyayinevi.com.tr\/index.php\/urun\/goge-bakma-duragi-secme-siirler\/"},"modified":"2026-04-16T02:03:52","modified_gmt":"2026-04-15T23:03:52","slug":"goge-bakma-duragi-secme-siirler","status":"publish","type":"product","link":"https:\/\/roveyayinevi.com.tr\/index.php\/urun\/goge-bakma-duragi-secme-siirler\/","title":{"rendered":"G\u00f6\u011fe Bakma Dura\u011f\u0131 &#8211; Se\u00e7me \u015eiirler"},"content":{"rendered":"<p>\u0130kimiz birden sevinebiliriz g\u00f6\u011fe bakal\u0131m \u015eu ka\u00e7amak \u0131\u015f\u0131klardan \u015fu \u015feker kam\u0131\u015flar\u0131ndan Bebe di\u015flerinden g\u00fcne\u015flerden yaban otlar\u0131ndan Durmadan harcad\u0131\u011f\u0131m \u015fu g\u00f6zlerimi al kurtar \u015eu aran\u0131p duran korkak ellerimi tut Bu evleri atla bu evleri de bunlar\u0131 da G\u00f6\u011fe bakal\u0131m<\/p>\n","protected":false},"excerpt":{"rendered":"<p>\u0130kimiz birden sevinebiliriz g\u00f6\u011fe bakal\u0131m \u015eu ka\u00e7amak \u0131\u015f\u0131klardan \u015fu \u015feker kam\u0131\u015flar\u0131ndan Bebe di\u015flerinden g\u00fcne\u015flerden yaban otlar\u0131ndan Durmadan harcad\u0131\u011f\u0131m \u015fu g\u00f6zlerimi al kurtar \u015eu aran\u0131p duran korkak<span class=\"excerpt-hellip\"> [\u2026]<\/span><\/p>\n","protected":false},"featured_media":0,"template":"","meta":{"_monsterinsights_skip_tracking":false,"_monsterinsights_sitenote_active":false,"_monsterinsights_sitenote_note":"","_monsterinsights_sitenote_category":0},"product_brand":[],"product_cat":[13835],"product_tag":[],"class_list":{"0":"post-693999","1":"product","2":"type-product","3":"status-publish","5":"product_cat-cok-satanlar","6":"pa_cilt-ciltsiz","7":"pa_tur-kitap","8":"pa_yayinevi-yapi-kredi-yayinlari","9":"pa_yazar-turgut-uyar","11":"first","12":"instock","13":"sale","14":"shipping-taxable","15":"purchasable","16":"product-type-simple"},"_links":{"self":[{"href":"https:\/\/roveyayinevi.com.tr\/index.php\/wp-json\/wp\/v2\/product\/693999","targetHints":{"allow":["GET"]}}],"collection":[{"href":"https:\/\/roveyayinevi.com.tr\/index.php\/wp-json\/wp\/v2\/product"}],"about":[{"href":"https:\/\/roveyayinevi.com.tr\/index.php\/wp-json\/wp\/v2\/types\/product"}],"wp:attachment":[{"href":"https:\/\/roveyayinevi.com.tr\/index.php\/wp-json\/wp\/v2\/media?parent=693999"}],"wp:term":[{"taxonomy":"product_brand","embeddable":true,"href":"https:\/\/roveyayinevi.com.tr\/index.php\/wp-json\/wp\/v2\/product_brand?post=693999"},{"taxonomy":"product_cat","embeddable":true,"href":"https:\/\/roveyayinevi.com.tr\/index.php\/wp-json\/wp\/v2\/product_cat?post=693999"},{"taxonomy":"product_tag","embeddable":true,"href":"https:\/\/roveyayinevi.com.tr\/index.php\/wp-json\/wp\/v2\/product_tag?post=693999"}],"curies":[{"name":"wp","href":"https:\/\/api.w.org\/{rel}","templated":true}]}}